{"id":3814,"date":"2023-09-10T09:01:19","date_gmt":"2023-09-10T09:01:19","guid":{"rendered":"https:\/\/gulec.com\/flammschutzmittel-fuer-laminierungen\/"},"modified":"2026-03-18T18:07:07","modified_gmt":"2026-03-18T18:07:07","slug":"flammschutzmittel-fuer-laminierungen","status":"publish","type":"page","link":"https:\/\/gulec.com\/de\/flammschutzmittel-fuer-laminierungen\/","title":{"rendered":"Flammschutzmittel f\u00fcr Laminierungen"},"content":{"rendered":"<div class=\"gb-container gb-container-b914e7c6\">\n<div class=\"gb-container gb-container-1499a3f2 alignfull\">\n<div class=\"gb-container gb-container-fd148199\">\n<div class=\"gb-container gb-container-d9a23622\">\n\n<h3 class=\"gb-headline gb-headline-d5445703 gb-headline-text\">GERPHOS FLAMMSCHUTZSYSTEME DER N\u00c4CHSTEN GENERATION F\u00dcR LAMINIERANWENDUNGEN<\/h3>\n\n<\/div>\n\n<div class=\"gb-container gb-container-75b3d4db\">\n\n<h1 class=\"gb-headline gb-headline-f50a165b gb-headline-text\">Sichere, toxikologisch unbedenkliche und halogenfreie Flammschutzsysteme f\u00fcr Laminieranwendungen, die auch anspruchsvollste Brandschutznormen erf\u00fcllen<\/h1>\n\n<\/div>\n<\/div>\n<\/div>\n\n<div class=\"gb-container gb-container-432c1bcb\">\n<div class=\"gb-container gb-container-7b83615b\">\n<div class=\"yoast-breadcrumbs\"><span><span><a href=\"https:\/\/gl.gulec.com\/de\/\">Home<\/a><\/span> \u00bb <span class=\"breadcrumb_last\" aria-current=\"page\">Flammschutzmittel f\u00fcr Laminierungen<\/span><\/span><\/div>\n<\/div>\n<\/div>\n\n<div class=\"gb-container gb-container-77d991c2\">\n<div class=\"gb-container gb-container-5df1d638\">\n<div class=\"gb-container gb-container-fbcda463\">\n\n<h2 class=\"gb-headline gb-headline-9bc41705 gb-headline-text\">GERPHOS Flammschutzsysteme der n\u00e4chsten Generation f\u00fcr Laminieranwendungen <\/h2>\n\n\n\n<p><br\/>Die Laminierung ist ein Verfahren zur Beschichtung und zum Schutz von Dokumenten, Fotografien und zahlreichen weiteren Materialien und steht heute f\u00fcr Langlebigkeit und Werterhalt. Die mehrschichtige Struktur sch\u00fctzt nicht nur sensible Inhalte, sondern wird auch in industriellen Anwendungen eingesetzt, um Oberfl\u00e4chen eine erh\u00f6hte Best\u00e4ndigkeit gegen\u00fcber mechanischer Beanspruchung, UV-Strahlung und Umwelteinfl\u00fcssen zu verleihen.<br\/>In Branchen wie M\u00f6bel, Bodenbel\u00e4gen und Verpackungen verbinden laminierte Materialien gestalterische Anforderungen mit funktionaler Leistungsf\u00e4higkeit. Unterschiedliche Oberfl\u00e4chen \u2013 von gl\u00e4nzend \u00fcber matt bis strukturiert \u2013 erm\u00f6glichen sowohl die Nachbildung nat\u00fcrlicher Materialien als auch die Darstellung hochwertiger Dekore bei gleichzeitigem Schutz der Oberfl\u00e4che.<br\/>Eine zentrale Herausforderung bleibt jedoch das Brandverhalten. Aufgrund der vielf\u00e4ltigen Einsatzbereiche sind laminierte Produkte h\u00e4ufig potenziellen Brandrisiken ausgesetzt. Entsprechend m\u00fcssen diese Materialien nicht nur langlebig und optisch ansprechend, sondern auch im Brandfall sicher und normgerecht ausgelegt sein.<br\/>Die gezielte Verbindung von \u00c4sthetik, Funktionalit\u00e4t und Brandschutz stellt damit einen wesentlichen Entwicklungsschwerpunkt moderner Laminiertechnologien dar.       <br\/><br\/>GERPHOS Flammschutzsysteme der n\u00e4chsten Generation verbessern das Brandverhalten von Laminierprozessen und -materialien signifikant. Durch die Integration in die Flammschutzformulierung zeigen laminierte Produkte eine deutlich reduzierte Entz\u00fcndbarkeit und geringere Flammenausbreitung.<br\/>Dies ist insbesondere f\u00fcr Anwendungen mit erh\u00f6htem Brandrisiko relevant, da die Materialien ihre strukturelle Integrit\u00e4t und optischen Eigenschaften beibehalten und gleichzeitig anspruchsvolle Brandschutznormen erf\u00fcllen.  <\/p>\n\n\n<div class=\"gb-container gb-container-4783c66a\">\n<div class=\"gb-container gb-container-80e4a8bd\">\n<div class=\"gb-container gb-container-417b0e7d\">\n\n<figure class=\"gb-block-image gb-block-image-3f68814e\"><img decoding=\"async\" width=\"954\" height=\"206\" class=\"gb-image gb-image-3f68814e\" src=\"http:\/\/gulec.com\/wp-content\/uploads\/2023\/09\/gerphos-logo.png\" alt=\"GERPHOS Flammschutzmittel der n\u00e4chsten Generation\" title=\"gerphos-logo\" srcset=\"https:\/\/gulec.com\/wp-content\/uploads\/2023\/09\/gerphos-logo.png 954w, https:\/\/gulec.com\/wp-content\/uploads\/2023\/09\/gerphos-logo-300x65.png 300w, https:\/\/gulec.com\/wp-content\/uploads\/2023\/09\/gerphos-logo-768x166.png 768w\" sizes=\"(max-width: 954px) 100vw, 954px\" \/><\/figure>\n\n\n<div class=\"gb-container gb-container-177cbb2a\">\n<h5 class=\"gb-headline gb-headline-b588d56c gb-headline-text\">Flammschutzmittel f\u00fcr Laminierungen<\/h5>\n<\/div>\n<\/div>\n\n<div class=\"gb-container gb-container-13c504e4\">\n\n<figure class=\"gb-block-image gb-block-image-b5d997d9\"><img decoding=\"async\" width=\"2560\" height=\"1707\" class=\"gb-image gb-image-b5d997d9\" src=\"http:\/\/gulec.com\/wp-content\/uploads\/2023\/10\/Gulec_Flame_Retardants_Lamination_Fire_Retardant-scaled.jpg\" alt=\"Flame Retardants Halogen Free Fire Retardants Lamination Fire Standard\" title=\"Gulec_Flame_Retardants_Lamination_Fire_Retardant\" srcset=\"https:\/\/gulec.com\/wp-content\/uploads\/2023\/10\/Gulec_Flame_Retardants_Lamination_Fire_Retardant-scaled.jpg 2560w, https:\/\/gulec.com\/wp-content\/uploads\/2023\/10\/Gulec_Flame_Retardants_Lamination_Fire_Retardant-300x200.jpg 300w, https:\/\/gulec.com\/wp-content\/uploads\/2023\/10\/Gulec_Flame_Retardants_Lamination_Fire_Retardant-1024x683.jpg 1024w, https:\/\/gulec.com\/wp-content\/uploads\/2023\/10\/Gulec_Flame_Retardants_Lamination_Fire_Retardant-768x512.jpg 768w, https:\/\/gulec.com\/wp-content\/uploads\/2023\/10\/Gulec_Flame_Retardants_Lamination_Fire_Retardant-1536x1024.jpg 1536w, https:\/\/gulec.com\/wp-content\/uploads\/2023\/10\/Gulec_Flame_Retardants_Lamination_Fire_Retardant-2048x1365.jpg 2048w\" sizes=\"(max-width: 2560px) 100vw, 2560px\" \/>\n<figcaption class=\"gb-headline gb-headline-ff5aaf17 gb-headline-text\"\/>\n<\/figure>\n\n<\/div>\n<\/div>\n<\/div>\n<\/div>\n\n<div class=\"gb-container gb-container-369d255f\">\n<div class=\"gb-container gb-container-a5845aa2\">\n\n<h4 class=\"gb-headline gb-headline-42eb3dfa gb-headline-text\">ANWENDUNG IN <\/h4>\n\n\n<div class=\"gb-container gb-container-7ebf470b\">\n<div class=\"gb-container gb-container-8436483b\"><a class=\"gb-container-link\" href=\"https:\/\/gulec.com\/\/index.php\/resins-production-methods\/ldpe-hdpe-flame-retardants\/\"><\/a>\n\n<h5 class=\"gb-headline gb-headline-985218ad\"><span class=\"gb-icon\"><svg xmlns=\"http:\/\/www.w3.org\/2000\/svg\" viewbox=\"0 0 139.7 139.76\" version=\"1.1\" style=\"enable-background:new 0 0 139.7 139.76\" y=\"0\" x=\"0\" id=\"Layer_1\" xml:space=\"preserve\"><style>.st0{fill:#e63e28}<\/style><path class=\"st0\" d=\"M38.78 139.6c-3.58 0-6.95-1.39-9.49-3.92a13.306 13.306 0 0 1-3.86-7.97l-.08-.05-.01-1.43L25.12 0l61.01 60.78c4.93 4.91 7.65 11.44 7.66 18.4.01 6.96-2.68 13.5-7.59 18.43l-37.9 38.04a13.387 13.387 0 0 1-9.5 3.96c-.01-.01-.02-.01-.02-.01zm-8.45-14.21.01.83c.01 2.24.89 4.35 2.48 5.93a8.372 8.372 0 0 0 5.96 2.46h.02c2.25 0 4.37-.89 5.96-2.48l37.9-38.04c3.97-3.98 6.15-9.27 6.14-14.89a20.92 20.92 0 0 0-6.19-14.87L30.14 12.06l.19 113.33z\"><\/path><path class=\"st0\" d=\"M105.57 139.76c-2.99 0-5.8-1.16-7.92-3.27l-30.33-30.21a21.115 21.115 0 0 1-6.26-15.03c-.01-5.68 2.19-11.03 6.2-15.05l49.32-49.5.22 103.51-.14.06c-.36 2.34-1.44 4.49-3.14 6.2-2.12 2.12-4.93 3.3-7.93 3.3 0-.01-.01-.01-.02-.01zm6.04-101-40.8 40.96a16.145 16.145 0 0 0-4.74 11.51c.01 4.35 1.71 8.43 4.79 11.5l30.33 30.21a6.173 6.173 0 0 0 4.39 1.82h.01c1.66 0 3.22-.65 4.4-1.83a6.14 6.14 0 0 0 1.81-4.38v-1.57l-.19-88.22z\"><\/path><path class=\"st0\" d=\"M130.68 139.7c-2.3 0-4.61-.88-6.37-2.63l-22.66-22.57c-6.45-6.43-6.47-16.92-.04-23.37l37.92-38.07.17 79.05-.13.08a9.014 9.014 0 0 1-2.5 4.86 9.045 9.045 0 0 1-6.39 2.65zm3.88-74.56-29.41 29.52c-4.48 4.5-4.47 11.81.03 16.3l22.66 22.57c1.57 1.56 4.12 1.56 5.68-.01.75-.75 1.17-1.76 1.17-2.83v-1.08l-.13-64.47zM9.92 138.79c-2.6 0-5.05-1.01-6.9-2.85a9.686 9.686 0 0 1-2.73-5.26l-.14-.07-.01-1.54L0 43.14l41.98 41.82c7.09 7.06 7.11 18.58.05 25.67l-25.19 25.28a9.722 9.722 0 0 1-6.91 2.88h-.01zm-4.78-10.5.01.76c.01 1.27.5 2.46 1.4 3.35.9.9 2.1 1.39 3.37 1.39h.01c1.28 0 2.47-.5 3.37-1.4l25.19-25.28c5.12-5.14 5.1-13.48-.03-18.59L5.02 55.2l.12 73.09z\"><\/path><\/svg><\/span><span class=\"gb-headline-text\">LDPE\/HDPE<\/span><\/h5>\n\n<\/div>\n\n<div class=\"gb-container gb-container-cdd8eaab\"><a class=\"gb-container-link\" href=\"https:\/\/gulec.com\/\/index.php\/resins-production-methods\/tpu-flame-retardants\/\"><\/a>\n\n<h5 class=\"gb-headline gb-headline-27b24d7c\"><span class=\"gb-icon\"><svg xmlns=\"http:\/\/www.w3.org\/2000\/svg\" viewbox=\"0 0 139.7 139.76\" version=\"1.1\" style=\"enable-background:new 0 0 139.7 139.76\" y=\"0\" x=\"0\" id=\"Layer_1\" xml:space=\"preserve\"><style>.st0{fill:#e63e28}<\/style><path class=\"st0\" d=\"M38.78 139.6c-3.58 0-6.95-1.39-9.49-3.92a13.306 13.306 0 0 1-3.86-7.97l-.08-.05-.01-1.43L25.12 0l61.01 60.78c4.93 4.91 7.65 11.44 7.66 18.4.01 6.96-2.68 13.5-7.59 18.43l-37.9 38.04a13.387 13.387 0 0 1-9.5 3.96c-.01-.01-.02-.01-.02-.01zm-8.45-14.21.01.83c.01 2.24.89 4.35 2.48 5.93a8.372 8.372 0 0 0 5.96 2.46h.02c2.25 0 4.37-.89 5.96-2.48l37.9-38.04c3.97-3.98 6.15-9.27 6.14-14.89a20.92 20.92 0 0 0-6.19-14.87L30.14 12.06l.19 113.33z\"><\/path><path class=\"st0\" d=\"M105.57 139.76c-2.99 0-5.8-1.16-7.92-3.27l-30.33-30.21a21.115 21.115 0 0 1-6.26-15.03c-.01-5.68 2.19-11.03 6.2-15.05l49.32-49.5.22 103.51-.14.06c-.36 2.34-1.44 4.49-3.14 6.2-2.12 2.12-4.93 3.3-7.93 3.3 0-.01-.01-.01-.02-.01zm6.04-101-40.8 40.96a16.145 16.145 0 0 0-4.74 11.51c.01 4.35 1.71 8.43 4.79 11.5l30.33 30.21a6.173 6.173 0 0 0 4.39 1.82h.01c1.66 0 3.22-.65 4.4-1.83a6.14 6.14 0 0 0 1.81-4.38v-1.57l-.19-88.22z\"><\/path><path class=\"st0\" d=\"M130.68 139.7c-2.3 0-4.61-.88-6.37-2.63l-22.66-22.57c-6.45-6.43-6.47-16.92-.04-23.37l37.92-38.07.17 79.05-.13.08a9.014 9.014 0 0 1-2.5 4.86 9.045 9.045 0 0 1-6.39 2.65zm3.88-74.56-29.41 29.52c-4.48 4.5-4.47 11.81.03 16.3l22.66 22.57c1.57 1.56 4.12 1.56 5.68-.01.75-.75 1.17-1.76 1.17-2.83v-1.08l-.13-64.47zM9.92 138.79c-2.6 0-5.05-1.01-6.9-2.85a9.686 9.686 0 0 1-2.73-5.26l-.14-.07-.01-1.54L0 43.14l41.98 41.82c7.09 7.06 7.11 18.58.05 25.67l-25.19 25.28a9.722 9.722 0 0 1-6.91 2.88h-.01zm-4.78-10.5.01.76c.01 1.27.5 2.46 1.4 3.35.9.9 2.1 1.39 3.37 1.39h.01c1.28 0 2.47-.5 3.37-1.4l25.19-25.28c5.12-5.14 5.1-13.48-.03-18.59L5.02 55.2l.12 73.09z\"><\/path><\/svg><\/span><span class=\"gb-headline-text\">TPU<\/span><\/h5>\n\n<\/div>\n<\/div>\n<\/div>\n<\/div>\n<\/div>\n<\/div>\n\n<div class=\"gb-container gb-container-3b3c508f\">\n<div class=\"gb-container gb-container-90349f9a\">\n<div class=\"gb-container gb-container-778dbf33\">\n<div class=\"gb-container gb-container-b97d04ed\">\n\n<h4 class=\"gb-headline gb-headline-8ea92d30 gb-headline-text\">liefern flammhemmende Materialien, HERGESTELLT MIT Laminierung<\/h4>\n\n\n\n<h2 class=\"gb-headline gb-headline-0a522bd1 gb-headline-text\">Testen und profitieren Sie von GERPHOS-Flammschutzmitteln, die f\u00fcr die Laminierung optimiert wurden<\/h2>\n\n\n\n<a class=\"gb-button gb-button-6eefd8ad gb-button-text\" href=\"https:\/\/gulec.com\/contact\/#contactbox\">Kostenlose Beratung buchen<\/a>\n\n<\/div>\n\n<div class=\"gb-container gb-container-616ffa0c\">\n\n<h4 class=\"gb-headline gb-headline-aec8225e gb-headline-text\">Bleiben Sie auf dem Laufenden \u00fcber Innovationen im Bereich Flammschutz f\u00fcr Laminierungen <\/h4>\n\n\n\n<h2 class=\"gb-headline gb-headline-ef724048 gb-headline-text\">Abonnieren Sie unseren Newsletter<\/h2>\n\n\n\n<\/div>\n<\/div>\n<\/div>\n<\/div>\n<\/div>","protected":false},"excerpt":{"rendered":"<p>GERPHOS FLAMMSCHUTZSYSTEME DER N\u00c4CHSTEN GENERATION F\u00dcR LAMINIERANWENDUNGEN Sichere, toxikologisch unbedenkliche und halogenfreie Flammschutzsysteme f\u00fcr Laminieranwendungen, die auch anspruchsvollste Brandschutznormen erf\u00fcllen GERPHOS Flammschutzsysteme der n\u00e4chsten Generation f\u00fcr Laminieranwendungen Die Laminierung ist ein Verfahren zur Beschichtung und zum Schutz von Dokumenten, Fotografien und zahlreichen weiteren Materialien und steht heute f\u00fcr Langlebigkeit und Werterhalt. Die mehrschichtige Struktur sch\u00fctzt &#8230; <\/p>\n<p class=\"read-more-container\"><a title=\"Flammschutzmittel f\u00fcr Laminierungen\" class=\"read-more button\" href=\"https:\/\/gulec.com\/de\/flammschutzmittel-fuer-laminierungen\/#more-3814\" aria-label=\"Mehr Informationen \u00fcber Flammschutzmittel f\u00fcr Laminierungen\">Weiterlesen &#8230;<\/a><\/p>\n","protected":false},"author":1,"featured_media":0,"parent":0,"menu_order":0,"comment_status":"closed","ping_status":"closed","template":"","meta":{"_acf_changed":false,"footnotes":""},"class_list":["post-3814","page","type-page","status-publish"],"acf":[],"yoast_head":"<!-- This site is optimized with the Yoast SEO Premium plugin v27.1 (Yoast SEO v27.2) - https:\/\/yoast.com\/product\/yoast-seo-premium-wordpress\/ -->\n<title>Flammschutzmittel f\u00fcr Laminierungen - Gulec Chemicals<\/title>\n<meta name=\"description\" content=\"Tauchen Sie ein in die Welt der GERPHOS-optimierten Flammschutzmittel f\u00fcr Laminierungen. Kombinieren Sie \u00c4sthetik und Widerstandsf\u00e4higkeit in Laminaten und erf\u00fcllen Sie dabei h\u00f6chste Brandschutzstandards.\" \/>\n<meta name=\"robots\" content=\"index, follow, max-snippet:-1, max-image-preview:large, max-video-preview:-1\" \/>\n<link rel=\"canonical\" href=\"https:\/\/gulec.com\/de\/flammschutzmittel-fuer-laminierungen\/\" \/>\n<meta property=\"og:locale\" content=\"de_DE\" \/>\n<meta property=\"og:type\" content=\"article\" \/>\n<meta property=\"og:title\" content=\"Flammschutzmittel f\u00fcr Laminierungen\" \/>\n<meta property=\"og:description\" content=\"Tauchen Sie ein in die Welt der GERPHOS-optimierten Flammschutzmittel f\u00fcr Laminierungen. Kombinieren Sie \u00c4sthetik und Widerstandsf\u00e4higkeit in Laminaten und erf\u00fcllen Sie dabei h\u00f6chste Brandschutzstandards.\" \/>\n<meta property=\"og:url\" content=\"https:\/\/gulec.com\/de\/flammschutzmittel-fuer-laminierungen\/\" \/>\n<meta property=\"og:site_name\" content=\"Gulec Chemicals\" \/>\n<meta property=\"article:publisher\" content=\"https:\/\/www.facebook.com\/gulecchemicals\/\" \/>\n<meta property=\"article:modified_time\" content=\"2026-03-18T18:07:07+00:00\" \/>\n<meta property=\"og:image\" content=\"http:\/\/gulec.com\/wp-content\/uploads\/2023\/09\/gerphos-logo.png\" \/>\n<meta name=\"twitter:card\" content=\"summary_large_image\" \/>\n<meta name=\"twitter:label1\" content=\"Gesch\u00e4tzte Lesezeit\" \/>\n\t<meta name=\"twitter:data1\" content=\"2\u00a0Minuten\" \/>\n<script type=\"application\/ld+json\" class=\"yoast-schema-graph\">{\"@context\":\"https:\/\/schema.org\",\"@graph\":[{\"@type\":\"WebPage\",\"@id\":\"https:\/\/gulec.com\/de\/flammschutzmittel-fuer-laminierungen\/\",\"url\":\"https:\/\/gulec.com\/de\/flammschutzmittel-fuer-laminierungen\/\",\"name\":\"Flammschutzmittel f\u00fcr Laminierungen - Gulec Chemicals\",\"isPartOf\":{\"@id\":\"https:\/\/webmail.gulec.es\/#website\"},\"primaryImageOfPage\":{\"@id\":\"https:\/\/gulec.com\/de\/flammschutzmittel-fuer-laminierungen\/#primaryimage\"},\"image\":{\"@id\":\"https:\/\/gulec.com\/de\/flammschutzmittel-fuer-laminierungen\/#primaryimage\"},\"thumbnailUrl\":\"http:\/\/gulec.com\/wp-content\/uploads\/2023\/09\/gerphos-logo.png\",\"datePublished\":\"2023-09-10T09:01:19+00:00\",\"dateModified\":\"2026-03-18T18:07:07+00:00\",\"description\":\"Tauchen Sie ein in die Welt der GERPHOS-optimierten Flammschutzmittel f\u00fcr Laminierungen. Kombinieren Sie \u00c4sthetik und Widerstandsf\u00e4higkeit in Laminaten und erf\u00fcllen Sie dabei h\u00f6chste Brandschutzstandards.\",\"breadcrumb\":{\"@id\":\"https:\/\/gulec.com\/de\/flammschutzmittel-fuer-laminierungen\/#breadcrumb\"},\"inLanguage\":\"de\",\"potentialAction\":[{\"@type\":\"ReadAction\",\"target\":[\"https:\/\/gulec.com\/de\/flammschutzmittel-fuer-laminierungen\/\"]}]},{\"@type\":\"ImageObject\",\"inLanguage\":\"de\",\"@id\":\"https:\/\/gulec.com\/de\/flammschutzmittel-fuer-laminierungen\/#primaryimage\",\"url\":\"http:\/\/gulec.com\/wp-content\/uploads\/2023\/09\/gerphos-logo.png\",\"contentUrl\":\"http:\/\/gulec.com\/wp-content\/uploads\/2023\/09\/gerphos-logo.png\"},{\"@type\":\"BreadcrumbList\",\"@id\":\"https:\/\/gulec.com\/de\/flammschutzmittel-fuer-laminierungen\/#breadcrumb\",\"itemListElement\":[{\"@type\":\"ListItem\",\"position\":1,\"name\":\"Home\",\"item\":\"https:\/\/gl.gulec.com\/de\/\"},{\"@type\":\"ListItem\",\"position\":2,\"name\":\"Flammschutzmittel f\u00fcr Laminierungen\"}]},{\"@type\":\"WebSite\",\"@id\":\"https:\/\/webmail.gulec.es\/#website\",\"url\":\"https:\/\/webmail.gulec.es\/\",\"name\":\"Gulec Chemicals\",\"description\":\"Producer of next-generation flame retardants\",\"publisher\":{\"@id\":\"https:\/\/webmail.gulec.es\/#organization\"},\"potentialAction\":[{\"@type\":\"SearchAction\",\"target\":{\"@type\":\"EntryPoint\",\"urlTemplate\":\"https:\/\/webmail.gulec.es\/?s={search_term_string}\"},\"query-input\":{\"@type\":\"PropertyValueSpecification\",\"valueRequired\":true,\"valueName\":\"search_term_string\"}}],\"inLanguage\":\"de\"},{\"@type\":\"Organization\",\"@id\":\"https:\/\/webmail.gulec.es\/#organization\",\"name\":\"Gulec Chemicals\",\"url\":\"https:\/\/webmail.gulec.es\/\",\"logo\":{\"@type\":\"ImageObject\",\"inLanguage\":\"de\",\"@id\":\"https:\/\/webmail.gulec.es\/#\/schema\/logo\/image\/\",\"url\":\"https:\/\/gulec.com\/wp-content\/uploads\/2023\/10\/cropped-Gulec_Logo_White.png\",\"contentUrl\":\"https:\/\/gulec.com\/wp-content\/uploads\/2023\/10\/cropped-Gulec_Logo_White.png\",\"width\":1200,\"height\":372,\"caption\":\"Gulec Chemicals\"},\"image\":{\"@id\":\"https:\/\/webmail.gulec.es\/#\/schema\/logo\/image\/\"},\"sameAs\":[\"https:\/\/www.facebook.com\/gulecchemicals\/\",\"https:\/\/www.linkedin.com\/company\/gulecchem\/\",\"https:\/\/www.instagram.com\/gulecchemicals\"]}]}<\/script>\n<!-- \/ Yoast SEO Premium plugin. -->","yoast_head_json":{"title":"Flammschutzmittel f\u00fcr Laminierungen - Gulec Chemicals","description":"Tauchen Sie ein in die Welt der GERPHOS-optimierten Flammschutzmittel f\u00fcr Laminierungen. Kombinieren Sie \u00c4sthetik und Widerstandsf\u00e4higkeit in Laminaten und erf\u00fcllen Sie dabei h\u00f6chste Brandschutzstandards.","robots":{"index":"index","follow":"follow","max-snippet":"max-snippet:-1","max-image-preview":"max-image-preview:large","max-video-preview":"max-video-preview:-1"},"canonical":"https:\/\/gulec.com\/de\/flammschutzmittel-fuer-laminierungen\/","og_locale":"de_DE","og_type":"article","og_title":"Flammschutzmittel f\u00fcr Laminierungen","og_description":"Tauchen Sie ein in die Welt der GERPHOS-optimierten Flammschutzmittel f\u00fcr Laminierungen. Kombinieren Sie \u00c4sthetik und Widerstandsf\u00e4higkeit in Laminaten und erf\u00fcllen Sie dabei h\u00f6chste Brandschutzstandards.","og_url":"https:\/\/gulec.com\/de\/flammschutzmittel-fuer-laminierungen\/","og_site_name":"Gulec Chemicals","article_publisher":"https:\/\/www.facebook.com\/gulecchemicals\/","article_modified_time":"2026-03-18T18:07:07+00:00","og_image":[{"url":"http:\/\/gulec.com\/wp-content\/uploads\/2023\/09\/gerphos-logo.png","type":"","width":"","height":""}],"twitter_card":"summary_large_image","twitter_misc":{"Gesch\u00e4tzte Lesezeit":"2\u00a0Minuten"},"schema":{"@context":"https:\/\/schema.org","@graph":[{"@type":"WebPage","@id":"https:\/\/gulec.com\/de\/flammschutzmittel-fuer-laminierungen\/","url":"https:\/\/gulec.com\/de\/flammschutzmittel-fuer-laminierungen\/","name":"Flammschutzmittel f\u00fcr Laminierungen - Gulec Chemicals","isPartOf":{"@id":"https:\/\/webmail.gulec.es\/#website"},"primaryImageOfPage":{"@id":"https:\/\/gulec.com\/de\/flammschutzmittel-fuer-laminierungen\/#primaryimage"},"image":{"@id":"https:\/\/gulec.com\/de\/flammschutzmittel-fuer-laminierungen\/#primaryimage"},"thumbnailUrl":"http:\/\/gulec.com\/wp-content\/uploads\/2023\/09\/gerphos-logo.png","datePublished":"2023-09-10T09:01:19+00:00","dateModified":"2026-03-18T18:07:07+00:00","description":"Tauchen Sie ein in die Welt der GERPHOS-optimierten Flammschutzmittel f\u00fcr Laminierungen. Kombinieren Sie \u00c4sthetik und Widerstandsf\u00e4higkeit in Laminaten und erf\u00fcllen Sie dabei h\u00f6chste Brandschutzstandards.","breadcrumb":{"@id":"https:\/\/gulec.com\/de\/flammschutzmittel-fuer-laminierungen\/#breadcrumb"},"inLanguage":"de","potentialAction":[{"@type":"ReadAction","target":["https:\/\/gulec.com\/de\/flammschutzmittel-fuer-laminierungen\/"]}]},{"@type":"ImageObject","inLanguage":"de","@id":"https:\/\/gulec.com\/de\/flammschutzmittel-fuer-laminierungen\/#primaryimage","url":"http:\/\/gulec.com\/wp-content\/uploads\/2023\/09\/gerphos-logo.png","contentUrl":"http:\/\/gulec.com\/wp-content\/uploads\/2023\/09\/gerphos-logo.png"},{"@type":"BreadcrumbList","@id":"https:\/\/gulec.com\/de\/flammschutzmittel-fuer-laminierungen\/#breadcrumb","itemListElement":[{"@type":"ListItem","position":1,"name":"Home","item":"https:\/\/gl.gulec.com\/de\/"},{"@type":"ListItem","position":2,"name":"Flammschutzmittel f\u00fcr Laminierungen"}]},{"@type":"WebSite","@id":"https:\/\/webmail.gulec.es\/#website","url":"https:\/\/webmail.gulec.es\/","name":"Gulec Chemicals","description":"Producer of next-generation flame retardants","publisher":{"@id":"https:\/\/webmail.gulec.es\/#organization"},"potentialAction":[{"@type":"SearchAction","target":{"@type":"EntryPoint","urlTemplate":"https:\/\/webmail.gulec.es\/?s={search_term_string}"},"query-input":{"@type":"PropertyValueSpecification","valueRequired":true,"valueName":"search_term_string"}}],"inLanguage":"de"},{"@type":"Organization","@id":"https:\/\/webmail.gulec.es\/#organization","name":"Gulec Chemicals","url":"https:\/\/webmail.gulec.es\/","logo":{"@type":"ImageObject","inLanguage":"de","@id":"https:\/\/webmail.gulec.es\/#\/schema\/logo\/image\/","url":"https:\/\/gulec.com\/wp-content\/uploads\/2023\/10\/cropped-Gulec_Logo_White.png","contentUrl":"https:\/\/gulec.com\/wp-content\/uploads\/2023\/10\/cropped-Gulec_Logo_White.png","width":1200,"height":372,"caption":"Gulec Chemicals"},"image":{"@id":"https:\/\/webmail.gulec.es\/#\/schema\/logo\/image\/"},"sameAs":["https:\/\/www.facebook.com\/gulecchemicals\/","https:\/\/www.linkedin.com\/company\/gulecchem\/","https:\/\/www.instagram.com\/gulecchemicals"]}]}},"_links":{"self":[{"href":"https:\/\/gulec.com\/de\/wp-json\/wp\/v2\/pages\/3814","targetHints":{"allow":["GET"]}}],"collection":[{"href":"https:\/\/gulec.com\/de\/wp-json\/wp\/v2\/pages"}],"about":[{"href":"https:\/\/gulec.com\/de\/wp-json\/wp\/v2\/types\/page"}],"author":[{"embeddable":true,"href":"https:\/\/gulec.com\/de\/wp-json\/wp\/v2\/users\/1"}],"replies":[{"embeddable":true,"href":"https:\/\/gulec.com\/de\/wp-json\/wp\/v2\/comments?post=3814"}],"version-history":[{"count":6,"href":"https:\/\/gulec.com\/de\/wp-json\/wp\/v2\/pages\/3814\/revisions"}],"predecessor-version":[{"id":3831,"href":"https:\/\/gulec.com\/de\/wp-json\/wp\/v2\/pages\/3814\/revisions\/3831"}],"wp:attachment":[{"href":"https:\/\/gulec.com\/de\/wp-json\/wp\/v2\/media?parent=3814"}],"curies":[{"name":"wp","href":"https:\/\/api.w.org\/{rel}","templated":true}]}}