{"id":3845,"date":"2023-12-01T12:20:55","date_gmt":"2023-12-01T12:20:55","guid":{"rendered":"https:\/\/gulec.com\/cpai-84-brandschutzstandard\/"},"modified":"2026-04-09T15:20:11","modified_gmt":"2026-04-09T15:20:11","slug":"cpai-84-brandschutzstandard","status":"publish","type":"page","link":"https:\/\/gulec.com\/de\/brandschutznormen\/cpai-84-brandschutzstandard\/","title":{"rendered":"CPAI-84 Brandpr\u00fcfnorm"},"content":{"rendered":"<div class=\"gb-container gb-container-0aaf3771\">\n<div class=\"gb-container gb-container-b914e7c6\">\n<div class=\"gb-container gb-container-1499a3f2 alignfull\">\n<div class=\"gb-container gb-container-fd148199\">\n<div class=\"gb-container gb-container-d9a23622\">\n\n<h3 class=\"gb-headline gb-headline-d5445703 gb-headline-text\">BRANDPR\u00dcFNORM<\/h3>\n\n<\/div>\n\n<div class=\"gb-container gb-container-75b3d4db\">\n\n<h1 class=\"gb-headline gb-headline-f50a165b gb-headline-text\">CPAI-84 Brandpr\u00fcfnorm f\u00fcr Camping- und Zeltstoffe<\/h1>\n\n<\/div>\n<\/div>\n<\/div>\n\n<div class=\"gb-container gb-container-77d991c2\">\n<div class=\"gb-container gb-container-48b23fd9\">\n<div class=\"gb-container gb-container-fbcda463\">\n\n<h2 class=\"gb-headline gb-headline-9bc41705 gb-headline-text\">CPAI-84 Brandpr\u00fcfnorm f\u00fcr Camping- und Zeltstoffe<\/h2>\n\n\n\n<p class=\"has-global-color-1-color has-text-color has-link-color wp-elements-c64fbbf7c6960ae24d14772cce3106da\">CPAI-84, oft als der internationale Standard der <a href=\"https:\/\/canvaszone7.com\/\" target=\"_blank\" rel=\"noreferrer noopener\">Canvas Products Association<\/a> bezeichnet, ist eine weit anerkannte Brandpr\u00fcfnorm f\u00fcr Campingzelte und verwandte Outdoor-Stoffprodukte. Sie legt Pr\u00fcfmethoden und Anforderungen an die Entflammbarkeit von Zeltstoffen fest, um die Sicherheit von Campingausr\u00fcstung zu erh\u00f6hen. <\/p>\n\n<\/div>\n\n<div class=\"gb-container gb-container-d419f55d\">\n<div class=\"gb-container gb-container-53d79789\">\n\n<h5 class=\"gb-headline gb-headline-82dcff69 gb-headline-text\">Pr\u00fcfmuster<\/h5>\n\n\n\n<p class=\"has-global-color-1-color has-text-color has-link-color wp-elements-3fa28c741239a71c2b69ae7add7d6d8b\">Der CPAI-84-Standard umfasst die Pr\u00fcfung von Proben von Zeltmaterialien, einschlie\u00dflich Stoffen und Beschichtungen. Diese Materialien werden einer Flamme ausgesetzt, und der Test misst die Brenngeschwindigkeit, Flammenausbreitung und Verkohlungsl\u00e4nge, um die Feuerbest\u00e4ndigkeit des Materials zu beurteilen. <\/p>\n\n<\/div>\n\n<div class=\"gb-container gb-container-a4adf440\">\n\n<h5 class=\"gb-headline gb-headline-d2474078 gb-headline-text\">ANWENDUNG<\/h5>\n\n\n\n<p class=\"has-global-color-1-color has-text-color has-link-color wp-elements-8b9c19ea4defbf70709608bce3e884f8\">Dieser Standard ist in der Outdoor- und Campingbranche von entscheidender Bedeutung. Hersteller von Zelten, Markisen und anderen Camping-Stoffprodukten verwenden CPAI-84, um sicherzustellen, dass ihre Artikel sicher sind und das Brandrisiko in Outdoor-Umgebungen minimieren. <\/p>\n\n<\/div>\n\n<div class=\"gb-container gb-container-c7e9f2e6\">\n\n<h5 class=\"gb-headline gb-headline-95892b13 gb-headline-text\">KLASSIFIZIERUNG<\/h5>\n\n\n\n<p class=\"has-global-color-1-color has-text-color has-link-color wp-elements-245033d8a6b839abb05db66ad3538a46\">Stoffe, die die CPAI-84-Pr\u00fcfung bestehen, werden nach ihrer Entflammbarkeitsleistung klassifiziert. Diese Klassifizierung ist f\u00fcr Hersteller unerl\u00e4sslich, um zu zertifizieren, dass ihre Campingprodukte f\u00fcr den Verbrauchergebrauch sicher sind und den Brandschutzstandards entsprechen. <\/p>\n\n<\/div>\n\n<div class=\"gb-container gb-container-3a75fabf\">\n\n<h5 class=\"gb-headline gb-headline-c7d4955b gb-headline-text\">KONFORMIT\u00c4T<\/h5>\n\n\n\n<p>Die Einhaltung von CPAI-84 ist oft f\u00fcr in den Vereinigten Staaten verkaufte Campingprodukte vorgeschrieben und ein Ma\u00dfstab f\u00fcr den Brandschutz bei Outdoor-Stoffen. Hersteller m\u00fcssen diesen Standard einhalten, um Produktsicherheit und Verbrauchervertrauen zu gew\u00e4hrleisten. <\/p>\n\n<\/div>\n\n<div class=\"gb-container gb-container-a44a3e47\">\n\n<h5 class=\"gb-headline gb-headline-a1e039cc gb-headline-text\">GLOBALE ANERKENNUNG<\/h5>\n\n\n\n<p>Obwohl CPAI-84 prim\u00e4r ein US-Standard ist, sind seine Kriterien auf dem globalen Markt f\u00fcr Campingausr\u00fcstung anerkannt. Die Einhaltung dieses Standards gilt international als Zeichen f\u00fcr Qualit\u00e4t und Sicherheit bei Campingprodukten. <\/p>\n\n<\/div>\n<\/div>\n\n<div class=\"gb-container gb-container-66e376a7\">\n<div class=\"gb-container gb-container-a5845aa2\">\n\n<h5 class=\"gb-headline gb-headline-42eb3dfa gb-headline-text\">VERWANDTE M\u00c4RKTE<\/h5>\n\n\n<div class=\"gb-container gb-container-7ebf470b\">\n<div class=\"gb-container gb-container-c48b52c5\"><a class=\"gb-container-link\" href=\"https:\/\/gulec.com\/markets-applications\/architecture-construction-flame-retardants\/\"><\/a>\n\n<h5 class=\"gb-headline gb-headline-912a48f4\"><span class=\"gb-icon\"><svg viewbox=\"0 0 244.19 244.19\" id=\"Layer_2\" xmlns=\"http:\/\/www.w3.org\/2000\/svg\"><defs><style>.cls-1{fill:none;stroke:#e63b27;stroke-miterlimit:10;stroke-width:7px}<\/style><\/defs><g id=\"Layer_1-2\"><rect ry=\"35\" rx=\"35\" class=\"cls-1\" y=\"3.5\" x=\"3.5\" height=\"237.19\" width=\"237.19\"\/><path class=\"cls-1\" d=\"M27.87 147.84c7.5-4.04 14.68-8.61 21.48-13.66a175.438 175.438 0 0 0 41.59-43.87c5.95 6.88 13.05 11.62 20.81 13.45 2.34.55 4.75.84 7.19.84 3.73 0 7.35-.66 10.82-1.92 10.8-3.92 20.11-13.55 26.4-26.64 10.29 22.28 25.12 42.02 43.31 58.04.7.62 1.41 1.23 2.12 1.84 4.7 4 9.62 7.77 14.72 11.27\"><\/path><path class=\"cls-1\" d=\"M199.47 134.09c-16.7.4-32.28 5.27-45.61 13.45-8.47-2.59-17.46-3.98-26.77-3.98s-17.53 1.27-25.67 3.65c-13.83-8.34-30.02-13.15-47.34-13.15-1.58 0-3.16.04-4.73.12\"><\/path><path class=\"cls-1\" d=\"m163.59 165.72-9.76-18.19-24.07-44.85M111.75 103.76l-10.43 43.38-5.06 21.01\"><\/path><\/g><\/svg><\/span><span class=\"gb-headline-text\">Architektur <br>&amp; Bauwesen<\/span><\/h5>\n\n<\/div>\n\n<div class=\"gb-container gb-container-edb47f2b\"><a class=\"gb-container-link\" href=\"https:\/\/gulec.com\/markets-applications\/technical-textile-flame-retardants\/\"><\/a>\n\n<h5 class=\"gb-headline gb-headline-acc77be4\"><span class=\"gb-icon\"><svg viewbox=\"0 0 244.19 244.19\" id=\"Layer_2\" xmlns=\"http:\/\/www.w3.org\/2000\/svg\"><defs><style>.cls-1{fill:none;stroke:#e63b27;stroke-miterlimit:10;stroke-width:7px}<\/style><\/defs><g id=\"Layer_1-2\"><rect ry=\"35\" rx=\"35\" class=\"cls-1\" y=\"3.5\" x=\"3.5\" height=\"237.19\" width=\"237.19\"\/><path class=\"cls-1\" d=\"M211.64 212.06H29.25V38.78h182.39v173.28zM29.25 212.06 139.71 38.78M70.38 212.06l88.39-173.28M131.91 212.06l45.91-173.28M29.25 69.28l182.39 83.87M29.25 106.4l182.39 58.92M29.25 144.7l182.39 37.27M171.14 211.97 29.25 86.51M211.64 112.1 29.25 60.29M211.64 99.14 29.25 43.39\"><\/path><\/g><\/svg><\/span><span class=\"gb-headline-text\">Technische<br>Textilien<\/span><\/h5>\n\n<\/div>\n<\/div>\n<\/div>\n<\/div>\n<\/div>\n\n<div class=\"gb-container gb-container-89d5abdc\">\n<div class=\"gb-container gb-container-b1e6ba28\">\n\n<figure class=\"gb-block-image gb-block-image-1e77b532\"><img decoding=\"async\" width=\"1555\" height=\"2073\" class=\"gb-image gb-image-1e77b532\" src=\"http:\/\/gulec.com\/wp-content\/uploads\/2023\/12\/Gulec_Chemicals_Flame_Retardants_for_fire_standard_CPAI_84_camping_tent-1.jpg\" alt=\"Gulec Gerphos Flammschutzmittel Brandpr\u00fcfnorm CPAI 84 Campingzelt\" title=\"Gulec_Chemicals_Flammschutzmittel_f\u00fcr_Brandpr\u00fcfnorm _CPAI_84_Campingzelt\" srcset=\"https:\/\/gulec.com\/wp-content\/uploads\/2023\/12\/Gulec_Chemicals_Flame_Retardants_for_fire_standard_CPAI_84_camping_tent-1.jpg 1555w, https:\/\/gulec.com\/wp-content\/uploads\/2023\/12\/Gulec_Chemicals_Flame_Retardants_for_fire_standard_CPAI_84_camping_tent-1-225x300.jpg 225w, https:\/\/gulec.com\/wp-content\/uploads\/2023\/12\/Gulec_Chemicals_Flame_Retardants_for_fire_standard_CPAI_84_camping_tent-1-768x1024.jpg 768w, https:\/\/gulec.com\/wp-content\/uploads\/2023\/12\/Gulec_Chemicals_Flame_Retardants_for_fire_standard_CPAI_84_camping_tent-1-1152x1536.jpg 1152w, https:\/\/gulec.com\/wp-content\/uploads\/2023\/12\/Gulec_Chemicals_Flame_Retardants_for_fire_standard_CPAI_84_camping_tent-1-1536x2048.jpg 1536w\" sizes=\"(max-width: 1555px) 100vw, 1555px\" \/><\/figure>\n\n<\/div>\n<\/div>\n<\/div>\n\n<div class=\"gb-container gb-container-3b3c508f\">\n<div class=\"gb-container gb-container-90349f9a\">\n<div class=\"gb-container gb-container-778dbf33\">\n<div class=\"gb-container gb-container-b97d04ed\">\n\n<h4 class=\"gb-headline gb-headline-8ea92d30 gb-headline-text\">liefern flammhemmende Materialien, die die CPAI-84 Brandpr\u00fcfnorm ERF\u00dcLLEN<\/h4>\n\n\n\n<h2 class=\"gb-headline gb-headline-0a522bd1 gb-headline-text\">Testen und profitieren Sie von GERPHOS Flammschutzmitteln, die f\u00fcr die CPAI-84 Brandpr\u00fcfnorm optimiert sind<\/h2>\n\n\n\n<span class=\"gb-button gb-button-6eefd8ad gb-button-text\">Kostenlose Beratung buchen<\/span>\n\n<\/div>\n\n<div class=\"gb-container gb-container-616ffa0c\">\n\n<h4 class=\"gb-headline gb-headline-aec8225e gb-headline-text\">Bleiben Sie auf dem Laufenden \u00fcber Innovationen in der N\u00c4CHSTEN GENERATION von Flammschutzmitteln <\/h4>\n\n\n\n<h2 class=\"gb-headline gb-headline-ef724048 gb-headline-text\">Abonnieren Sie unseren Newsletter<\/h2>\n\n\n\n<\/div>\n<\/div>\n<\/div>\n<\/div>\n<\/div>\n<\/div>","protected":false},"excerpt":{"rendered":"<p>BRANDPR\u00dcFNORM CPAI-84 Brandpr\u00fcfnorm f\u00fcr Camping- und Zeltstoffe CPAI-84 Brandpr\u00fcfnorm f\u00fcr Camping- und Zeltstoffe CPAI-84, oft als der internationale Standard der Canvas Products Association bezeichnet, ist eine weit anerkannte Brandpr\u00fcfnorm f\u00fcr Campingzelte und verwandte Outdoor-Stoffprodukte. Sie legt Pr\u00fcfmethoden und Anforderungen an die Entflammbarkeit von Zeltstoffen fest, um die Sicherheit von Campingausr\u00fcstung zu erh\u00f6hen. Pr\u00fcfmuster Der CPAI-84-Standard &#8230; <\/p>\n<p class=\"read-more-container\"><a title=\"CPAI-84 Brandpr\u00fcfnorm\" class=\"read-more button\" href=\"https:\/\/gulec.com\/de\/brandschutznormen\/cpai-84-brandschutzstandard\/#more-3845\" aria-label=\"Mehr Informationen \u00fcber CPAI-84 Brandpr\u00fcfnorm\">Weiterlesen &#8230;<\/a><\/p>\n","protected":false},"author":1,"featured_media":0,"parent":3873,"menu_order":0,"comment_status":"closed","ping_status":"closed","template":"","meta":{"_acf_changed":false,"footnotes":""},"class_list":["post-3845","page","type-page","status-publish"],"acf":[],"yoast_head":"<!-- This site is optimized with the Yoast SEO Premium plugin v27.1 (Yoast SEO v27.2) - https:\/\/yoast.com\/product\/yoast-seo-premium-wordpress\/ -->\n<title>CPAI-84 Brandpr\u00fcfnorm - Gulec Chemicals<\/title>\n<meta name=\"description\" content=\"CPAI-84 ist eine weit anerkannte Brandpr\u00fcfnorm f\u00fcr Campingzelte und verwandte Outdoor-Stoffprodukte.\" \/>\n<meta name=\"robots\" content=\"index, follow, max-snippet:-1, max-image-preview:large, max-video-preview:-1\" \/>\n<link rel=\"canonical\" href=\"https:\/\/gulec.com\/de\/brandschutznormen\/cpai-84-brandschutzstandard\/\" \/>\n<meta property=\"og:locale\" content=\"de_DE\" \/>\n<meta property=\"og:type\" content=\"article\" \/>\n<meta property=\"og:title\" content=\"CPAI-84 Brandpr\u00fcfnorm\" \/>\n<meta property=\"og:description\" content=\"CPAI-84 ist eine weit anerkannte Brandpr\u00fcfnorm f\u00fcr Campingzelte und verwandte Outdoor-Stoffprodukte.\" \/>\n<meta property=\"og:url\" content=\"https:\/\/gulec.com\/de\/brandschutznormen\/cpai-84-brandschutzstandard\/\" \/>\n<meta property=\"og:site_name\" content=\"Gulec Chemicals\" \/>\n<meta property=\"article:publisher\" content=\"https:\/\/www.facebook.com\/gulecchemicals\/\" \/>\n<meta property=\"article:modified_time\" content=\"2026-04-09T15:20:11+00:00\" \/>\n<meta property=\"og:image\" content=\"http:\/\/gulec.com\/wp-content\/uploads\/2023\/12\/Gulec_Chemicals_Flame_Retardants_for_fire_standard_CPAI_84_camping_tent-1.jpg\" \/>\n<meta name=\"twitter:card\" content=\"summary_large_image\" \/>\n<meta name=\"twitter:label1\" content=\"Gesch\u00e4tzte Lesezeit\" \/>\n\t<meta name=\"twitter:data1\" content=\"2\u00a0Minuten\" \/>\n<script type=\"application\/ld+json\" class=\"yoast-schema-graph\">{\"@context\":\"https:\/\/schema.org\",\"@graph\":[{\"@type\":\"WebPage\",\"@id\":\"https:\/\/gulec.com\/de\/brandschutznormen\/cpai-84-brandschutzstandard\/\",\"url\":\"https:\/\/gulec.com\/de\/brandschutznormen\/cpai-84-brandschutzstandard\/\",\"name\":\"CPAI-84 Brandpr\u00fcfnorm - Gulec Chemicals\",\"isPartOf\":{\"@id\":\"https:\/\/check-reportes.gulec.bio\/#website\"},\"primaryImageOfPage\":{\"@id\":\"https:\/\/gulec.com\/de\/brandschutznormen\/cpai-84-brandschutzstandard\/#primaryimage\"},\"image\":{\"@id\":\"https:\/\/gulec.com\/de\/brandschutznormen\/cpai-84-brandschutzstandard\/#primaryimage\"},\"thumbnailUrl\":\"http:\/\/gulec.com\/wp-content\/uploads\/2023\/12\/Gulec_Chemicals_Flame_Retardants_for_fire_standard_CPAI_84_camping_tent-1.jpg\",\"datePublished\":\"2023-12-01T12:20:55+00:00\",\"dateModified\":\"2026-04-09T15:20:11+00:00\",\"description\":\"CPAI-84 ist eine weit anerkannte Brandpr\u00fcfnorm f\u00fcr Campingzelte und verwandte Outdoor-Stoffprodukte.\",\"breadcrumb\":{\"@id\":\"https:\/\/gulec.com\/de\/brandschutznormen\/cpai-84-brandschutzstandard\/#breadcrumb\"},\"inLanguage\":\"de\",\"potentialAction\":[{\"@type\":\"ReadAction\",\"target\":[\"https:\/\/gulec.com\/de\/brandschutznormen\/cpai-84-brandschutzstandard\/\"]}]},{\"@type\":\"ImageObject\",\"inLanguage\":\"de\",\"@id\":\"https:\/\/gulec.com\/de\/brandschutznormen\/cpai-84-brandschutzstandard\/#primaryimage\",\"url\":\"http:\/\/gulec.com\/wp-content\/uploads\/2023\/12\/Gulec_Chemicals_Flame_Retardants_for_fire_standard_CPAI_84_camping_tent-1.jpg\",\"contentUrl\":\"http:\/\/gulec.com\/wp-content\/uploads\/2023\/12\/Gulec_Chemicals_Flame_Retardants_for_fire_standard_CPAI_84_camping_tent-1.jpg\"},{\"@type\":\"BreadcrumbList\",\"@id\":\"https:\/\/gulec.com\/de\/brandschutznormen\/cpai-84-brandschutzstandard\/#breadcrumb\",\"itemListElement\":[{\"@type\":\"ListItem\",\"position\":1,\"name\":\"Home\",\"item\":\"https:\/\/check-reportes.gulec.bio\/\"},{\"@type\":\"ListItem\",\"position\":2,\"name\":\"Brandpr\u00fcfnorm\",\"item\":\"https:\/\/com.gulec.com\/de\/brandschutznormen\/\"},{\"@type\":\"ListItem\",\"position\":3,\"name\":\"CPAI-84 Brandpr\u00fcfnorm\"}]},{\"@type\":\"WebSite\",\"@id\":\"https:\/\/check-reportes.gulec.bio\/#website\",\"url\":\"https:\/\/check-reportes.gulec.bio\/\",\"name\":\"Gulec Chemicals\",\"description\":\"Producer of next-generation flame retardants\",\"publisher\":{\"@id\":\"https:\/\/check-reportes.gulec.bio\/#organization\"},\"potentialAction\":[{\"@type\":\"SearchAction\",\"target\":{\"@type\":\"EntryPoint\",\"urlTemplate\":\"https:\/\/check-reportes.gulec.bio\/?s={search_term_string}\"},\"query-input\":{\"@type\":\"PropertyValueSpecification\",\"valueRequired\":true,\"valueName\":\"search_term_string\"}}],\"inLanguage\":\"de\"},{\"@type\":\"Organization\",\"@id\":\"https:\/\/check-reportes.gulec.bio\/#organization\",\"name\":\"Gulec Chemicals\",\"url\":\"https:\/\/check-reportes.gulec.bio\/\",\"logo\":{\"@type\":\"ImageObject\",\"inLanguage\":\"de\",\"@id\":\"https:\/\/check-reportes.gulec.bio\/#\/schema\/logo\/image\/\",\"url\":\"https:\/\/gulec.com\/wp-content\/uploads\/2023\/10\/cropped-Gulec_Logo_White.png\",\"contentUrl\":\"https:\/\/gulec.com\/wp-content\/uploads\/2023\/10\/cropped-Gulec_Logo_White.png\",\"width\":1200,\"height\":372,\"caption\":\"Gulec Chemicals\"},\"image\":{\"@id\":\"https:\/\/check-reportes.gulec.bio\/#\/schema\/logo\/image\/\"},\"sameAs\":[\"https:\/\/www.facebook.com\/gulecchemicals\/\",\"https:\/\/www.linkedin.com\/company\/gulecchem\/\",\"https:\/\/www.instagram.com\/gulecchemicals\"]}]}<\/script>\n<!-- \/ Yoast SEO Premium plugin. -->","yoast_head_json":{"title":"CPAI-84 Brandpr\u00fcfnorm - Gulec Chemicals","description":"CPAI-84 ist eine weit anerkannte Brandpr\u00fcfnorm f\u00fcr Campingzelte und verwandte Outdoor-Stoffprodukte.","robots":{"index":"index","follow":"follow","max-snippet":"max-snippet:-1","max-image-preview":"max-image-preview:large","max-video-preview":"max-video-preview:-1"},"canonical":"https:\/\/gulec.com\/de\/brandschutznormen\/cpai-84-brandschutzstandard\/","og_locale":"de_DE","og_type":"article","og_title":"CPAI-84 Brandpr\u00fcfnorm","og_description":"CPAI-84 ist eine weit anerkannte Brandpr\u00fcfnorm f\u00fcr Campingzelte und verwandte Outdoor-Stoffprodukte.","og_url":"https:\/\/gulec.com\/de\/brandschutznormen\/cpai-84-brandschutzstandard\/","og_site_name":"Gulec Chemicals","article_publisher":"https:\/\/www.facebook.com\/gulecchemicals\/","article_modified_time":"2026-04-09T15:20:11+00:00","og_image":[{"url":"http:\/\/gulec.com\/wp-content\/uploads\/2023\/12\/Gulec_Chemicals_Flame_Retardants_for_fire_standard_CPAI_84_camping_tent-1.jpg","type":"","width":"","height":""}],"twitter_card":"summary_large_image","twitter_misc":{"Gesch\u00e4tzte Lesezeit":"2\u00a0Minuten"},"schema":{"@context":"https:\/\/schema.org","@graph":[{"@type":"WebPage","@id":"https:\/\/gulec.com\/de\/brandschutznormen\/cpai-84-brandschutzstandard\/","url":"https:\/\/gulec.com\/de\/brandschutznormen\/cpai-84-brandschutzstandard\/","name":"CPAI-84 Brandpr\u00fcfnorm - Gulec Chemicals","isPartOf":{"@id":"https:\/\/check-reportes.gulec.bio\/#website"},"primaryImageOfPage":{"@id":"https:\/\/gulec.com\/de\/brandschutznormen\/cpai-84-brandschutzstandard\/#primaryimage"},"image":{"@id":"https:\/\/gulec.com\/de\/brandschutznormen\/cpai-84-brandschutzstandard\/#primaryimage"},"thumbnailUrl":"http:\/\/gulec.com\/wp-content\/uploads\/2023\/12\/Gulec_Chemicals_Flame_Retardants_for_fire_standard_CPAI_84_camping_tent-1.jpg","datePublished":"2023-12-01T12:20:55+00:00","dateModified":"2026-04-09T15:20:11+00:00","description":"CPAI-84 ist eine weit anerkannte Brandpr\u00fcfnorm f\u00fcr Campingzelte und verwandte Outdoor-Stoffprodukte.","breadcrumb":{"@id":"https:\/\/gulec.com\/de\/brandschutznormen\/cpai-84-brandschutzstandard\/#breadcrumb"},"inLanguage":"de","potentialAction":[{"@type":"ReadAction","target":["https:\/\/gulec.com\/de\/brandschutznormen\/cpai-84-brandschutzstandard\/"]}]},{"@type":"ImageObject","inLanguage":"de","@id":"https:\/\/gulec.com\/de\/brandschutznormen\/cpai-84-brandschutzstandard\/#primaryimage","url":"http:\/\/gulec.com\/wp-content\/uploads\/2023\/12\/Gulec_Chemicals_Flame_Retardants_for_fire_standard_CPAI_84_camping_tent-1.jpg","contentUrl":"http:\/\/gulec.com\/wp-content\/uploads\/2023\/12\/Gulec_Chemicals_Flame_Retardants_for_fire_standard_CPAI_84_camping_tent-1.jpg"},{"@type":"BreadcrumbList","@id":"https:\/\/gulec.com\/de\/brandschutznormen\/cpai-84-brandschutzstandard\/#breadcrumb","itemListElement":[{"@type":"ListItem","position":1,"name":"Home","item":"https:\/\/check-reportes.gulec.bio\/"},{"@type":"ListItem","position":2,"name":"Brandpr\u00fcfnorm","item":"https:\/\/com.gulec.com\/de\/brandschutznormen\/"},{"@type":"ListItem","position":3,"name":"CPAI-84 Brandpr\u00fcfnorm"}]},{"@type":"WebSite","@id":"https:\/\/check-reportes.gulec.bio\/#website","url":"https:\/\/check-reportes.gulec.bio\/","name":"Gulec Chemicals","description":"Producer of next-generation flame retardants","publisher":{"@id":"https:\/\/check-reportes.gulec.bio\/#organization"},"potentialAction":[{"@type":"SearchAction","target":{"@type":"EntryPoint","urlTemplate":"https:\/\/check-reportes.gulec.bio\/?s={search_term_string}"},"query-input":{"@type":"PropertyValueSpecification","valueRequired":true,"valueName":"search_term_string"}}],"inLanguage":"de"},{"@type":"Organization","@id":"https:\/\/check-reportes.gulec.bio\/#organization","name":"Gulec Chemicals","url":"https:\/\/check-reportes.gulec.bio\/","logo":{"@type":"ImageObject","inLanguage":"de","@id":"https:\/\/check-reportes.gulec.bio\/#\/schema\/logo\/image\/","url":"https:\/\/gulec.com\/wp-content\/uploads\/2023\/10\/cropped-Gulec_Logo_White.png","contentUrl":"https:\/\/gulec.com\/wp-content\/uploads\/2023\/10\/cropped-Gulec_Logo_White.png","width":1200,"height":372,"caption":"Gulec Chemicals"},"image":{"@id":"https:\/\/check-reportes.gulec.bio\/#\/schema\/logo\/image\/"},"sameAs":["https:\/\/www.facebook.com\/gulecchemicals\/","https:\/\/www.linkedin.com\/company\/gulecchem\/","https:\/\/www.instagram.com\/gulecchemicals"]}]}},"_links":{"self":[{"href":"https:\/\/gulec.com\/de\/wp-json\/wp\/v2\/pages\/3845","targetHints":{"allow":["GET"]}}],"collection":[{"href":"https:\/\/gulec.com\/de\/wp-json\/wp\/v2\/pages"}],"about":[{"href":"https:\/\/gulec.com\/de\/wp-json\/wp\/v2\/types\/page"}],"author":[{"embeddable":true,"href":"https:\/\/gulec.com\/de\/wp-json\/wp\/v2\/users\/1"}],"replies":[{"embeddable":true,"href":"https:\/\/gulec.com\/de\/wp-json\/wp\/v2\/comments?post=3845"}],"version-history":[{"count":6,"href":"https:\/\/gulec.com\/de\/wp-json\/wp\/v2\/pages\/3845\/revisions"}],"predecessor-version":[{"id":3905,"href":"https:\/\/gulec.com\/de\/wp-json\/wp\/v2\/pages\/3845\/revisions\/3905"}],"up":[{"embeddable":true,"href":"https:\/\/gulec.com\/de\/wp-json\/wp\/v2\/pages\/3873"}],"wp:attachment":[{"href":"https:\/\/gulec.com\/de\/wp-json\/wp\/v2\/media?parent=3845"}],"curies":[{"name":"wp","href":"https:\/\/api.w.org\/{rel}","templated":true}]}}