{"id":3849,"date":"2023-12-01T11:53:41","date_gmt":"2023-12-01T11:53:41","guid":{"rendered":"https:\/\/gulec.com\/jt-t-1095-brandschutznorm\/"},"modified":"2026-04-30T14:47:23","modified_gmt":"2026-04-30T14:47:23","slug":"jt-t-1095-brandschutznorm","status":"publish","type":"page","link":"https:\/\/gulec.com\/de\/brandschutznormen\/jt-t-1095-brandschutznorm\/","title":{"rendered":"JT\/T 1095 Brandpr\u00fcfnorm"},"content":{"rendered":"<div class=\"gb-container gb-container-0aaf3771\">\n<div class=\"gb-container gb-container-b914e7c6\">\n<div class=\"gb-container gb-container-1499a3f2 alignfull\">\n<div class=\"gb-container gb-container-fd148199\">\n<div class=\"gb-container gb-container-d9a23622\">\n\n<h3 class=\"gb-headline gb-headline-d5445703 gb-headline-text\">BRANDPR\u00dcFNORM<\/h3>\n\n<\/div>\n\n<div class=\"gb-container gb-container-75b3d4db\">\n\n<h1 class=\"gb-headline gb-headline-f50a165b gb-headline-text\">JT\/T 1095 Brandpr\u00fcfnorm f\u00fcr den Transportsektor<\/h1>\n\n<\/div>\n<\/div>\n<\/div>\n\n<div class=\"gb-container gb-container-432c1bcb\">\n<div class=\"gb-container gb-container-7b83615b\">\n<div class=\"yoast-breadcrumbs\"><span><span><a href=\"https:\/\/analytics1.archive.gerphos.bio\/\">Home<\/a><\/span> \u00bb <span><a href=\"https:\/\/office.gulec-chem.com\/de\/brandschutznormen\/\">Brandpr\u00fcfnorm<\/a><\/span> \u00bb <span class=\"breadcrumb_last\" aria-current=\"page\">JT\/T 1095 Brandpr\u00fcfnorm<\/span><\/span><\/div>\n<\/div>\n<\/div>\n\n<div class=\"gb-container gb-container-77d991c2\">\n<div class=\"gb-container gb-container-48b23fd9\">\n<div class=\"gb-container gb-container-fbcda463\">\n\n<h2 class=\"gb-headline gb-headline-9bc41705 gb-headline-text\">JT\/T 1095 Brandpr\u00fcfnorm f\u00fcr den Transportsektor<\/h2>\n\n\n\n<p>JT\/T 1095 ist ein spezifischer <a href=\"https:\/\/www.chinesestandard.net\/PDF.aspx\/JTT1095-2022\" target=\"_blank\" rel=\"noreferrer noopener\">Brandpr\u00fcfstandard<\/a> innerhalb des Transportsektors des chinesischen Verkehrsministeriums. Standards mit dem Pr\u00e4fix \u201eJT\/T\u201c befassen sich typischerweise mit verschiedenen Aspekten der Transportsicherheit, Qualit\u00e4t oder Betriebseffizienz. <\/p>\n\n<\/div>\n\n<div class=\"gb-container gb-container-d419f55d\">\n<div class=\"gb-container gb-container-53d79789\">\n\n<h5 class=\"gb-headline gb-headline-82dcff69 gb-headline-text\">Pr\u00fcfmuster<\/h5>\n\n\n\n<p class=\"has-global-color-1-color has-text-color has-link-color wp-elements-9e4a6c3a314c5eb66420d7fae7c18a20\">Die Norm JT\/T 1095 legt die Pr\u00fcfverfahren und Kriterien f\u00fcr bestimmte transportbezogene Materialien, Produkte oder Systeme fest. Dies kann Pr\u00fcfungen unter simulierten Betriebsbedingungen umfassen, um Haltbarkeit, Sicherheit oder die Einhaltung anderer technischer Anforderungen zu bewerten. <\/p>\n\n<\/div>\n\n<div class=\"gb-container gb-container-a4adf440\">\n\n<h5 class=\"gb-headline gb-headline-d2474078 gb-headline-text\">ANWENDUNG<\/h5>\n\n\n\n<p>Diese Norm ist relevant f\u00fcr Hersteller, Dienstleister und Aufsichtsbeh\u00f6rden in der Transportbranche, insbesondere in China. Sie stellt sicher, dass Materialien oder Dienstleistungen den spezifischen Anforderungen und Sicherheitsstandards der Transportinfrastruktur oder Fahrzeuge entsprechen. <\/p>\n\n<\/div>\n\n<div class=\"gb-container gb-container-c7e9f2e6\">\n\n<h5 class=\"gb-headline gb-headline-95892b13 gb-headline-text\">KLASSIFIZIERUNG<\/h5>\n\n\n\n<p>Produkte oder Dienstleistungen, die die Norm JT\/T 1095 erf\u00fcllen, werden entsprechend klassifiziert und bieten einen Ma\u00dfstab f\u00fcr Qualit\u00e4t und Sicherheit im Transportsektor. Diese Klassifizierung unterst\u00fctzt die Einhaltung gesetzlicher Vorschriften und tr\u00e4gt zur Festlegung branchenweiter Erwartungen bei. <\/p>\n\n<\/div>\n\n<div class=\"gb-container gb-container-3a75fabf\">\n\n<h5 class=\"gb-headline gb-headline-c7d4955b gb-headline-text\">KONFORMIT\u00c4T<\/h5>\n\n\n\n<p>Die Einhaltung der Norm JT\/T 1095 ist f\u00fcr Unternehmen, die im Transportsektor in China t\u00e4tig sind oder diesen beliefern, unerl\u00e4sslich. Sie signalisiert die Einhaltung der von den Aufsichtsbeh\u00f6rden vorgeschriebenen Sicherheits- und Qualit\u00e4tsstandards. <\/p>\n\n<\/div>\n\n<div class=\"gb-container gb-container-a44a3e47\">\n\n<h5 class=\"gb-headline gb-headline-a1e039cc gb-headline-text\">GLOBALE ANERKENNUNG<\/h5>\n\n\n\n<p>Obwohl JT\/T-Normen spezifisch f\u00fcr China sind, k\u00f6nnen sie mit internationalen Transportnormen \u00fcbereinstimmen und gew\u00e4hrleisten, dass Produkte oder Dienstleistungen auf globalen M\u00e4rkten wettbewerbsf\u00e4hig und konform sind.<\/p>\n\n<\/div>\n<\/div>\n\n<div class=\"gb-container gb-container-66e376a7\">\n<div class=\"gb-container gb-container-a5845aa2\">\n\n<h5 class=\"gb-headline gb-headline-42eb3dfa gb-headline-text\">VERWANDTE M\u00c4RKTE<\/h5>\n\n\n<div class=\"gb-container gb-container-7ebf470b\">\n<div class=\"gb-container gb-container-938e4f6a\"><a class=\"gb-container-link\" href=\"https:\/\/gulec.com\/markets-applications\/automotive-flame-retardants\/\"><\/a>\n\n<h5 class=\"gb-headline gb-headline-c590c9ac\"><span class=\"gb-icon\"><svg xmlns=\"http:\/\/www.w3.org\/2000\/svg\" viewbox=\"0 0 244.19 244.19\" id=\"Layer_2\"><defs><style>.cls-1{fill:none;stroke:#e63b27;stroke-miterlimit:10;stroke-width:7px}<\/style><\/defs><g id=\"Layer_1-2\"><circle class=\"cls-1\" r=\"43.5\" cy=\"133.14\" cx=\"67.57\"><\/circle><circle class=\"cls-1\" r=\"31.89\" cy=\"133.14\" cx=\"67.57\"><\/circle><circle class=\"cls-1\" r=\"8.16\" cy=\"133.14\" cx=\"67.57\"><\/circle><path class=\"cls-1\" d=\"M37.19 123.41c6.33-3.71 32.44-16.84 60.67-.26h.01M73.32 165.03s3.06-26.03 25.74-26.87M35.68 138.16s24.34 1.34 25.68 26.87\"><\/path><rect ry=\"35\" rx=\"35\" class=\"cls-1\" y=\"3.5\" x=\"3.5\" height=\"237.19\" width=\"237.19\"><\/rect><path class=\"cls-1\" d=\"M67.57 89.64s71.32-20.16 144.08 5.98M111.07 133.14h7.31c10.75 0 19.46 8.71 19.46 19.46v33.05M160.44 185.65V152.6c0-10.75 8.71-19.46 19.46-19.46h37.25\"><\/path><\/g><\/svg><\/span><span class=\"gb-headline-text\">Automobilindustrie<\/span><\/h5>\n\n<\/div>\n\n<div class=\"gb-container gb-container-31064b67\"><a class=\"gb-container-link\" href=\"https:\/\/gulec.com\/markets-applications\/public-transport-bus-train-flame-retardants\/\"><\/a>\n\n<h5 class=\"gb-headline gb-headline-374d9a89\"><span class=\"gb-icon\"><svg viewbox=\"0 0 244.19 244.19\" id=\"Layer_2\" xmlns=\"http:\/\/www.w3.org\/2000\/svg\"><defs><style>.cls-1{fill:none;stroke:#e63b27;stroke-miterlimit:10;stroke-width:7px}<\/style><\/defs><g id=\"Layer_1-2\"><rect ry=\"35\" rx=\"35\" class=\"cls-1\" y=\"3.5\" x=\"3.5\" height=\"237.19\" width=\"237.19\"\/><path class=\"cls-1\" d=\"M113.75 177.71h-73.6c-1.47 0-2.65-1.19-2.65-2.65V88.67c0-1.47 1.19-2.65 2.65-2.65h73.6c1.47 0 2.65 1.19 2.65 2.65v86.39c0 1.47-1.19 2.65-2.65 2.65ZM116.41 101.75H37.5\"><\/path><path class=\"cls-1\" d=\"M37.5 140.45s42.04 13.13 78.91 0M65.2 167.89h24.14M65.2 158.15h24.14\"><\/path><rect ry=\"2.48\" rx=\"2.48\" class=\"cls-1\" y=\"104.45\" x=\"26.24\" height=\"22.79\" width=\"11.26\"\/><rect ry=\"2.48\" rx=\"2.48\" class=\"cls-1\" y=\"104.45\" x=\"116.41\" height=\"22.79\" width=\"11.26\"\/><path class=\"cls-1\" d=\"M37.5 158.15h17.78M98.63 158.15h17.78M44.92 177.71H65.2v3.81c0 4-3.25 7.25-7.25 7.25h-5.79c-4 0-7.25-3.25-7.25-7.25v-3.81ZM89.34 177.71h20.28v3.81c0 4-3.25 7.25-7.25 7.25h-5.79c-4 0-7.25-3.25-7.25-7.25v-3.81ZM217.46 119.3c0 2.93-.11 5.81-.34 8.63-.71 9.01-8.25 15.94-17.28 15.94h-41.45c-9.03 0-16.57-6.94-17.28-15.94-.22-2.82-.34-5.7-.34-8.63 0-35.76 17.17-64.76 38.35-64.76s38.34 29 38.34 64.76Z\"><\/path><path class=\"cls-1\" d=\"M173.77 71.71h10.69c5.89 0 10.25 5.49 8.92 11.23l-3.37 14.49c-2.68 11.53-19.1 11.53-21.78 0l-3.37-14.49c-1.34-5.74 3.02-11.23 8.92-11.23Z\"><\/path><path class=\"cls-1\" d=\"m150.51 76.18 11.36 44.08c1.21 4.7 5.45 7.99 10.3 7.99h14.37c4.85 0 9.09-3.28 10.3-7.99l11.2-43.47M162.63 143.87h32.97v2.78c0 3.41-2.77 6.17-6.17 6.17H168.8c-3.41 0-6.17-2.77-6.17-6.17v-2.78ZM159.24 143.87l-17.4 20.37M216.4 164.24 199 143.87M151.96 121.41h-11.19M217.46 121.41h-11.19\"><\/path><\/g><\/svg><\/span><span class=\"gb-headline-text\">\u00d6ffentlicher<br>Nahverkehr<\/span><\/h5>\n\n<\/div>\n<\/div>\n<\/div>\n<\/div>\n<\/div>\n\n<div class=\"gb-container gb-container-89d5abdc\">\n<div class=\"gb-container gb-container-b1e6ba28\">\n\n<figure class=\"gb-block-image gb-block-image-1e77b532\"><img decoding=\"async\" width=\"1875\" height=\"2500\" class=\"gb-image gb-image-1e77b532\" src=\"http:\/\/gulec.com\/wp-content\/uploads\/2023\/12\/Gulec_Chemicals_Flame_Retardants_for_fire_standard_JTT1095_bus.jpg\" alt=\"Gulec Gerphos Flammschutzmittel Brandpr\u00fcfnorm JT\/T 1095 Bus\" title=\"Gulec_Chemicals_Flammschutzmittel_f\u00fcr_Brandpr\u00fcfnorm_JTT1095_Bus\" srcset=\"https:\/\/gulec.com\/wp-content\/uploads\/2023\/12\/Gulec_Chemicals_Flame_Retardants_for_fire_standard_JTT1095_bus.jpg 1875w, https:\/\/gulec.com\/wp-content\/uploads\/2023\/12\/Gulec_Chemicals_Flame_Retardants_for_fire_standard_JTT1095_bus-225x300.jpg 225w, https:\/\/gulec.com\/wp-content\/uploads\/2023\/12\/Gulec_Chemicals_Flame_Retardants_for_fire_standard_JTT1095_bus-768x1024.jpg 768w, https:\/\/gulec.com\/wp-content\/uploads\/2023\/12\/Gulec_Chemicals_Flame_Retardants_for_fire_standard_JTT1095_bus-1152x1536.jpg 1152w, https:\/\/gulec.com\/wp-content\/uploads\/2023\/12\/Gulec_Chemicals_Flame_Retardants_for_fire_standard_JTT1095_bus-1536x2048.jpg 1536w\" sizes=\"(max-width: 1875px) 100vw, 1875px\" \/><\/figure>\n\n<\/div>\n<\/div>\n<\/div>\n\n<div class=\"gb-container gb-container-3b3c508f\">\n<div class=\"gb-container gb-container-90349f9a\">\n<div class=\"gb-container gb-container-778dbf33\">\n<div class=\"gb-container gb-container-b97d04ed\">\n\n<h4 class=\"gb-headline gb-headline-8ea92d30 gb-headline-text\">Lieferung flammgesch\u00fctzter Materialien, die die Brandpr\u00fcfnorm JT\/T 1095 ERF\u00dcLLEN<\/h4>\n\n\n\n<h2 class=\"gb-headline gb-headline-0a522bd1 gb-headline-text\">Testen Sie GERPHOS-Flammschutzmittel, die speziell auf die Brandpr\u00fcfnorm JT\/T 1095 abgestimmt sind, und profitieren Sie davon<\/h2>\n\n\n\n<span class=\"gb-button gb-button-6eefd8ad gb-button-text\">Kostenlose Beratung buchen<\/span>\n\n<\/div>\n\n<div class=\"gb-container gb-container-616ffa0c\">\n\n<h4 class=\"gb-headline gb-headline-aec8225e gb-headline-text\">Bleiben Sie auf dem Laufenden \u00fcber Innovationen in der N\u00c4CHSTEN GENERATION von Flammschutzmitteln <\/h4>\n\n\n\n<h2 class=\"gb-headline gb-headline-ef724048 gb-headline-text\">Abonnieren Sie unseren Newsletter<\/h2>\n\n\n\n<\/div>\n<\/div>\n<\/div>\n<\/div>\n<\/div>\n<\/div>","protected":false},"excerpt":{"rendered":"<p>BRANDPR\u00dcFNORM JT\/T 1095 Brandpr\u00fcfnorm f\u00fcr den Transportsektor JT\/T 1095 Brandpr\u00fcfnorm f\u00fcr den Transportsektor JT\/T 1095 ist ein spezifischer Brandpr\u00fcfstandard innerhalb des Transportsektors des chinesischen Verkehrsministeriums. Standards mit dem Pr\u00e4fix \u201eJT\/T\u201c befassen sich typischerweise mit verschiedenen Aspekten der Transportsicherheit, Qualit\u00e4t oder Betriebseffizienz. Pr\u00fcfmuster Die Norm JT\/T 1095 legt die Pr\u00fcfverfahren und Kriterien f\u00fcr bestimmte transportbezogene Materialien, &#8230; <\/p>\n<p class=\"read-more-container\"><a title=\"JT\/T 1095 Brandpr\u00fcfnorm\" class=\"read-more button\" href=\"https:\/\/gulec.com\/de\/brandschutznormen\/jt-t-1095-brandschutznorm\/#more-3849\" aria-label=\"Mehr Informationen \u00fcber JT\/T 1095 Brandpr\u00fcfnorm\">Weiterlesen &#8230;<\/a><\/p>\n","protected":false},"author":1,"featured_media":0,"parent":3873,"menu_order":0,"comment_status":"closed","ping_status":"closed","template":"","meta":{"_acf_changed":false,"footnotes":""},"class_list":["post-3849","page","type-page","status-publish"],"acf":[],"yoast_head":"<!-- This site is optimized with the Yoast SEO Premium plugin v27.1 (Yoast SEO v27.2) - https:\/\/yoast.com\/product\/yoast-seo-premium-wordpress\/ -->\n<title>JT\/T 1095 Brandpr\u00fcfnorm - Gulec Chemicals<\/title>\n<meta name=\"description\" content=\"JT\/T 1095 ist eine spezifische Brandpr\u00fcfnorm im Transportsektor des chinesischen Verkehrsministeriums.\" \/>\n<meta name=\"robots\" content=\"index, follow, max-snippet:-1, max-image-preview:large, max-video-preview:-1\" \/>\n<link rel=\"canonical\" href=\"https:\/\/gulec.com\/de\/brandschutznormen\/jt-t-1095-brandschutznorm\/\" \/>\n<meta property=\"og:locale\" content=\"de_DE\" \/>\n<meta property=\"og:type\" content=\"article\" \/>\n<meta property=\"og:title\" content=\"JT\/T 1095 Brandpr\u00fcfnorm\" \/>\n<meta property=\"og:description\" content=\"JT\/T 1095 ist eine spezifische Brandpr\u00fcfnorm im Transportsektor des chinesischen Verkehrsministeriums.\" \/>\n<meta property=\"og:url\" content=\"https:\/\/gulec.com\/de\/brandschutznormen\/jt-t-1095-brandschutznorm\/\" \/>\n<meta property=\"og:site_name\" content=\"Gulec Chemicals\" \/>\n<meta property=\"article:publisher\" content=\"https:\/\/www.facebook.com\/gulecchemicals\/\" \/>\n<meta property=\"article:modified_time\" content=\"2026-04-30T14:47:23+00:00\" \/>\n<meta property=\"og:image\" content=\"http:\/\/gulec.com\/wp-content\/uploads\/2023\/12\/Gulec_Chemicals_Flame_Retardants_for_fire_standard_JTT1095_bus.jpg\" \/>\n<meta name=\"twitter:card\" content=\"summary_large_image\" \/>\n<meta name=\"twitter:label1\" content=\"Gesch\u00e4tzte Lesezeit\" \/>\n\t<meta name=\"twitter:data1\" content=\"1\u00a0Minute\" \/>\n<script type=\"application\/ld+json\" class=\"yoast-schema-graph\">{\"@context\":\"https:\/\/schema.org\",\"@graph\":[{\"@type\":\"WebPage\",\"@id\":\"https:\/\/gulec.com\/de\/brandschutznormen\/jt-t-1095-brandschutznorm\/\",\"url\":\"https:\/\/gulec.com\/de\/brandschutznormen\/jt-t-1095-brandschutznorm\/\",\"name\":\"JT\/T 1095 Brandpr\u00fcfnorm - Gulec Chemicals\",\"isPartOf\":{\"@id\":\"https:\/\/gulec-chem.gulec.com\/de\/#website\"},\"primaryImageOfPage\":{\"@id\":\"https:\/\/gulec.com\/de\/brandschutznormen\/jt-t-1095-brandschutznorm\/#primaryimage\"},\"image\":{\"@id\":\"https:\/\/gulec.com\/de\/brandschutznormen\/jt-t-1095-brandschutznorm\/#primaryimage\"},\"thumbnailUrl\":\"http:\/\/gulec.com\/wp-content\/uploads\/2023\/12\/Gulec_Chemicals_Flame_Retardants_for_fire_standard_JTT1095_bus.jpg\",\"datePublished\":\"2023-12-01T11:53:41+00:00\",\"dateModified\":\"2026-04-30T14:47:23+00:00\",\"description\":\"JT\/T 1095 ist eine spezifische Brandpr\u00fcfnorm im Transportsektor des chinesischen Verkehrsministeriums.\",\"breadcrumb\":{\"@id\":\"https:\/\/gulec.com\/de\/brandschutznormen\/jt-t-1095-brandschutznorm\/#breadcrumb\"},\"inLanguage\":\"de\",\"potentialAction\":[{\"@type\":\"ReadAction\",\"target\":[\"https:\/\/gulec.com\/de\/brandschutznormen\/jt-t-1095-brandschutznorm\/\"]}]},{\"@type\":\"ImageObject\",\"inLanguage\":\"de\",\"@id\":\"https:\/\/gulec.com\/de\/brandschutznormen\/jt-t-1095-brandschutznorm\/#primaryimage\",\"url\":\"http:\/\/gulec.com\/wp-content\/uploads\/2023\/12\/Gulec_Chemicals_Flame_Retardants_for_fire_standard_JTT1095_bus.jpg\",\"contentUrl\":\"http:\/\/gulec.com\/wp-content\/uploads\/2023\/12\/Gulec_Chemicals_Flame_Retardants_for_fire_standard_JTT1095_bus.jpg\"},{\"@type\":\"BreadcrumbList\",\"@id\":\"https:\/\/gulec.com\/de\/brandschutznormen\/jt-t-1095-brandschutznorm\/#breadcrumb\",\"itemListElement\":[{\"@type\":\"ListItem\",\"position\":1,\"name\":\"Home\",\"item\":\"https:\/\/analytics1.archive.gerphos.bio\/\"},{\"@type\":\"ListItem\",\"position\":2,\"name\":\"Brandpr\u00fcfnorm\",\"item\":\"https:\/\/office.gulec-chem.com\/de\/brandschutznormen\/\"},{\"@type\":\"ListItem\",\"position\":3,\"name\":\"JT\/T 1095 Brandpr\u00fcfnorm\"}]},{\"@type\":\"WebSite\",\"@id\":\"https:\/\/gulec-chem.gulec.com\/de\/#website\",\"url\":\"https:\/\/gulec-chem.gulec.com\/de\/\",\"name\":\"Gulec Chemicals\",\"description\":\"Producer of next-generation flame retardants\",\"publisher\":{\"@id\":\"https:\/\/gulec-chem.gulec.com\/de\/#organization\"},\"potentialAction\":[{\"@type\":\"SearchAction\",\"target\":{\"@type\":\"EntryPoint\",\"urlTemplate\":\"https:\/\/gulec-chem.gulec.com\/de\/?s={search_term_string}\"},\"query-input\":{\"@type\":\"PropertyValueSpecification\",\"valueRequired\":true,\"valueName\":\"search_term_string\"}}],\"inLanguage\":\"de\"},{\"@type\":\"Organization\",\"@id\":\"https:\/\/gulec-chem.gulec.com\/de\/#organization\",\"name\":\"Gulec Chemicals\",\"url\":\"https:\/\/gulec-chem.gulec.com\/de\/\",\"logo\":{\"@type\":\"ImageObject\",\"inLanguage\":\"de\",\"@id\":\"https:\/\/gulec-chem.gulec.com\/de\/#\/schema\/logo\/image\/\",\"url\":\"https:\/\/gulec.com\/wp-content\/uploads\/2023\/10\/cropped-Gulec_Logo_White.png\",\"contentUrl\":\"https:\/\/gulec.com\/wp-content\/uploads\/2023\/10\/cropped-Gulec_Logo_White.png\",\"width\":1200,\"height\":372,\"caption\":\"Gulec Chemicals\"},\"image\":{\"@id\":\"https:\/\/gulec-chem.gulec.com\/de\/#\/schema\/logo\/image\/\"},\"sameAs\":[\"https:\/\/www.facebook.com\/gulecchemicals\/\",\"https:\/\/www.linkedin.com\/company\/gulecchem\/\",\"https:\/\/www.instagram.com\/gulecchemicals\"]}]}<\/script>\n<!-- \/ Yoast SEO Premium plugin. -->","yoast_head_json":{"title":"JT\/T 1095 Brandpr\u00fcfnorm - Gulec Chemicals","description":"JT\/T 1095 ist eine spezifische Brandpr\u00fcfnorm im Transportsektor des chinesischen Verkehrsministeriums.","robots":{"index":"index","follow":"follow","max-snippet":"max-snippet:-1","max-image-preview":"max-image-preview:large","max-video-preview":"max-video-preview:-1"},"canonical":"https:\/\/gulec.com\/de\/brandschutznormen\/jt-t-1095-brandschutznorm\/","og_locale":"de_DE","og_type":"article","og_title":"JT\/T 1095 Brandpr\u00fcfnorm","og_description":"JT\/T 1095 ist eine spezifische Brandpr\u00fcfnorm im Transportsektor des chinesischen Verkehrsministeriums.","og_url":"https:\/\/gulec.com\/de\/brandschutznormen\/jt-t-1095-brandschutznorm\/","og_site_name":"Gulec Chemicals","article_publisher":"https:\/\/www.facebook.com\/gulecchemicals\/","article_modified_time":"2026-04-30T14:47:23+00:00","og_image":[{"url":"http:\/\/gulec.com\/wp-content\/uploads\/2023\/12\/Gulec_Chemicals_Flame_Retardants_for_fire_standard_JTT1095_bus.jpg","type":"","width":"","height":""}],"twitter_card":"summary_large_image","twitter_misc":{"Gesch\u00e4tzte Lesezeit":"1\u00a0Minute"},"schema":{"@context":"https:\/\/schema.org","@graph":[{"@type":"WebPage","@id":"https:\/\/gulec.com\/de\/brandschutznormen\/jt-t-1095-brandschutznorm\/","url":"https:\/\/gulec.com\/de\/brandschutznormen\/jt-t-1095-brandschutznorm\/","name":"JT\/T 1095 Brandpr\u00fcfnorm - Gulec Chemicals","isPartOf":{"@id":"https:\/\/gulec-chem.gulec.com\/de\/#website"},"primaryImageOfPage":{"@id":"https:\/\/gulec.com\/de\/brandschutznormen\/jt-t-1095-brandschutznorm\/#primaryimage"},"image":{"@id":"https:\/\/gulec.com\/de\/brandschutznormen\/jt-t-1095-brandschutznorm\/#primaryimage"},"thumbnailUrl":"http:\/\/gulec.com\/wp-content\/uploads\/2023\/12\/Gulec_Chemicals_Flame_Retardants_for_fire_standard_JTT1095_bus.jpg","datePublished":"2023-12-01T11:53:41+00:00","dateModified":"2026-04-30T14:47:23+00:00","description":"JT\/T 1095 ist eine spezifische Brandpr\u00fcfnorm im Transportsektor des chinesischen Verkehrsministeriums.","breadcrumb":{"@id":"https:\/\/gulec.com\/de\/brandschutznormen\/jt-t-1095-brandschutznorm\/#breadcrumb"},"inLanguage":"de","potentialAction":[{"@type":"ReadAction","target":["https:\/\/gulec.com\/de\/brandschutznormen\/jt-t-1095-brandschutznorm\/"]}]},{"@type":"ImageObject","inLanguage":"de","@id":"https:\/\/gulec.com\/de\/brandschutznormen\/jt-t-1095-brandschutznorm\/#primaryimage","url":"http:\/\/gulec.com\/wp-content\/uploads\/2023\/12\/Gulec_Chemicals_Flame_Retardants_for_fire_standard_JTT1095_bus.jpg","contentUrl":"http:\/\/gulec.com\/wp-content\/uploads\/2023\/12\/Gulec_Chemicals_Flame_Retardants_for_fire_standard_JTT1095_bus.jpg"},{"@type":"BreadcrumbList","@id":"https:\/\/gulec.com\/de\/brandschutznormen\/jt-t-1095-brandschutznorm\/#breadcrumb","itemListElement":[{"@type":"ListItem","position":1,"name":"Home","item":"https:\/\/analytics1.archive.gerphos.bio\/"},{"@type":"ListItem","position":2,"name":"Brandpr\u00fcfnorm","item":"https:\/\/office.gulec-chem.com\/de\/brandschutznormen\/"},{"@type":"ListItem","position":3,"name":"JT\/T 1095 Brandpr\u00fcfnorm"}]},{"@type":"WebSite","@id":"https:\/\/gulec-chem.gulec.com\/de\/#website","url":"https:\/\/gulec-chem.gulec.com\/de\/","name":"Gulec Chemicals","description":"Producer of next-generation flame retardants","publisher":{"@id":"https:\/\/gulec-chem.gulec.com\/de\/#organization"},"potentialAction":[{"@type":"SearchAction","target":{"@type":"EntryPoint","urlTemplate":"https:\/\/gulec-chem.gulec.com\/de\/?s={search_term_string}"},"query-input":{"@type":"PropertyValueSpecification","valueRequired":true,"valueName":"search_term_string"}}],"inLanguage":"de"},{"@type":"Organization","@id":"https:\/\/gulec-chem.gulec.com\/de\/#organization","name":"Gulec Chemicals","url":"https:\/\/gulec-chem.gulec.com\/de\/","logo":{"@type":"ImageObject","inLanguage":"de","@id":"https:\/\/gulec-chem.gulec.com\/de\/#\/schema\/logo\/image\/","url":"https:\/\/gulec.com\/wp-content\/uploads\/2023\/10\/cropped-Gulec_Logo_White.png","contentUrl":"https:\/\/gulec.com\/wp-content\/uploads\/2023\/10\/cropped-Gulec_Logo_White.png","width":1200,"height":372,"caption":"Gulec Chemicals"},"image":{"@id":"https:\/\/gulec-chem.gulec.com\/de\/#\/schema\/logo\/image\/"},"sameAs":["https:\/\/www.facebook.com\/gulecchemicals\/","https:\/\/www.linkedin.com\/company\/gulecchem\/","https:\/\/www.instagram.com\/gulecchemicals"]}]}},"_links":{"self":[{"href":"https:\/\/gulec.com\/de\/wp-json\/wp\/v2\/pages\/3849","targetHints":{"allow":["GET"]}}],"collection":[{"href":"https:\/\/gulec.com\/de\/wp-json\/wp\/v2\/pages"}],"about":[{"href":"https:\/\/gulec.com\/de\/wp-json\/wp\/v2\/types\/page"}],"author":[{"embeddable":true,"href":"https:\/\/gulec.com\/de\/wp-json\/wp\/v2\/users\/1"}],"replies":[{"embeddable":true,"href":"https:\/\/gulec.com\/de\/wp-json\/wp\/v2\/comments?post=3849"}],"version-history":[{"count":6,"href":"https:\/\/gulec.com\/de\/wp-json\/wp\/v2\/pages\/3849\/revisions"}],"predecessor-version":[{"id":3923,"href":"https:\/\/gulec.com\/de\/wp-json\/wp\/v2\/pages\/3849\/revisions\/3923"}],"up":[{"embeddable":true,"href":"https:\/\/gulec.com\/de\/wp-json\/wp\/v2\/pages\/3873"}],"wp:attachment":[{"href":"https:\/\/gulec.com\/de\/wp-json\/wp\/v2\/media?parent=3849"}],"curies":[{"name":"wp","href":"https:\/\/api.w.org\/{rel}","templated":true}]}}