{"id":3861,"date":"2023-12-01T12:16:13","date_gmt":"2023-12-01T12:16:13","guid":{"rendered":"https:\/\/gulec.com\/gb-8410-brandschutzstandard\/"},"modified":"2026-04-21T12:50:28","modified_gmt":"2026-04-21T12:50:28","slug":"gb-8410-brandschutzstandard","status":"publish","type":"page","link":"https:\/\/gulec.com\/de\/brandschutznormen\/gb-8410-brandschutzstandard\/","title":{"rendered":"GB 8410 Brandpr\u00fcfnorm"},"content":{"rendered":"<div class=\"gb-container gb-container-0aaf3771\">\n<div class=\"gb-container gb-container-b914e7c6\">\n<div class=\"gb-container gb-container-1499a3f2 alignfull\">\n<div class=\"gb-container gb-container-fd148199\">\n<div class=\"gb-container gb-container-d9a23622\">\n\n<h3 class=\"gb-headline gb-headline-d5445703 gb-headline-text\">BRANDPR\u00dcFNORM<\/h3>\n\n<\/div>\n\n<div class=\"gb-container gb-container-75b3d4db\">\n\n<h1 class=\"gb-headline gb-headline-f50a165b gb-headline-text\">GB 8410 Brandpr\u00fcfnorm f\u00fcr Automobil-Innenraummaterialien<\/h1>\n\n<\/div>\n<\/div>\n<\/div>\n\n<div class=\"gb-container gb-container-77d991c2\">\n<div class=\"gb-container gb-container-48b23fd9\">\n<div class=\"gb-container gb-container-fbcda463\">\n\n<h2 class=\"gb-headline gb-headline-9bc41705 gb-headline-text\">GB 8410 Brandpr\u00fcfnorm f\u00fcr Automobil-Innenraummaterialien<\/h2>\n\n\n\n<p class=\"has-global-color-1-color has-text-color has-link-color wp-elements-e82b98f59d5721c94df10bb6c4393fbb\">GB 8410 ist ein chinesische <a href=\"https:\/\/de.wikipedia.org\/wiki\/GB_Standard\" target=\"_blank\" rel=\"noreferrer noopener\">Brandpr\u00fcfnorm<\/a>, die speziell f\u00fcr die Entflammbarkeit von Automobil-Innenraummaterialien entwickelt wurde. Er legt die Anforderungen und Pr\u00fcfmethoden fest, um sicherzustellen, dass in Fahrzeugen verwendete Materialien kein erhebliches Brandrisiko darstellen. <\/p>\n\n<\/div>\n\n<div class=\"gb-container gb-container-d419f55d\">\n<div class=\"gb-container gb-container-53d79789\">\n\n<h5 class=\"gb-headline gb-headline-82dcff69 gb-headline-text\">Pr\u00fcfmuster<\/h5>\n\n\n\n<p class=\"has-global-color-1-color has-text-color has-link-color wp-elements-d5982c1f16e1b8677f7a2ae517254d1b\">Beim GB 8410-Test werden Proben von Automobil-Innenraummaterialien wie Textilien, Kunststoffen und anderen Verbundwerkstoffen einer Flammenquelle ausgesetzt. Der Test misst die Brenngeschwindigkeit, die Flammenausbreitung sowie die Nachflamm- oder Nachgl\u00fchzeiten, um die Entflammbarkeitseigenschaften des Materials zu beurteilen. <\/p>\n\n<\/div>\n\n<div class=\"gb-container gb-container-a4adf440\">\n\n<h5 class=\"gb-headline gb-headline-d2474078 gb-headline-text\">ANWENDUNG<\/h5>\n\n\n\n<p class=\"has-global-color-1-color has-text-color has-link-color wp-elements-bc6e28efcb6c88204e29fedc2785e06e\">Dieser Standard ist entscheidend f\u00fcr die Automobilindustrie in China. Hersteller von Fahrzeugen und Automobil-Innenraumkomponenten verwenden GB 8410, um ihre Produkte zu bewerten und sicherzustellen, dass sie sicher sind und die strengen Brandschutzanforderungen f\u00fcr Fahrzeuginnenr\u00e4ume erf\u00fcllen. <\/p>\n\n<\/div>\n\n<div class=\"gb-container gb-container-c7e9f2e6\">\n\n<h5 class=\"gb-headline gb-headline-95892b13 gb-headline-text\">KLASSIFIZIERUNG<\/h5>\n\n\n\n<p>Materialien, die die GB 8410-Tests bestehen, werden basierend auf ihrem Entflammbarkeitsverhalten klassifiziert. Diese Klassifizierung hilft Automobilherstellern und -zulieferern bei der Auswahl geeigneter Materialien, die den Sicherheitsvorschriften entsprechen und Brandrisiken in Fahrzeugen minimieren. <\/p>\n\n<\/div>\n\n<div class=\"gb-container gb-container-3a75fabf\">\n\n<h5 class=\"gb-headline gb-headline-c7d4955b gb-headline-text\">KONFORMIT\u00c4T<\/h5>\n\n\n\n<p>Die Einhaltung von GB 8410 ist f\u00fcr alle Automobil-Innenraummaterialien, die in China hergestellten oder importierten Fahrzeugen verwendet werden, obligatorisch. Es ist ein Schl\u00fcsselstandard zur Gew\u00e4hrleistung der Sicherheit und Qualit\u00e4t von Automobilinnenr\u00e4umen. <\/p>\n\n<\/div>\n\n<div class=\"gb-container gb-container-a44a3e47\">\n\n<h5 class=\"gb-headline gb-headline-a1e039cc gb-headline-text\">GLOBALE ANERKENNUNG<\/h5>\n\n\n\n<p>Obwohl GB 8410 ein chinesischer nationaler Standard ist, stimmen seine Prinzipien mit den globalen Brandpr\u00fcfpraktiken in der Automobilindustrie \u00fcberein. Die Einhaltung dieses Standards wird oft als Ma\u00dfstab f\u00fcr Qualit\u00e4t und Sicherheit auf dem internationalen Automobilmarkt angesehen. <\/p>\n\n<\/div>\n<\/div>\n\n<div class=\"gb-container gb-container-66e376a7\">\n<div class=\"gb-container gb-container-a5845aa2\">\n\n<h5 class=\"gb-headline gb-headline-42eb3dfa gb-headline-text\">VERWANDTE M\u00c4RKTE<\/h5>\n\n\n<div class=\"gb-container gb-container-7ebf470b\">\n<div class=\"gb-container gb-container-938e4f6a\"><a class=\"gb-container-link\" href=\"https:\/\/gulec.com\/markets-applications\/automotive-flame-retardants\/\"><\/a>\n\n<h5 class=\"gb-headline gb-headline-c590c9ac\"><span class=\"gb-icon\"><svg xmlns=\"http:\/\/www.w3.org\/2000\/svg\" viewbox=\"0 0 244.19 244.19\" id=\"Layer_2\"><defs><style>.cls-1{fill:none;stroke:#e63b27;stroke-miterlimit:10;stroke-width:7px}<\/style><\/defs><g id=\"Layer_1-2\"><circle class=\"cls-1\" r=\"43.5\" cy=\"133.14\" cx=\"67.57\"><\/circle><circle class=\"cls-1\" r=\"31.89\" cy=\"133.14\" cx=\"67.57\"><\/circle><circle class=\"cls-1\" r=\"8.16\" cy=\"133.14\" cx=\"67.57\"><\/circle><path class=\"cls-1\" d=\"M37.19 123.41c6.33-3.71 32.44-16.84 60.67-.26h.01M73.32 165.03s3.06-26.03 25.74-26.87M35.68 138.16s24.34 1.34 25.68 26.87\"><\/path><rect ry=\"35\" rx=\"35\" class=\"cls-1\" y=\"3.5\" x=\"3.5\" height=\"237.19\" width=\"237.19\"><\/rect><path class=\"cls-1\" d=\"M67.57 89.64s71.32-20.16 144.08 5.98M111.07 133.14h7.31c10.75 0 19.46 8.71 19.46 19.46v33.05M160.44 185.65V152.6c0-10.75 8.71-19.46 19.46-19.46h37.25\"><\/path><\/g><\/svg><\/span><span class=\"gb-headline-text\">Automobilindustrie<\/span><\/h5>\n\n<\/div>\n\n<div class=\"gb-container gb-container-31064b67\"><a class=\"gb-container-link\" href=\"https:\/\/gulec.com\/markets-applications\/public-transport-bus-train-flame-retardants\/\"><\/a>\n\n<h5 class=\"gb-headline gb-headline-374d9a89\"><span class=\"gb-icon\"><svg viewbox=\"0 0 244.19 244.19\" id=\"Layer_2\" xmlns=\"http:\/\/www.w3.org\/2000\/svg\"><defs><style>.cls-1{fill:none;stroke:#e63b27;stroke-miterlimit:10;stroke-width:7px}<\/style><\/defs><g id=\"Layer_1-2\"><rect ry=\"35\" rx=\"35\" class=\"cls-1\" y=\"3.5\" x=\"3.5\" height=\"237.19\" width=\"237.19\"\/><path class=\"cls-1\" d=\"M113.75 177.71h-73.6c-1.47 0-2.65-1.19-2.65-2.65V88.67c0-1.47 1.19-2.65 2.65-2.65h73.6c1.47 0 2.65 1.19 2.65 2.65v86.39c0 1.47-1.19 2.65-2.65 2.65ZM116.41 101.75H37.5\"><\/path><path class=\"cls-1\" d=\"M37.5 140.45s42.04 13.13 78.91 0M65.2 167.89h24.14M65.2 158.15h24.14\"><\/path><rect ry=\"2.48\" rx=\"2.48\" class=\"cls-1\" y=\"104.45\" x=\"26.24\" height=\"22.79\" width=\"11.26\"\/><rect ry=\"2.48\" rx=\"2.48\" class=\"cls-1\" y=\"104.45\" x=\"116.41\" height=\"22.79\" width=\"11.26\"\/><path class=\"cls-1\" d=\"M37.5 158.15h17.78M98.63 158.15h17.78M44.92 177.71H65.2v3.81c0 4-3.25 7.25-7.25 7.25h-5.79c-4 0-7.25-3.25-7.25-7.25v-3.81ZM89.34 177.71h20.28v3.81c0 4-3.25 7.25-7.25 7.25h-5.79c-4 0-7.25-3.25-7.25-7.25v-3.81ZM217.46 119.3c0 2.93-.11 5.81-.34 8.63-.71 9.01-8.25 15.94-17.28 15.94h-41.45c-9.03 0-16.57-6.94-17.28-15.94-.22-2.82-.34-5.7-.34-8.63 0-35.76 17.17-64.76 38.35-64.76s38.34 29 38.34 64.76Z\"><\/path><path class=\"cls-1\" d=\"M173.77 71.71h10.69c5.89 0 10.25 5.49 8.92 11.23l-3.37 14.49c-2.68 11.53-19.1 11.53-21.78 0l-3.37-14.49c-1.34-5.74 3.02-11.23 8.92-11.23Z\"><\/path><path class=\"cls-1\" d=\"m150.51 76.18 11.36 44.08c1.21 4.7 5.45 7.99 10.3 7.99h14.37c4.85 0 9.09-3.28 10.3-7.99l11.2-43.47M162.63 143.87h32.97v2.78c0 3.41-2.77 6.17-6.17 6.17H168.8c-3.41 0-6.17-2.77-6.17-6.17v-2.78ZM159.24 143.87l-17.4 20.37M216.4 164.24 199 143.87M151.96 121.41h-11.19M217.46 121.41h-11.19\"><\/path><\/g><\/svg><\/span><span class=\"gb-headline-text\">\u00d6ffentlicher<br>Verkehr<\/span><\/h5>\n\n<\/div>\n<\/div>\n<\/div>\n<\/div>\n<\/div>\n\n<div class=\"gb-container gb-container-89d5abdc\">\n<div class=\"gb-container gb-container-b1e6ba28\">\n\n<figure class=\"gb-block-image gb-block-image-1e77b532\"><img decoding=\"async\" width=\"1920\" height=\"2560\" class=\"gb-image gb-image-1e77b532\" src=\"http:\/\/gulec.com\/wp-content\/uploads\/2023\/12\/Gulec_Chemicals_Flame_Retardants_for_fire_standard_GB8410_car_interior-scaled.jpg\" alt=\"Gulec Gerphos Flammschutzmittel Brandpr\u00fcfnorm GB8410 Automobil-Innenraum\" title=\"Gulec_Chemicals_Flammschutzmittel_f\u00fcr_Brandpr\u00fcfnorm_GB8410_Automobil-Innenraum\" srcset=\"https:\/\/gulec.com\/wp-content\/uploads\/2023\/12\/Gulec_Chemicals_Flame_Retardants_for_fire_standard_GB8410_car_interior-scaled.jpg 1920w, https:\/\/gulec.com\/wp-content\/uploads\/2023\/12\/Gulec_Chemicals_Flame_Retardants_for_fire_standard_GB8410_car_interior-225x300.jpg 225w, https:\/\/gulec.com\/wp-content\/uploads\/2023\/12\/Gulec_Chemicals_Flame_Retardants_for_fire_standard_GB8410_car_interior-768x1024.jpg 768w, https:\/\/gulec.com\/wp-content\/uploads\/2023\/12\/Gulec_Chemicals_Flame_Retardants_for_fire_standard_GB8410_car_interior-1152x1536.jpg 1152w, https:\/\/gulec.com\/wp-content\/uploads\/2023\/12\/Gulec_Chemicals_Flame_Retardants_for_fire_standard_GB8410_car_interior-1536x2048.jpg 1536w\" sizes=\"(max-width: 1920px) 100vw, 1920px\" \/><\/figure>\n\n<\/div>\n<\/div>\n<\/div>\n\n<div class=\"gb-container gb-container-3b3c508f\">\n<div class=\"gb-container gb-container-90349f9a\">\n<div class=\"gb-container gb-container-778dbf33\">\n<div class=\"gb-container gb-container-b97d04ed\">\n\n<h4 class=\"gb-headline gb-headline-8ea92d30 gb-headline-text\">flammhemmende Materialien liefern, die die Brandpr\u00fcfnorm GB 8410 bestehen<\/h4>\n\n\n\n<h2 class=\"gb-headline gb-headline-0a522bd1 gb-headline-text\">Testen und profitieren Sie von GERPHOS Flammschutzmitteln, die f\u00fcr die Brandpr\u00fcfnorm GB 8410 optimiert sind<\/h2>\n\n\n\n<span class=\"gb-button gb-button-6eefd8ad gb-button-text\">Kostenlose Beratung buchen<\/span>\n\n<\/div>\n\n<div class=\"gb-container gb-container-616ffa0c\">\n\n<h4 class=\"gb-headline gb-headline-aec8225e gb-headline-text\">Bleiben Sie \u00fcber Innovationen im Flammschutz der n\u00e4chsten Generation auf dem Laufenden. <\/h4>\n\n\n\n<h2 class=\"gb-headline gb-headline-ef724048 gb-headline-text\">Abonnieren Sie unseren Newsletter<\/h2>\n\n\n\n<\/div>\n<\/div>\n<\/div>\n<\/div>\n<\/div>\n<\/div>","protected":false},"excerpt":{"rendered":"<p>BRANDPR\u00dcFNORM GB 8410 Brandpr\u00fcfnorm f\u00fcr Automobil-Innenraummaterialien GB 8410 Brandpr\u00fcfnorm f\u00fcr Automobil-Innenraummaterialien GB 8410 ist ein chinesische Brandpr\u00fcfnorm, die speziell f\u00fcr die Entflammbarkeit von Automobil-Innenraummaterialien entwickelt wurde. Er legt die Anforderungen und Pr\u00fcfmethoden fest, um sicherzustellen, dass in Fahrzeugen verwendete Materialien kein erhebliches Brandrisiko darstellen. Pr\u00fcfmuster Beim GB 8410-Test werden Proben von Automobil-Innenraummaterialien wie Textilien, Kunststoffen &#8230; <\/p>\n<p class=\"read-more-container\"><a title=\"GB 8410 Brandpr\u00fcfnorm\" class=\"read-more button\" href=\"https:\/\/gulec.com\/de\/brandschutznormen\/gb-8410-brandschutzstandard\/#more-3861\" aria-label=\"Mehr Informationen \u00fcber GB 8410 Brandpr\u00fcfnorm\">Weiterlesen &#8230;<\/a><\/p>\n","protected":false},"author":1,"featured_media":0,"parent":3873,"menu_order":0,"comment_status":"closed","ping_status":"closed","template":"","meta":{"_acf_changed":false,"footnotes":""},"class_list":["post-3861","page","type-page","status-publish"],"acf":[],"yoast_head":"<!-- This site is optimized with the Yoast SEO Premium plugin v27.1 (Yoast SEO v27.2) - https:\/\/yoast.com\/product\/yoast-seo-premium-wordpress\/ -->\n<title>GB 8410 Brandpr\u00fcfnorm - Gulec Chemicals<\/title>\n<meta name=\"description\" content=\"GB 8410 ist eine chinesische Brandpr\u00fcfnorm, der speziell f\u00fcr die Entflammbarkeit von Automobil-Innenraummaterialien entwickelt wurde.\" \/>\n<meta name=\"robots\" content=\"index, follow, max-snippet:-1, max-image-preview:large, max-video-preview:-1\" \/>\n<link rel=\"canonical\" href=\"https:\/\/gulec.com\/de\/brandschutznormen\/gb-8410-brandschutzstandard\/\" \/>\n<meta property=\"og:locale\" content=\"de_DE\" \/>\n<meta property=\"og:type\" content=\"article\" \/>\n<meta property=\"og:title\" content=\"GB 8410 Brandpr\u00fcfnorm\" \/>\n<meta property=\"og:description\" content=\"GB 8410 ist eine chinesische Brandpr\u00fcfnorm, der speziell f\u00fcr die Entflammbarkeit von Automobil-Innenraummaterialien entwickelt wurde.\" \/>\n<meta property=\"og:url\" content=\"https:\/\/gulec.com\/de\/brandschutznormen\/gb-8410-brandschutzstandard\/\" \/>\n<meta property=\"og:site_name\" content=\"Gulec Chemicals\" \/>\n<meta property=\"article:publisher\" content=\"https:\/\/www.facebook.com\/gulecchemicals\/\" \/>\n<meta property=\"article:modified_time\" content=\"2026-04-21T12:50:28+00:00\" \/>\n<meta property=\"og:image\" content=\"http:\/\/gulec.com\/wp-content\/uploads\/2023\/12\/Gulec_Chemicals_Flame_Retardants_for_fire_standard_GB8410_car_interior-scaled.jpg\" \/>\n<meta name=\"twitter:card\" content=\"summary_large_image\" \/>\n<meta name=\"twitter:label1\" content=\"Gesch\u00e4tzte Lesezeit\" \/>\n\t<meta name=\"twitter:data1\" content=\"1\u00a0Minute\" \/>\n<script type=\"application\/ld+json\" class=\"yoast-schema-graph\">{\"@context\":\"https:\/\/schema.org\",\"@graph\":[{\"@type\":\"WebPage\",\"@id\":\"https:\/\/gulec.com\/de\/brandschutznormen\/gb-8410-brandschutzstandard\/\",\"url\":\"https:\/\/gulec.com\/de\/brandschutznormen\/gb-8410-brandschutzstandard\/\",\"name\":\"GB 8410 Brandpr\u00fcfnorm - Gulec Chemicals\",\"isPartOf\":{\"@id\":\"https:\/\/mail.gulec-chem.com\/de\/#website\"},\"primaryImageOfPage\":{\"@id\":\"https:\/\/gulec.com\/de\/brandschutznormen\/gb-8410-brandschutzstandard\/#primaryimage\"},\"image\":{\"@id\":\"https:\/\/gulec.com\/de\/brandschutznormen\/gb-8410-brandschutzstandard\/#primaryimage\"},\"thumbnailUrl\":\"http:\/\/gulec.com\/wp-content\/uploads\/2023\/12\/Gulec_Chemicals_Flame_Retardants_for_fire_standard_GB8410_car_interior-scaled.jpg\",\"datePublished\":\"2023-12-01T12:16:13+00:00\",\"dateModified\":\"2026-04-21T12:50:28+00:00\",\"description\":\"GB 8410 ist eine chinesische Brandpr\u00fcfnorm, der speziell f\u00fcr die Entflammbarkeit von Automobil-Innenraummaterialien entwickelt wurde.\",\"breadcrumb\":{\"@id\":\"https:\/\/gulec.com\/de\/brandschutznormen\/gb-8410-brandschutzstandard\/#breadcrumb\"},\"inLanguage\":\"de\",\"potentialAction\":[{\"@type\":\"ReadAction\",\"target\":[\"https:\/\/gulec.com\/de\/brandschutznormen\/gb-8410-brandschutzstandard\/\"]}]},{\"@type\":\"ImageObject\",\"inLanguage\":\"de\",\"@id\":\"https:\/\/gulec.com\/de\/brandschutznormen\/gb-8410-brandschutzstandard\/#primaryimage\",\"url\":\"http:\/\/gulec.com\/wp-content\/uploads\/2023\/12\/Gulec_Chemicals_Flame_Retardants_for_fire_standard_GB8410_car_interior-scaled.jpg\",\"contentUrl\":\"http:\/\/gulec.com\/wp-content\/uploads\/2023\/12\/Gulec_Chemicals_Flame_Retardants_for_fire_standard_GB8410_car_interior-scaled.jpg\"},{\"@type\":\"BreadcrumbList\",\"@id\":\"https:\/\/gulec.com\/de\/brandschutznormen\/gb-8410-brandschutzstandard\/#breadcrumb\",\"itemListElement\":[{\"@type\":\"ListItem\",\"position\":1,\"name\":\"Home\",\"item\":\"https:\/\/mail.gulec-chem.com\/\"},{\"@type\":\"ListItem\",\"position\":2,\"name\":\"Brandpr\u00fcfnorm\",\"item\":\"https:\/\/webmail.gulec.de\/de\/brandschutznormen\/\"},{\"@type\":\"ListItem\",\"position\":3,\"name\":\"GB 8410 Brandpr\u00fcfnorm\"}]},{\"@type\":\"WebSite\",\"@id\":\"https:\/\/mail.gulec-chem.com\/de\/#website\",\"url\":\"https:\/\/mail.gulec-chem.com\/de\/\",\"name\":\"Gulec Chemicals\",\"description\":\"Producer of next-generation flame retardants\",\"publisher\":{\"@id\":\"https:\/\/mail.gulec-chem.com\/de\/#organization\"},\"potentialAction\":[{\"@type\":\"SearchAction\",\"target\":{\"@type\":\"EntryPoint\",\"urlTemplate\":\"https:\/\/mail.gulec-chem.com\/de\/?s={search_term_string}\"},\"query-input\":{\"@type\":\"PropertyValueSpecification\",\"valueRequired\":true,\"valueName\":\"search_term_string\"}}],\"inLanguage\":\"de\"},{\"@type\":\"Organization\",\"@id\":\"https:\/\/mail.gulec-chem.com\/de\/#organization\",\"name\":\"Gulec Chemicals\",\"url\":\"https:\/\/mail.gulec-chem.com\/de\/\",\"logo\":{\"@type\":\"ImageObject\",\"inLanguage\":\"de\",\"@id\":\"https:\/\/mail.gulec-chem.com\/de\/#\/schema\/logo\/image\/\",\"url\":\"https:\/\/gulec.com\/wp-content\/uploads\/2023\/10\/cropped-Gulec_Logo_White.png\",\"contentUrl\":\"https:\/\/gulec.com\/wp-content\/uploads\/2023\/10\/cropped-Gulec_Logo_White.png\",\"width\":1200,\"height\":372,\"caption\":\"Gulec Chemicals\"},\"image\":{\"@id\":\"https:\/\/mail.gulec-chem.com\/de\/#\/schema\/logo\/image\/\"},\"sameAs\":[\"https:\/\/www.facebook.com\/gulecchemicals\/\",\"https:\/\/www.linkedin.com\/company\/gulecchem\/\",\"https:\/\/www.instagram.com\/gulecchemicals\"]}]}<\/script>\n<!-- \/ Yoast SEO Premium plugin. -->","yoast_head_json":{"title":"GB 8410 Brandpr\u00fcfnorm - Gulec Chemicals","description":"GB 8410 ist eine chinesische Brandpr\u00fcfnorm, der speziell f\u00fcr die Entflammbarkeit von Automobil-Innenraummaterialien entwickelt wurde.","robots":{"index":"index","follow":"follow","max-snippet":"max-snippet:-1","max-image-preview":"max-image-preview:large","max-video-preview":"max-video-preview:-1"},"canonical":"https:\/\/gulec.com\/de\/brandschutznormen\/gb-8410-brandschutzstandard\/","og_locale":"de_DE","og_type":"article","og_title":"GB 8410 Brandpr\u00fcfnorm","og_description":"GB 8410 ist eine chinesische Brandpr\u00fcfnorm, der speziell f\u00fcr die Entflammbarkeit von Automobil-Innenraummaterialien entwickelt wurde.","og_url":"https:\/\/gulec.com\/de\/brandschutznormen\/gb-8410-brandschutzstandard\/","og_site_name":"Gulec Chemicals","article_publisher":"https:\/\/www.facebook.com\/gulecchemicals\/","article_modified_time":"2026-04-21T12:50:28+00:00","og_image":[{"url":"http:\/\/gulec.com\/wp-content\/uploads\/2023\/12\/Gulec_Chemicals_Flame_Retardants_for_fire_standard_GB8410_car_interior-scaled.jpg","type":"","width":"","height":""}],"twitter_card":"summary_large_image","twitter_misc":{"Gesch\u00e4tzte Lesezeit":"1\u00a0Minute"},"schema":{"@context":"https:\/\/schema.org","@graph":[{"@type":"WebPage","@id":"https:\/\/gulec.com\/de\/brandschutznormen\/gb-8410-brandschutzstandard\/","url":"https:\/\/gulec.com\/de\/brandschutznormen\/gb-8410-brandschutzstandard\/","name":"GB 8410 Brandpr\u00fcfnorm - Gulec Chemicals","isPartOf":{"@id":"https:\/\/mail.gulec-chem.com\/de\/#website"},"primaryImageOfPage":{"@id":"https:\/\/gulec.com\/de\/brandschutznormen\/gb-8410-brandschutzstandard\/#primaryimage"},"image":{"@id":"https:\/\/gulec.com\/de\/brandschutznormen\/gb-8410-brandschutzstandard\/#primaryimage"},"thumbnailUrl":"http:\/\/gulec.com\/wp-content\/uploads\/2023\/12\/Gulec_Chemicals_Flame_Retardants_for_fire_standard_GB8410_car_interior-scaled.jpg","datePublished":"2023-12-01T12:16:13+00:00","dateModified":"2026-04-21T12:50:28+00:00","description":"GB 8410 ist eine chinesische Brandpr\u00fcfnorm, der speziell f\u00fcr die Entflammbarkeit von Automobil-Innenraummaterialien entwickelt wurde.","breadcrumb":{"@id":"https:\/\/gulec.com\/de\/brandschutznormen\/gb-8410-brandschutzstandard\/#breadcrumb"},"inLanguage":"de","potentialAction":[{"@type":"ReadAction","target":["https:\/\/gulec.com\/de\/brandschutznormen\/gb-8410-brandschutzstandard\/"]}]},{"@type":"ImageObject","inLanguage":"de","@id":"https:\/\/gulec.com\/de\/brandschutznormen\/gb-8410-brandschutzstandard\/#primaryimage","url":"http:\/\/gulec.com\/wp-content\/uploads\/2023\/12\/Gulec_Chemicals_Flame_Retardants_for_fire_standard_GB8410_car_interior-scaled.jpg","contentUrl":"http:\/\/gulec.com\/wp-content\/uploads\/2023\/12\/Gulec_Chemicals_Flame_Retardants_for_fire_standard_GB8410_car_interior-scaled.jpg"},{"@type":"BreadcrumbList","@id":"https:\/\/gulec.com\/de\/brandschutznormen\/gb-8410-brandschutzstandard\/#breadcrumb","itemListElement":[{"@type":"ListItem","position":1,"name":"Home","item":"https:\/\/mail.gulec-chem.com\/"},{"@type":"ListItem","position":2,"name":"Brandpr\u00fcfnorm","item":"https:\/\/webmail.gulec.de\/de\/brandschutznormen\/"},{"@type":"ListItem","position":3,"name":"GB 8410 Brandpr\u00fcfnorm"}]},{"@type":"WebSite","@id":"https:\/\/mail.gulec-chem.com\/de\/#website","url":"https:\/\/mail.gulec-chem.com\/de\/","name":"Gulec Chemicals","description":"Producer of next-generation flame retardants","publisher":{"@id":"https:\/\/mail.gulec-chem.com\/de\/#organization"},"potentialAction":[{"@type":"SearchAction","target":{"@type":"EntryPoint","urlTemplate":"https:\/\/mail.gulec-chem.com\/de\/?s={search_term_string}"},"query-input":{"@type":"PropertyValueSpecification","valueRequired":true,"valueName":"search_term_string"}}],"inLanguage":"de"},{"@type":"Organization","@id":"https:\/\/mail.gulec-chem.com\/de\/#organization","name":"Gulec Chemicals","url":"https:\/\/mail.gulec-chem.com\/de\/","logo":{"@type":"ImageObject","inLanguage":"de","@id":"https:\/\/mail.gulec-chem.com\/de\/#\/schema\/logo\/image\/","url":"https:\/\/gulec.com\/wp-content\/uploads\/2023\/10\/cropped-Gulec_Logo_White.png","contentUrl":"https:\/\/gulec.com\/wp-content\/uploads\/2023\/10\/cropped-Gulec_Logo_White.png","width":1200,"height":372,"caption":"Gulec Chemicals"},"image":{"@id":"https:\/\/mail.gulec-chem.com\/de\/#\/schema\/logo\/image\/"},"sameAs":["https:\/\/www.facebook.com\/gulecchemicals\/","https:\/\/www.linkedin.com\/company\/gulecchem\/","https:\/\/www.instagram.com\/gulecchemicals"]}]}},"_links":{"self":[{"href":"https:\/\/gulec.com\/de\/wp-json\/wp\/v2\/pages\/3861","targetHints":{"allow":["GET"]}}],"collection":[{"href":"https:\/\/gulec.com\/de\/wp-json\/wp\/v2\/pages"}],"about":[{"href":"https:\/\/gulec.com\/de\/wp-json\/wp\/v2\/types\/page"}],"author":[{"embeddable":true,"href":"https:\/\/gulec.com\/de\/wp-json\/wp\/v2\/users\/1"}],"replies":[{"embeddable":true,"href":"https:\/\/gulec.com\/de\/wp-json\/wp\/v2\/comments?post=3861"}],"version-history":[{"count":9,"href":"https:\/\/gulec.com\/de\/wp-json\/wp\/v2\/pages\/3861\/revisions"}],"predecessor-version":[{"id":3913,"href":"https:\/\/gulec.com\/de\/wp-json\/wp\/v2\/pages\/3861\/revisions\/3913"}],"up":[{"embeddable":true,"href":"https:\/\/gulec.com\/de\/wp-json\/wp\/v2\/pages\/3873"}],"wp:attachment":[{"href":"https:\/\/gulec.com\/de\/wp-json\/wp\/v2\/media?parent=3861"}],"curies":[{"name":"wp","href":"https:\/\/api.w.org\/{rel}","templated":true}]}}