{"id":3865,"date":"2023-12-01T10:52:45","date_gmt":"2023-12-01T10:52:45","guid":{"rendered":"https:\/\/gulec.com\/brandschutznorm-bs-7175\/"},"modified":"2026-04-30T14:53:39","modified_gmt":"2026-04-30T14:53:39","slug":"brandschutznorm-bs-7175","status":"publish","type":"page","link":"https:\/\/gulec.com\/de\/brandschutznormen\/brandschutznorm-bs-7175\/","title":{"rendered":"Brandpr\u00fcfnorm BS 7175"},"content":{"rendered":"<div class=\"gb-container gb-container-0aaf3771\">\n<div class=\"gb-container gb-container-b914e7c6\">\n<div class=\"gb-container gb-container-1499a3f2 alignfull\">\n<div class=\"gb-container gb-container-fd148199\">\n<div class=\"gb-container gb-container-d9a23622\">\n\n<h3 class=\"gb-headline gb-headline-d5445703 gb-headline-text\">BRANDPR\u00dcFNORM<\/h3>\n\n<\/div>\n\n<div class=\"gb-container gb-container-75b3d4db\">\n\n<h1 class=\"gb-headline gb-headline-f50a165b gb-headline-text\">Brandpr\u00fcfnorm BS 7175 f\u00fcr Bettwaren<\/h1>\n\n<\/div>\n<\/div>\n<\/div>\n\n<div class=\"gb-container gb-container-77d991c2\">\n<div class=\"gb-container gb-container-48b23fd9\">\n<div class=\"gb-container gb-container-fbcda463\">\n\n<h2 class=\"gb-headline gb-headline-9bc41705 gb-headline-text\">Brandpr\u00fcfnorm BS 7175 f\u00fcr Bettwaren<\/h2>\n\n\n\n<p>BS 7175 ist eine wesentliche <a href=\"http:\/\/fr.polymerinsights.com\/codes-and-standards\/industry\/furniture\/bs-7175#:~:text=BS%207175%3A%20Fire%20test%20for%20bedcovers%20and%20pillows%20%2D%20Test%20Method,humidity%20of%2065%20%C2%B1%205%20%25.\" target=\"_blank\" rel=\"noreferrer noopener\">Brandpr\u00fcfnorm <\/a>im Vereinigten K\u00f6nigreich, die die Entz\u00fcndungsbest\u00e4ndigkeit von Bettwaren gegen\u00fcber glimmenden und offenen Z\u00fcndquellen festlegt. Sie ist ein zentrales Instrument, um sicherzustellen, dass Bettwaren sicher in der Anwendung sind \u2013 insbesondere in Umgebungen wie Hotellerie und Gesundheitswesen, in denen Brandschutz oberste Priorit\u00e4t hat. <\/p>\n\n<\/div>\n\n<div class=\"gb-container gb-container-d419f55d\">\n<div class=\"gb-container gb-container-53d79789\">\n\n<h5 class=\"gb-headline gb-headline-82dcff69 gb-headline-text\">Pr\u00fcfmuster<\/h5>\n\n\n\n<p class=\"has-global-color-1-color has-text-color has-link-color wp-elements-8a0f256c4d410b3d2a5fa197656081be\">Die in BS 7175 beschriebene Pr\u00fcfung umfasst die Beaufschlagung von Bettwaren mit verschiedenen Z\u00fcndquellen, darunter glimmende Zigaretten und kleine offene Flammen wie Streichh\u00f6lzer (wobei Crib 5 zu den strengeren Pr\u00fcfungen z\u00e4hlt). Die Norm bewertet, wie sich das Produkt entz\u00fcndet und mit welcher Geschwindigkeit sich die Flamme ausbreitet. <\/p>\n\n<\/div>\n\n<div class=\"gb-container gb-container-a4adf440\">\n\n<h5 class=\"gb-headline gb-headline-d2474078 gb-headline-text\">ANWENDUNG<\/h5>\n\n\n\n<p class=\"has-global-color-1-color has-text-color has-link-color wp-elements-69a55e72557b9ae1519faf20aa497f59\">Bettwaren in \u00f6ffentlichen Einrichtungen wie Krankenh\u00e4usern, Gef\u00e4ngnissen und Hotels m\u00fcssen BS 7175 erf\u00fcllen, um ein hohes Ma\u00df an Brandsicherheit zu gew\u00e4hrleisten. Diese Norm hilft, brandbedingte Vorf\u00e4lle zu verhindern, indem sie sicherstellt, dass die in Bettwaren verwendeten Materialien weniger wahrscheinlich zur Brandentwicklung und -ausbreitung beitragen. <\/p>\n\n<\/div>\n\n<div class=\"gb-container gb-container-c7e9f2e6\">\n\n<h5 class=\"gb-headline gb-headline-95892b13 gb-headline-text\">KLASSIFIZIERUNG<\/h5>\n\n\n\n<p class=\"has-global-color-1-color has-text-color has-link-color wp-elements-e8c234be8fff368697c6635a3c635b5c\">BS 7175 klassifiziert Bettwaren anhand ihrer Leistung in der Pr\u00fcfung und liefert klare Kriterien f\u00fcr den Grad der angebotenen Feuerbest\u00e4ndigkeit. Diese Klassifizierung unterst\u00fctzt K\u00e4ufer und Aufsichtsbeh\u00f6rden dabei, Produkte zu identifizieren, die die erforderlichen Sicherheitsstandards erf\u00fcllen. <\/p>\n\n<\/div>\n\n<div class=\"gb-container gb-container-3a75fabf\">\n\n<h5 class=\"gb-headline gb-headline-c7d4955b gb-headline-text\">KONFORMIT\u00c4T<\/h5>\n\n\n\n<p>Hersteller von Bettwaren m\u00fcssen BS 7175 erf\u00fcllen, um die Hotellerie- und Gesundheitsbranche sowie weitere M\u00e4rkte mit regulierten Sicherheitsstandards beliefern zu k\u00f6nnen. Die Einhaltung ist nicht nur f\u00fcr die Erf\u00fcllung gesetzlicher Anforderungen entscheidend, sondern auch f\u00fcr die Wahrung des Verbrauchervertrauens und der Markenintegrit\u00e4t. <\/p>\n\n<\/div>\n\n<div class=\"gb-container gb-container-a44a3e47\">\n\n<h5 class=\"gb-headline gb-headline-a1e039cc gb-headline-text\">GLOBALE ANERKENNUNG<\/h5>\n\n\n\n<p>Obwohl BS 7175 spezifisch f\u00fcr das Vereinigte K\u00f6nigreich ist, entsprechen die darin verankerten Brandschutzprinzipien den globalen Sicherheitserwartungen, und die Norm wird h\u00e4ufig von internationalen K\u00e4ufern anerkannt, die hohe Brandschutzstandards f\u00fcr Bettwaren suchen.<\/p>\n\n<\/div>\n<\/div>\n\n<div class=\"gb-container gb-container-66e376a7\">\n<div class=\"gb-container gb-container-a5845aa2\">\n\n<h5 class=\"gb-headline gb-headline-42eb3dfa gb-headline-text\">VERWANDTE M\u00c4RKTE<\/h5>\n\n\n<div class=\"gb-container gb-container-7ebf470b\">\n<div class=\"gb-container gb-container-191a4d1c\"><a class=\"gb-container-link\" href=\"https:\/\/gulec.com\/markets-applications\/contract-furniture-flame-retardants\/\"><\/a>\n\n<h5 class=\"gb-headline gb-headline-61a82b75\"><span class=\"gb-icon\"><svg viewbox=\"0 0 244.19 244.19\" id=\"Layer_2\" xmlns=\"http:\/\/www.w3.org\/2000\/svg\"><defs><style>.cls-1{fill:none;stroke:#e63b27;stroke-miterlimit:10;stroke-width:7px}<\/style><\/defs><g id=\"Layer_1-2\"><rect ry=\"35\" rx=\"35\" class=\"cls-1\" y=\"3.5\" x=\"3.5\" height=\"237.19\" width=\"237.19\"\/><path class=\"cls-1\" d=\"m75.83 73.97-8.7 30.9c-1.09 3.87 1.38 7.85 5.34 8.57l112.54 20.66c3.61.66 7.11-1.65 7.9-5.24l10.24-46.1c.92-4.14-2.11-8.1-6.34-8.31L82.73 68.99a6.828 6.828 0 0 0-6.9 4.97Z\"><\/path><path class=\"cls-1\" d=\"m109.94 70.3-12.72 43.59c-.7 2.4-2.65 4.22-5.09 4.76l-39.06 8.6M96.09 117.78l-43.02 9.47M154.4 72.43l-14.16 48.54c-.7 2.4-2.65 4.22-5.09 4.76l-46.49 10.24M38.74 117.13V104.6c0-3.36 2.44-6.21 5.75-6.75l25.78-4.13M150.97 147.5v-22.84c0-3.36 2.44-6.21 5.75-6.75l40.05-6.42\"><\/path><path class=\"cls-1\" d=\"M29.81 120.03v8.3c0 3.36 2.01 6.3 4.9 7.14l100.94 29.36c4.13 1.2 8.15-2.32 8.15-7.14v-8.46\"><\/path><path class=\"cls-1\" d=\"M36.53 160.14v-3.37c0-1.9.79-3.71 2.18-5l12.51-11.64M157.65 195.89v-4.91c0-1.39.43-2.75 1.22-3.9l24.44-35.19c2.51-3.61 7.72-3.95 10.67-.69l18.63 20.54a6.83 6.83 0 0 1 1.77 4.59v4.76\"><\/path><path class=\"cls-1\" d=\"m140.07 164.34 50.42-16.51c.59-.2.99-.75.99-1.37v-9.24c0-.96-.93-1.66-1.85-1.39l-46.01 13.4c-.24.07-.5.08-.75.02L30.91 121.62c-1.51-.37-1.45-2.54.07-2.83l37.84-7.29\"><\/path><\/g><\/svg><\/span><span class=\"gb-headline-text\">Objekt-<br>M\u00f6bel<\/span><\/h5>\n\n<\/div>\n\n<div class=\"gb-container gb-container-2874631f\"><a class=\"gb-container-link\" href=\"https:\/\/gulec.com\/markets-applications\/healthcare-flame-retardants\/\"><\/a>\n\n<h5 class=\"gb-headline gb-headline-688a5178\"><span class=\"gb-icon\"><svg xmlns=\"http:\/\/www.w3.org\/2000\/svg\" viewbox=\"0 0 244.19 244.19\" id=\"Layer_2\"><defs><style>.cls-1{fill:none;stroke:#e63b27;stroke-miterlimit:10;stroke-width:7px}<\/style><\/defs><g id=\"Layer_1-2\"><rect ry=\"35\" rx=\"35\" class=\"cls-1\" y=\"3.5\" x=\"3.5\" height=\"237.19\" width=\"237.19\"><\/rect><ellipse ry=\"7.8\" rx=\"6.63\" class=\"cls-1\" cy=\"146.86\" cx=\"32.61\"><\/ellipse><path class=\"cls-1\" d=\"M176.27 132.76c-.89.84-1.99 1.41-3.19 1.65L81.64 153c-1.13.23-2.3.16-3.4-.21l-46.79-15.72c-2.67-.9-4.47-3.4-4.47-6.22v-28.44c0-4.18 3.86-7.3 7.95-6.41l39.81 8.63a6.55 6.55 0 0 1 5.17 6.41V131c0 4.15 3.8 7.25 7.86 6.43l81.38-16.41c1.18-.24 2.27-.8 3.16-1.61l33.47-30.93c4.12-3.81 1.87-10.69-3.7-11.34l-37.6-4.35c-1.73-.2-3.46.29-4.83 1.37l-37.78 29.91c-.91.72-1.99 1.18-3.13 1.35l-38.82 5.61\"><\/path><path class=\"cls-1\" d=\"M207.92 85.55v16.07l-31.65 31.14\"><\/path><ellipse ry=\"7.8\" rx=\"6.63\" class=\"cls-1\" cy=\"167.58\" cx=\"96.28\"><\/ellipse><path class=\"cls-1\" d=\"M96.28 158.78v-7.68\"><\/path><ellipse ry=\"7.8\" rx=\"6.63\" class=\"cls-1\" cy=\"149.23\" cx=\"175.04\"><\/ellipse><path class=\"cls-1\" d=\"M175.04 140.44v-7.68\"><\/path><\/g><\/svg><\/span><span class=\"gb-headline-text\">Gesundheitswesen<\/span><\/h5>\n\n<\/div>\n<\/div>\n<\/div>\n<\/div>\n<\/div>\n\n<div class=\"gb-container gb-container-89d5abdc\">\n<div class=\"gb-container gb-container-b1e6ba28\">\n\n<figure class=\"gb-block-image gb-block-image-1e77b532\"><img decoding=\"async\" width=\"1920\" height=\"2560\" class=\"gb-image gb-image-1e77b532\" src=\"http:\/\/gulec.com\/wp-content\/uploads\/2023\/12\/Gulec_Chemicals_Flame_Retardants_for_fire_standard_BS7175_hospital_bed-scaled.jpg\" alt=\"Gulec Gerphos Flammschutzmittel \u2013 Brandpr\u00fcfnorm BS 7175 \u2013 Krankenhausbett\" title=\"Gulec_Chemicals_Flame_Retardants_for_fire_standard_BS7175_hospital_bed\" srcset=\"https:\/\/gulec.com\/wp-content\/uploads\/2023\/12\/Gulec_Chemicals_Flame_Retardants_for_fire_standard_BS7175_hospital_bed-scaled.jpg 1920w, https:\/\/gulec.com\/wp-content\/uploads\/2023\/12\/Gulec_Chemicals_Flame_Retardants_for_fire_standard_BS7175_hospital_bed-225x300.jpg 225w, https:\/\/gulec.com\/wp-content\/uploads\/2023\/12\/Gulec_Chemicals_Flame_Retardants_for_fire_standard_BS7175_hospital_bed-768x1024.jpg 768w, https:\/\/gulec.com\/wp-content\/uploads\/2023\/12\/Gulec_Chemicals_Flame_Retardants_for_fire_standard_BS7175_hospital_bed-1152x1536.jpg 1152w, https:\/\/gulec.com\/wp-content\/uploads\/2023\/12\/Gulec_Chemicals_Flame_Retardants_for_fire_standard_BS7175_hospital_bed-1536x2048.jpg 1536w\" sizes=\"(max-width: 1920px) 100vw, 1920px\" \/><\/figure>\n\n<\/div>\n<\/div>\n<\/div>\n\n<div class=\"gb-container gb-container-3b3c508f\">\n<div class=\"gb-container gb-container-90349f9a\">\n<div class=\"gb-container gb-container-778dbf33\">\n<div class=\"gb-container gb-container-b97d04ed\">\n\n<h4 class=\"gb-headline gb-headline-8ea92d30 gb-headline-text\">flammschutzbehandelte Materialien liefern, die die Brandpr\u00fcfnorm BS 7175 BESTEHEN<\/h4>\n\n\n\n<h2 class=\"gb-headline gb-headline-0a522bd1 gb-headline-text\">Testen Sie GERPHOS Flammschutzmittel und profitieren Sie davon \u2013 pr\u00e4zise abgestimmt auf die Brandpr\u00fcfnorm BS 7175<\/h2>\n\n\n\n<span class=\"gb-button gb-button-6eefd8ad gb-button-text\">Kostenlose Beratung buchen<\/span>\n\n<\/div>\n\n<div class=\"gb-container gb-container-616ffa0c\">\n\n<h4 class=\"gb-headline gb-headline-aec8225e gb-headline-text\">Bleiben Sie auf dem Laufenden \u00fcber Innovationen in der N\u00c4CHSTEN GENERATION von Flammschutzmitteln <\/h4>\n\n\n\n<h2 class=\"gb-headline gb-headline-ef724048 gb-headline-text\">Abonnieren Sie unseren Newsletter<\/h2>\n\n\n\n<\/div>\n<\/div>\n<\/div>\n<\/div>\n<\/div>\n<\/div>","protected":false},"excerpt":{"rendered":"<p>BRANDPR\u00dcFNORM Brandpr\u00fcfnorm BS 7175 f\u00fcr Bettwaren Brandpr\u00fcfnorm BS 7175 f\u00fcr Bettwaren BS 7175 ist eine wesentliche Brandpr\u00fcfnorm im Vereinigten K\u00f6nigreich, die die Entz\u00fcndungsbest\u00e4ndigkeit von Bettwaren gegen\u00fcber glimmenden und offenen Z\u00fcndquellen festlegt. Sie ist ein zentrales Instrument, um sicherzustellen, dass Bettwaren sicher in der Anwendung sind \u2013 insbesondere in Umgebungen wie Hotellerie und Gesundheitswesen, in denen &#8230; <\/p>\n<p class=\"read-more-container\"><a title=\"Brandpr\u00fcfnorm BS 7175\" class=\"read-more button\" href=\"https:\/\/gulec.com\/de\/brandschutznormen\/brandschutznorm-bs-7175\/#more-3865\" aria-label=\"Mehr Informationen \u00fcber Brandpr\u00fcfnorm BS 7175\">Weiterlesen &#8230;<\/a><\/p>\n","protected":false},"author":1,"featured_media":0,"parent":3873,"menu_order":0,"comment_status":"closed","ping_status":"closed","template":"","meta":{"_acf_changed":false,"footnotes":""},"class_list":["post-3865","page","type-page","status-publish"],"acf":[],"yoast_head":"<!-- This site is optimized with the Yoast SEO Premium plugin v27.1 (Yoast SEO v27.2) - https:\/\/yoast.com\/product\/yoast-seo-premium-wordpress\/ -->\n<title>Brandpr\u00fcfnorm BS 7175 - Gulec Chemicals<\/title>\n<meta name=\"description\" content=\"BS 7175 ist eine wesentliche Brandpr\u00fcfnorm im Vereinigten K\u00f6nigreich, die die Entz\u00fcndungsbest\u00e4ndigkeit von Bettwaren gegen\u00fcber glimmenden und offenen Z\u00fcndquellen festlegt.\" \/>\n<meta name=\"robots\" content=\"index, follow, max-snippet:-1, max-image-preview:large, max-video-preview:-1\" \/>\n<link rel=\"canonical\" href=\"https:\/\/gulec.com\/de\/brandschutznormen\/brandschutznorm-bs-7175\/\" \/>\n<meta property=\"og:locale\" content=\"de_DE\" \/>\n<meta property=\"og:type\" content=\"article\" \/>\n<meta property=\"og:title\" content=\"Brandpr\u00fcfnorm BS 7175\" \/>\n<meta property=\"og:description\" content=\"BS 7175 ist eine wesentliche Brandpr\u00fcfnorm im Vereinigten K\u00f6nigreich, die die Entz\u00fcndungsbest\u00e4ndigkeit von Bettwaren gegen\u00fcber glimmenden und offenen Z\u00fcndquellen festlegt.\" \/>\n<meta property=\"og:url\" content=\"https:\/\/gulec.com\/de\/brandschutznormen\/brandschutznorm-bs-7175\/\" \/>\n<meta property=\"og:site_name\" content=\"Gulec Chemicals\" \/>\n<meta property=\"article:publisher\" content=\"https:\/\/www.facebook.com\/gulecchemicals\/\" \/>\n<meta property=\"article:modified_time\" content=\"2026-04-30T14:53:39+00:00\" \/>\n<meta property=\"og:image\" content=\"http:\/\/gulec.com\/wp-content\/uploads\/2023\/12\/Gulec_Chemicals_Flame_Retardants_for_fire_standard_BS7175_hospital_bed-scaled.jpg\" \/>\n<meta name=\"twitter:card\" content=\"summary_large_image\" \/>\n<meta name=\"twitter:label1\" content=\"Gesch\u00e4tzte Lesezeit\" \/>\n\t<meta name=\"twitter:data1\" content=\"2\u00a0Minuten\" \/>\n<script type=\"application\/ld+json\" class=\"yoast-schema-graph\">{\"@context\":\"https:\/\/schema.org\",\"@graph\":[{\"@type\":\"WebPage\",\"@id\":\"https:\/\/gulec.com\/de\/brandschutznormen\/brandschutznorm-bs-7175\/\",\"url\":\"https:\/\/gulec.com\/de\/brandschutznormen\/brandschutznorm-bs-7175\/\",\"name\":\"Brandpr\u00fcfnorm BS 7175 - Gulec Chemicals\",\"isPartOf\":{\"@id\":\"https:\/\/gulec-chem.gulec.com\/de\/#website\"},\"primaryImageOfPage\":{\"@id\":\"https:\/\/gulec.com\/de\/brandschutznormen\/brandschutznorm-bs-7175\/#primaryimage\"},\"image\":{\"@id\":\"https:\/\/gulec.com\/de\/brandschutznormen\/brandschutznorm-bs-7175\/#primaryimage\"},\"thumbnailUrl\":\"http:\/\/gulec.com\/wp-content\/uploads\/2023\/12\/Gulec_Chemicals_Flame_Retardants_for_fire_standard_BS7175_hospital_bed-scaled.jpg\",\"datePublished\":\"2023-12-01T10:52:45+00:00\",\"dateModified\":\"2026-04-30T14:53:39+00:00\",\"description\":\"BS 7175 ist eine wesentliche Brandpr\u00fcfnorm im Vereinigten K\u00f6nigreich, die die Entz\u00fcndungsbest\u00e4ndigkeit von Bettwaren gegen\u00fcber glimmenden und offenen Z\u00fcndquellen festlegt.\",\"breadcrumb\":{\"@id\":\"https:\/\/gulec.com\/de\/brandschutznormen\/brandschutznorm-bs-7175\/#breadcrumb\"},\"inLanguage\":\"de\",\"potentialAction\":[{\"@type\":\"ReadAction\",\"target\":[\"https:\/\/gulec.com\/de\/brandschutznormen\/brandschutznorm-bs-7175\/\"]}]},{\"@type\":\"ImageObject\",\"inLanguage\":\"de\",\"@id\":\"https:\/\/gulec.com\/de\/brandschutznormen\/brandschutznorm-bs-7175\/#primaryimage\",\"url\":\"http:\/\/gulec.com\/wp-content\/uploads\/2023\/12\/Gulec_Chemicals_Flame_Retardants_for_fire_standard_BS7175_hospital_bed-scaled.jpg\",\"contentUrl\":\"http:\/\/gulec.com\/wp-content\/uploads\/2023\/12\/Gulec_Chemicals_Flame_Retardants_for_fire_standard_BS7175_hospital_bed-scaled.jpg\"},{\"@type\":\"BreadcrumbList\",\"@id\":\"https:\/\/gulec.com\/de\/brandschutznormen\/brandschutznorm-bs-7175\/#breadcrumb\",\"itemListElement\":[{\"@type\":\"ListItem\",\"position\":1,\"name\":\"Home\",\"item\":\"https:\/\/analytics1.archive.gerphos.bio\/\"},{\"@type\":\"ListItem\",\"position\":2,\"name\":\"Brandpr\u00fcfnorm\",\"item\":\"https:\/\/office.gulec-chem.com\/de\/brandschutznormen\/\"},{\"@type\":\"ListItem\",\"position\":3,\"name\":\"Brandpr\u00fcfnorm BS 7175\"}]},{\"@type\":\"WebSite\",\"@id\":\"https:\/\/gulec-chem.gulec.com\/de\/#website\",\"url\":\"https:\/\/gulec-chem.gulec.com\/de\/\",\"name\":\"Gulec Chemicals\",\"description\":\"Producer of next-generation flame retardants\",\"publisher\":{\"@id\":\"https:\/\/gulec-chem.gulec.com\/de\/#organization\"},\"potentialAction\":[{\"@type\":\"SearchAction\",\"target\":{\"@type\":\"EntryPoint\",\"urlTemplate\":\"https:\/\/gulec-chem.gulec.com\/de\/?s={search_term_string}\"},\"query-input\":{\"@type\":\"PropertyValueSpecification\",\"valueRequired\":true,\"valueName\":\"search_term_string\"}}],\"inLanguage\":\"de\"},{\"@type\":\"Organization\",\"@id\":\"https:\/\/gulec-chem.gulec.com\/de\/#organization\",\"name\":\"Gulec Chemicals\",\"url\":\"https:\/\/gulec-chem.gulec.com\/de\/\",\"logo\":{\"@type\":\"ImageObject\",\"inLanguage\":\"de\",\"@id\":\"https:\/\/gulec-chem.gulec.com\/de\/#\/schema\/logo\/image\/\",\"url\":\"https:\/\/gulec.com\/wp-content\/uploads\/2023\/10\/cropped-Gulec_Logo_White.png\",\"contentUrl\":\"https:\/\/gulec.com\/wp-content\/uploads\/2023\/10\/cropped-Gulec_Logo_White.png\",\"width\":1200,\"height\":372,\"caption\":\"Gulec Chemicals\"},\"image\":{\"@id\":\"https:\/\/gulec-chem.gulec.com\/de\/#\/schema\/logo\/image\/\"},\"sameAs\":[\"https:\/\/www.facebook.com\/gulecchemicals\/\",\"https:\/\/www.linkedin.com\/company\/gulecchem\/\",\"https:\/\/www.instagram.com\/gulecchemicals\"]}]}<\/script>\n<!-- \/ Yoast SEO Premium plugin. -->","yoast_head_json":{"title":"Brandpr\u00fcfnorm BS 7175 - Gulec Chemicals","description":"BS 7175 ist eine wesentliche Brandpr\u00fcfnorm im Vereinigten K\u00f6nigreich, die die Entz\u00fcndungsbest\u00e4ndigkeit von Bettwaren gegen\u00fcber glimmenden und offenen Z\u00fcndquellen festlegt.","robots":{"index":"index","follow":"follow","max-snippet":"max-snippet:-1","max-image-preview":"max-image-preview:large","max-video-preview":"max-video-preview:-1"},"canonical":"https:\/\/gulec.com\/de\/brandschutznormen\/brandschutznorm-bs-7175\/","og_locale":"de_DE","og_type":"article","og_title":"Brandpr\u00fcfnorm BS 7175","og_description":"BS 7175 ist eine wesentliche Brandpr\u00fcfnorm im Vereinigten K\u00f6nigreich, die die Entz\u00fcndungsbest\u00e4ndigkeit von Bettwaren gegen\u00fcber glimmenden und offenen Z\u00fcndquellen festlegt.","og_url":"https:\/\/gulec.com\/de\/brandschutznormen\/brandschutznorm-bs-7175\/","og_site_name":"Gulec Chemicals","article_publisher":"https:\/\/www.facebook.com\/gulecchemicals\/","article_modified_time":"2026-04-30T14:53:39+00:00","og_image":[{"url":"http:\/\/gulec.com\/wp-content\/uploads\/2023\/12\/Gulec_Chemicals_Flame_Retardants_for_fire_standard_BS7175_hospital_bed-scaled.jpg","type":"","width":"","height":""}],"twitter_card":"summary_large_image","twitter_misc":{"Gesch\u00e4tzte Lesezeit":"2\u00a0Minuten"},"schema":{"@context":"https:\/\/schema.org","@graph":[{"@type":"WebPage","@id":"https:\/\/gulec.com\/de\/brandschutznormen\/brandschutznorm-bs-7175\/","url":"https:\/\/gulec.com\/de\/brandschutznormen\/brandschutznorm-bs-7175\/","name":"Brandpr\u00fcfnorm BS 7175 - Gulec Chemicals","isPartOf":{"@id":"https:\/\/gulec-chem.gulec.com\/de\/#website"},"primaryImageOfPage":{"@id":"https:\/\/gulec.com\/de\/brandschutznormen\/brandschutznorm-bs-7175\/#primaryimage"},"image":{"@id":"https:\/\/gulec.com\/de\/brandschutznormen\/brandschutznorm-bs-7175\/#primaryimage"},"thumbnailUrl":"http:\/\/gulec.com\/wp-content\/uploads\/2023\/12\/Gulec_Chemicals_Flame_Retardants_for_fire_standard_BS7175_hospital_bed-scaled.jpg","datePublished":"2023-12-01T10:52:45+00:00","dateModified":"2026-04-30T14:53:39+00:00","description":"BS 7175 ist eine wesentliche Brandpr\u00fcfnorm im Vereinigten K\u00f6nigreich, die die Entz\u00fcndungsbest\u00e4ndigkeit von Bettwaren gegen\u00fcber glimmenden und offenen Z\u00fcndquellen festlegt.","breadcrumb":{"@id":"https:\/\/gulec.com\/de\/brandschutznormen\/brandschutznorm-bs-7175\/#breadcrumb"},"inLanguage":"de","potentialAction":[{"@type":"ReadAction","target":["https:\/\/gulec.com\/de\/brandschutznormen\/brandschutznorm-bs-7175\/"]}]},{"@type":"ImageObject","inLanguage":"de","@id":"https:\/\/gulec.com\/de\/brandschutznormen\/brandschutznorm-bs-7175\/#primaryimage","url":"http:\/\/gulec.com\/wp-content\/uploads\/2023\/12\/Gulec_Chemicals_Flame_Retardants_for_fire_standard_BS7175_hospital_bed-scaled.jpg","contentUrl":"http:\/\/gulec.com\/wp-content\/uploads\/2023\/12\/Gulec_Chemicals_Flame_Retardants_for_fire_standard_BS7175_hospital_bed-scaled.jpg"},{"@type":"BreadcrumbList","@id":"https:\/\/gulec.com\/de\/brandschutznormen\/brandschutznorm-bs-7175\/#breadcrumb","itemListElement":[{"@type":"ListItem","position":1,"name":"Home","item":"https:\/\/analytics1.archive.gerphos.bio\/"},{"@type":"ListItem","position":2,"name":"Brandpr\u00fcfnorm","item":"https:\/\/office.gulec-chem.com\/de\/brandschutznormen\/"},{"@type":"ListItem","position":3,"name":"Brandpr\u00fcfnorm BS 7175"}]},{"@type":"WebSite","@id":"https:\/\/gulec-chem.gulec.com\/de\/#website","url":"https:\/\/gulec-chem.gulec.com\/de\/","name":"Gulec Chemicals","description":"Producer of next-generation flame retardants","publisher":{"@id":"https:\/\/gulec-chem.gulec.com\/de\/#organization"},"potentialAction":[{"@type":"SearchAction","target":{"@type":"EntryPoint","urlTemplate":"https:\/\/gulec-chem.gulec.com\/de\/?s={search_term_string}"},"query-input":{"@type":"PropertyValueSpecification","valueRequired":true,"valueName":"search_term_string"}}],"inLanguage":"de"},{"@type":"Organization","@id":"https:\/\/gulec-chem.gulec.com\/de\/#organization","name":"Gulec Chemicals","url":"https:\/\/gulec-chem.gulec.com\/de\/","logo":{"@type":"ImageObject","inLanguage":"de","@id":"https:\/\/gulec-chem.gulec.com\/de\/#\/schema\/logo\/image\/","url":"https:\/\/gulec.com\/wp-content\/uploads\/2023\/10\/cropped-Gulec_Logo_White.png","contentUrl":"https:\/\/gulec.com\/wp-content\/uploads\/2023\/10\/cropped-Gulec_Logo_White.png","width":1200,"height":372,"caption":"Gulec Chemicals"},"image":{"@id":"https:\/\/gulec-chem.gulec.com\/de\/#\/schema\/logo\/image\/"},"sameAs":["https:\/\/www.facebook.com\/gulecchemicals\/","https:\/\/www.linkedin.com\/company\/gulecchem\/","https:\/\/www.instagram.com\/gulecchemicals"]}]}},"_links":{"self":[{"href":"https:\/\/gulec.com\/de\/wp-json\/wp\/v2\/pages\/3865","targetHints":{"allow":["GET"]}}],"collection":[{"href":"https:\/\/gulec.com\/de\/wp-json\/wp\/v2\/pages"}],"about":[{"href":"https:\/\/gulec.com\/de\/wp-json\/wp\/v2\/types\/page"}],"author":[{"embeddable":true,"href":"https:\/\/gulec.com\/de\/wp-json\/wp\/v2\/users\/1"}],"replies":[{"embeddable":true,"href":"https:\/\/gulec.com\/de\/wp-json\/wp\/v2\/comments?post=3865"}],"version-history":[{"count":6,"href":"https:\/\/gulec.com\/de\/wp-json\/wp\/v2\/pages\/3865\/revisions"}],"predecessor-version":[{"id":3935,"href":"https:\/\/gulec.com\/de\/wp-json\/wp\/v2\/pages\/3865\/revisions\/3935"}],"up":[{"embeddable":true,"href":"https:\/\/gulec.com\/de\/wp-json\/wp\/v2\/pages\/3873"}],"wp:attachment":[{"href":"https:\/\/gulec.com\/de\/wp-json\/wp\/v2\/media?parent=3865"}],"curies":[{"name":"wp","href":"https:\/\/api.w.org\/{rel}","templated":true}]}}