{"id":3868,"date":"2023-12-01T11:31:52","date_gmt":"2023-12-01T11:31:52","guid":{"rendered":"https:\/\/gulec.com\/brandschutznorm-en-45545-2\/"},"modified":"2026-04-30T14:51:40","modified_gmt":"2026-04-30T14:51:40","slug":"brandschutznorm-en-45545-2","status":"publish","type":"page","link":"https:\/\/gulec.com\/de\/brandschutznormen\/brandschutznorm-en-45545-2\/","title":{"rendered":"Brandpr\u00fcfnorm EN 45545-2"},"content":{"rendered":"<div class=\"gb-container gb-container-0aaf3771\">\n<div class=\"gb-container gb-container-b914e7c6\">\n<div class=\"gb-container gb-container-1499a3f2 alignfull\">\n<div class=\"gb-container gb-container-fd148199\">\n<div class=\"gb-container gb-container-d9a23622\">\n\n<h3 class=\"gb-headline gb-headline-d5445703 gb-headline-text\">BRANDPR\u00dcFNORM<\/h3>\n\n<\/div>\n\n<div class=\"gb-container gb-container-75b3d4db\">\n\n<h1 class=\"gb-headline gb-headline-f50a165b gb-headline-text\">Brandpr\u00fcfnorm EN 45545-2 f\u00fcr Bahnanwendungen<\/h1>\n\n<\/div>\n<\/div>\n<\/div>\n\n<div class=\"gb-container gb-container-77d991c2\">\n<div class=\"gb-container gb-container-48b23fd9\">\n<div class=\"gb-container gb-container-fbcda463\">\n\n<h2 class=\"gb-headline gb-headline-9bc41705 gb-headline-text\">Brandpr\u00fcfnorm EN 45545-2 f\u00fcr Bahnanwendungen<\/h2>\n\n\n\n<p class=\"has-global-color-1-color has-text-color has-link-color wp-elements-a0481450c3b3bb8ee0386198c34ad4a9\">Die EN 45545-2 ist eine entscheidende europ\u00e4ische <a href=\"https:\/\/de.wikipedia.org\/wiki\/EN_45545-2\" target=\"_blank\" rel=\"noreferrer noopener\">Brandpr\u00fcfnorm<\/a>, welche die Anforderungen an den Brandschutz f\u00fcr Materialien und Komponenten in <a href=\"https:\/\/gulec.com\/markets-applications\/public-transport-bus-train-flame-retardants\/\">Schienenfahrzeugen<\/a> festlegt. Ihr Schwerpunkt liegt auf der Begrenzung der Entstehung und Ausbreitung von Feuer und Rauch in Eisenbahnwagen, um die Sicherheit der Fahrg\u00e4ste zu erh\u00f6hen. <\/p>\n\n<\/div>\n\n<div class=\"gb-container gb-container-d419f55d\">\n<div class=\"gb-container gb-container-53d79789\">\n\n<h5 class=\"gb-headline gb-headline-82dcff69 gb-headline-text\">Pr\u00fcfmuster<\/h5>\n\n\n\n<p class=\"has-global-color-1-color has-text-color has-link-color wp-elements-e0f1a48be10159a86e30d2e981d9c34d\">Die Norm EN 45545-2 erfordert die Pr\u00fcfung verschiedener in Z\u00fcgen verwendeter Materialien und Komponenten, um deren Entflammbarkeit, Rauchgasdichte und Toxizit\u00e4t bei Hitze- und Flammenexposition zu bewerten. Diese Tests sollen sicherstellen, dass Materialien nicht wesentlich zur Brandausbreitung beitragen oder sch\u00e4dlichen Rauch entwickeln. <\/p>\n\n<\/div>\n\n<div class=\"gb-container gb-container-a4adf440\">\n\n<h5 class=\"gb-headline gb-headline-d2474078 gb-headline-text\">ANWENDUNG<\/h5>\n\n\n\n<p class=\"has-global-color-1-color has-text-color has-link-color wp-elements-1111e67cd363181ec32b9ab59bccdbf9\">Bahnhersteller und Zulieferer m\u00fcssen die EN 45545-2 f\u00fcr Materialien einhalten, die in allen Bereichen des Zugbaus verwendet werden, einschlie\u00dflich Innenverkleidungen, Sitzen, Bodenbel\u00e4gen und elektrischen Komponenten. Diese Brandschutznorm ist wesentlicher Bestandteil zur Aufrechterhaltung einer sicheren Umgebung im Falle eines Brandes in einem Zug. <\/p>\n\n<\/div>\n\n<div class=\"gb-container gb-container-c7e9f2e6\">\n\n<h5 class=\"gb-headline gb-headline-95892b13 gb-headline-text\">KLASSIFIZIERUNG<\/h5>\n\n\n\n<p class=\"has-global-color-1-color has-text-color has-link-color wp-elements-235a8695a3886b2572548df255af2c44\">Materialien und Komponenten, welche diese Brandschutznorm erf\u00fcllen, werden basierend auf ihrem Brandverhalten, der Betriebsklasse und der Anwendung klassifiziert. Diese detaillierte Klassifizierung stellt sicher, dass in kritischen Bereichen von Schienenfahrzeugen nur Materialien mit den h\u00f6chsten Sicherheitsstandards zum Einsatz kommen. <\/p>\n\n<\/div>\n\n<div class=\"gb-container gb-container-3a75fabf\">\n\n<h5 class=\"gb-headline gb-headline-c7d4955b gb-headline-text\">KONFORMIT\u00c4T<\/h5>\n\n\n\n<p class=\"has-global-color-1-color has-text-color has-link-color wp-elements-5e9e8b6535c4a5709ae00eae3f1f5ab7\">Die Einhaltung der EN 45545-2 ist eine zwingende Voraussetzung f\u00fcr Z\u00fcge, die innerhalb der Europ\u00e4ischen Union betrieben werden. Hersteller m\u00fcssen zertifizieren, dass ihre Materialien die spezifischen Anforderungen dieser Norm erf\u00fcllen, um ein H\u00f6chstma\u00df an Brandsicherheit zu gew\u00e4hrleisten. <\/p>\n\n<\/div>\n\n<div class=\"gb-container gb-container-a44a3e47\">\n\n<h5 class=\"gb-headline gb-headline-a1e039cc gb-headline-text\">GLOBALE ANERKENNUNG<\/h5>\n\n\n\n<p>Die EN 45545-2 ist europaweit anerkannt und hat globale Standards f\u00fcr den Brandschutz in Schienenfahrzeugen beeinflusst. Sie setzt weltweit Ma\u00dfst\u00e4be f\u00fcr die Brandschutzleistung in der Bahnindustrie. <\/p>\n\n<\/div>\n<\/div>\n\n<div class=\"gb-container gb-container-66e376a7\">\n<div class=\"gb-container gb-container-a5845aa2\">\n\n<h5 class=\"gb-headline gb-headline-42eb3dfa gb-headline-text\">VERWANDTE M\u00c4RKTE<\/h5>\n\n\n<div class=\"gb-container gb-container-7ebf470b\">\n<div class=\"gb-container gb-container-31064b67\"><a class=\"gb-container-link\" href=\"https:\/\/gulec.com\/markets-applications\/public-transport-bus-train-flame-retardants\/\"><\/a>\n\n<h5 class=\"gb-headline gb-headline-374d9a89\"><span class=\"gb-icon\"><svg viewbox=\"0 0 244.19 244.19\" id=\"Layer_2\" xmlns=\"http:\/\/www.w3.org\/2000\/svg\"><defs><style>.cls-1{fill:none;stroke:#e63b27;stroke-miterlimit:10;stroke-width:7px}<\/style><\/defs><g id=\"Layer_1-2\"><rect ry=\"35\" rx=\"35\" class=\"cls-1\" y=\"3.5\" x=\"3.5\" height=\"237.19\" width=\"237.19\"\/><path class=\"cls-1\" d=\"M113.75 177.71h-73.6c-1.47 0-2.65-1.19-2.65-2.65V88.67c0-1.47 1.19-2.65 2.65-2.65h73.6c1.47 0 2.65 1.19 2.65 2.65v86.39c0 1.47-1.19 2.65-2.65 2.65ZM116.41 101.75H37.5\"><\/path><path class=\"cls-1\" d=\"M37.5 140.45s42.04 13.13 78.91 0M65.2 167.89h24.14M65.2 158.15h24.14\"><\/path><rect ry=\"2.48\" rx=\"2.48\" class=\"cls-1\" y=\"104.45\" x=\"26.24\" height=\"22.79\" width=\"11.26\"\/><rect ry=\"2.48\" rx=\"2.48\" class=\"cls-1\" y=\"104.45\" x=\"116.41\" height=\"22.79\" width=\"11.26\"\/><path class=\"cls-1\" d=\"M37.5 158.15h17.78M98.63 158.15h17.78M44.92 177.71H65.2v3.81c0 4-3.25 7.25-7.25 7.25h-5.79c-4 0-7.25-3.25-7.25-7.25v-3.81ZM89.34 177.71h20.28v3.81c0 4-3.25 7.25-7.25 7.25h-5.79c-4 0-7.25-3.25-7.25-7.25v-3.81ZM217.46 119.3c0 2.93-.11 5.81-.34 8.63-.71 9.01-8.25 15.94-17.28 15.94h-41.45c-9.03 0-16.57-6.94-17.28-15.94-.22-2.82-.34-5.7-.34-8.63 0-35.76 17.17-64.76 38.35-64.76s38.34 29 38.34 64.76Z\"><\/path><path class=\"cls-1\" d=\"M173.77 71.71h10.69c5.89 0 10.25 5.49 8.92 11.23l-3.37 14.49c-2.68 11.53-19.1 11.53-21.78 0l-3.37-14.49c-1.34-5.74 3.02-11.23 8.92-11.23Z\"><\/path><path class=\"cls-1\" d=\"m150.51 76.18 11.36 44.08c1.21 4.7 5.45 7.99 10.3 7.99h14.37c4.85 0 9.09-3.28 10.3-7.99l11.2-43.47M162.63 143.87h32.97v2.78c0 3.41-2.77 6.17-6.17 6.17H168.8c-3.41 0-6.17-2.77-6.17-6.17v-2.78ZM159.24 143.87l-17.4 20.37M216.4 164.24 199 143.87M151.96 121.41h-11.19M217.46 121.41h-11.19\"><\/path><\/g><\/svg><\/span><span class=\"gb-headline-text\">\u00d6ffentlicher<br>Personenverkehr<\/span><\/h5>\n\n<\/div>\n\n<div class=\"gb-container gb-container-edb47f2b\"><a class=\"gb-container-link\" href=\"https:\/\/gulec.com\/markets-applications\/technical-textile-flame-retardants\/\"><\/a>\n\n<h5 class=\"gb-headline gb-headline-acc77be4\"><span class=\"gb-icon\"><svg viewbox=\"0 0 244.19 244.19\" id=\"Layer_2\" xmlns=\"http:\/\/www.w3.org\/2000\/svg\"><defs><style>.cls-1{fill:none;stroke:#e63b27;stroke-miterlimit:10;stroke-width:7px}<\/style><\/defs><g id=\"Layer_1-2\"><rect ry=\"35\" rx=\"35\" class=\"cls-1\" y=\"3.5\" x=\"3.5\" height=\"237.19\" width=\"237.19\"\/><path class=\"cls-1\" d=\"M211.64 212.06H29.25V38.78h182.39v173.28zM29.25 212.06 139.71 38.78M70.38 212.06l88.39-173.28M131.91 212.06l45.91-173.28M29.25 69.28l182.39 83.87M29.25 106.4l182.39 58.92M29.25 144.7l182.39 37.27M171.14 211.97 29.25 86.51M211.64 112.1 29.25 60.29M211.64 99.14 29.25 43.39\"><\/path><\/g><\/svg><\/span><span class=\"gb-headline-text\">Technische<br>Textilien<\/span><\/h5>\n\n<\/div>\n<\/div>\n<\/div>\n<\/div>\n<\/div>\n\n<div class=\"gb-container gb-container-89d5abdc\">\n<div class=\"gb-container gb-container-b1e6ba28\">\n\n<figure class=\"gb-block-image gb-block-image-1e77b532\"><img decoding=\"async\" width=\"1905\" height=\"2540\" class=\"gb-image gb-image-1e77b532\" src=\"http:\/\/gulec.com\/wp-content\/uploads\/2023\/12\/Gulec_Chemicals_Flame_Retardants_for_fire_standard_EN45545-2_train.jpg\" alt=\"Gulec Gerphos Flammschutzmittel Brandpr\u00fcfnorm EN 45545-2 Zug \" title=\"Gulec_Chemicals_Flammschutzmittel_f\u00fcr_Brandpr\u00fcfnorm_EN45545-2_Zug\" srcset=\"https:\/\/gulec.com\/wp-content\/uploads\/2023\/12\/Gulec_Chemicals_Flame_Retardants_for_fire_standard_EN45545-2_train.jpg 1905w, https:\/\/gulec.com\/wp-content\/uploads\/2023\/12\/Gulec_Chemicals_Flame_Retardants_for_fire_standard_EN45545-2_train-225x300.jpg 225w, https:\/\/gulec.com\/wp-content\/uploads\/2023\/12\/Gulec_Chemicals_Flame_Retardants_for_fire_standard_EN45545-2_train-768x1024.jpg 768w, https:\/\/gulec.com\/wp-content\/uploads\/2023\/12\/Gulec_Chemicals_Flame_Retardants_for_fire_standard_EN45545-2_train-1152x1536.jpg 1152w, https:\/\/gulec.com\/wp-content\/uploads\/2023\/12\/Gulec_Chemicals_Flame_Retardants_for_fire_standard_EN45545-2_train-1536x2048.jpg 1536w\" sizes=\"(max-width: 1905px) 100vw, 1905px\" \/><\/figure>\n\n<\/div>\n<\/div>\n<\/div>\n\n<div class=\"gb-container gb-container-3b3c508f\">\n<div class=\"gb-container gb-container-90349f9a\">\n<div class=\"gb-container gb-container-778dbf33\">\n<div class=\"gb-container gb-container-b97d04ed\">\n\n<h4 class=\"gb-headline gb-headline-8ea92d30 gb-headline-text\">liefern Sie flammgesch\u00fctzte Materialien, welche die BRANDPR\u00dcFNORM EN 45545-2 ERF\u00dcLLEN<\/h4>\n\n\n\n<h2 class=\"gb-headline gb-headline-0a522bd1 gb-headline-text\">Testen und profitieren Sie von GERPHOS-Flammschutzmitteln, die speziell auf die Brandpr\u00fcfnorm EN 45545-2 abgestimmt sind<\/h2>\n\n\n\n<span class=\"gb-button gb-button-6eefd8ad gb-button-text\">Kostenlose Beratung buchen<\/span>\n\n<\/div>\n\n<div class=\"gb-container gb-container-616ffa0c\">\n\n<h4 class=\"gb-headline gb-headline-aec8225e gb-headline-text\">Bleiben Sie auf dem Laufenden \u00fcber Innovationen in der N\u00c4CHSTEN GENERATION von Flammschutzmitteln <\/h4>\n\n\n\n<h2 class=\"gb-headline gb-headline-ef724048 gb-headline-text\">Abonnieren Sie unseren Newsletter<\/h2>\n\n\n\n<\/div>\n<\/div>\n<\/div>\n<\/div>\n<\/div>\n<\/div>","protected":false},"excerpt":{"rendered":"<p>BRANDPR\u00dcFNORM Brandpr\u00fcfnorm EN 45545-2 f\u00fcr Bahnanwendungen Brandpr\u00fcfnorm EN 45545-2 f\u00fcr Bahnanwendungen Die EN 45545-2 ist eine entscheidende europ\u00e4ische Brandpr\u00fcfnorm, welche die Anforderungen an den Brandschutz f\u00fcr Materialien und Komponenten in Schienenfahrzeugen festlegt. Ihr Schwerpunkt liegt auf der Begrenzung der Entstehung und Ausbreitung von Feuer und Rauch in Eisenbahnwagen, um die Sicherheit der Fahrg\u00e4ste zu erh\u00f6hen. &#8230; <\/p>\n<p class=\"read-more-container\"><a title=\"Brandpr\u00fcfnorm EN 45545-2\" class=\"read-more button\" href=\"https:\/\/gulec.com\/de\/brandschutznormen\/brandschutznorm-en-45545-2\/#more-3868\" aria-label=\"Mehr Informationen \u00fcber Brandpr\u00fcfnorm EN 45545-2\">Weiterlesen &#8230;<\/a><\/p>\n","protected":false},"author":1,"featured_media":0,"parent":3873,"menu_order":0,"comment_status":"closed","ping_status":"closed","template":"","meta":{"_acf_changed":false,"footnotes":""},"class_list":["post-3868","page","type-page","status-publish"],"acf":[],"yoast_head":"<!-- This site is optimized with the Yoast SEO Premium plugin v27.1 (Yoast SEO v27.2) - https:\/\/yoast.com\/product\/yoast-seo-premium-wordpress\/ -->\n<title>Brandpr\u00fcfnorm EN 45545-2 - Gulec Chemicals<\/title>\n<meta name=\"description\" content=\"Die EN 45545-2 ist eine entscheidende europ\u00e4ische Brandpr\u00fcfnorm, welche die Anforderungen an den Brandschutz f\u00fcr Materialien und Komponenten in Z\u00fcgen festlegt.\" \/>\n<meta name=\"robots\" content=\"index, follow, max-snippet:-1, max-image-preview:large, max-video-preview:-1\" \/>\n<link rel=\"canonical\" href=\"https:\/\/gulec.com\/de\/brandschutznormen\/brandschutznorm-en-45545-2\/\" \/>\n<meta property=\"og:locale\" content=\"de_DE\" \/>\n<meta property=\"og:type\" content=\"article\" \/>\n<meta property=\"og:title\" content=\"Brandpr\u00fcfnorm EN 45545-2\" \/>\n<meta property=\"og:description\" content=\"Die EN 45545-2 ist eine entscheidende europ\u00e4ische Brandpr\u00fcfnorm, welche die Anforderungen an den Brandschutz f\u00fcr Materialien und Komponenten in Z\u00fcgen festlegt.\" \/>\n<meta property=\"og:url\" content=\"https:\/\/gulec.com\/de\/brandschutznormen\/brandschutznorm-en-45545-2\/\" \/>\n<meta property=\"og:site_name\" content=\"Gulec Chemicals\" \/>\n<meta property=\"article:publisher\" content=\"https:\/\/www.facebook.com\/gulecchemicals\/\" \/>\n<meta property=\"article:modified_time\" content=\"2026-04-30T14:51:40+00:00\" \/>\n<meta property=\"og:image\" content=\"http:\/\/gulec.com\/wp-content\/uploads\/2023\/12\/Gulec_Chemicals_Flame_Retardants_for_fire_standard_EN45545-2_train.jpg\" \/>\n<meta name=\"twitter:card\" content=\"summary_large_image\" \/>\n<meta name=\"twitter:label1\" content=\"Gesch\u00e4tzte Lesezeit\" \/>\n\t<meta name=\"twitter:data1\" content=\"2\u00a0Minuten\" \/>\n<script type=\"application\/ld+json\" class=\"yoast-schema-graph\">{\"@context\":\"https:\/\/schema.org\",\"@graph\":[{\"@type\":\"WebPage\",\"@id\":\"https:\/\/gulec.com\/de\/brandschutznormen\/brandschutznorm-en-45545-2\/\",\"url\":\"https:\/\/gulec.com\/de\/brandschutznormen\/brandschutznorm-en-45545-2\/\",\"name\":\"Brandpr\u00fcfnorm EN 45545-2 - Gulec Chemicals\",\"isPartOf\":{\"@id\":\"https:\/\/gulec-chem.gulec.com\/de\/#website\"},\"primaryImageOfPage\":{\"@id\":\"https:\/\/gulec.com\/de\/brandschutznormen\/brandschutznorm-en-45545-2\/#primaryimage\"},\"image\":{\"@id\":\"https:\/\/gulec.com\/de\/brandschutznormen\/brandschutznorm-en-45545-2\/#primaryimage\"},\"thumbnailUrl\":\"http:\/\/gulec.com\/wp-content\/uploads\/2023\/12\/Gulec_Chemicals_Flame_Retardants_for_fire_standard_EN45545-2_train.jpg\",\"datePublished\":\"2023-12-01T11:31:52+00:00\",\"dateModified\":\"2026-04-30T14:51:40+00:00\",\"description\":\"Die EN 45545-2 ist eine entscheidende europ\u00e4ische Brandpr\u00fcfnorm, welche die Anforderungen an den Brandschutz f\u00fcr Materialien und Komponenten in Z\u00fcgen festlegt.\",\"breadcrumb\":{\"@id\":\"https:\/\/gulec.com\/de\/brandschutznormen\/brandschutznorm-en-45545-2\/#breadcrumb\"},\"inLanguage\":\"de\",\"potentialAction\":[{\"@type\":\"ReadAction\",\"target\":[\"https:\/\/gulec.com\/de\/brandschutznormen\/brandschutznorm-en-45545-2\/\"]}]},{\"@type\":\"ImageObject\",\"inLanguage\":\"de\",\"@id\":\"https:\/\/gulec.com\/de\/brandschutznormen\/brandschutznorm-en-45545-2\/#primaryimage\",\"url\":\"http:\/\/gulec.com\/wp-content\/uploads\/2023\/12\/Gulec_Chemicals_Flame_Retardants_for_fire_standard_EN45545-2_train.jpg\",\"contentUrl\":\"http:\/\/gulec.com\/wp-content\/uploads\/2023\/12\/Gulec_Chemicals_Flame_Retardants_for_fire_standard_EN45545-2_train.jpg\"},{\"@type\":\"BreadcrumbList\",\"@id\":\"https:\/\/gulec.com\/de\/brandschutznormen\/brandschutznorm-en-45545-2\/#breadcrumb\",\"itemListElement\":[{\"@type\":\"ListItem\",\"position\":1,\"name\":\"Home\",\"item\":\"https:\/\/analytics1.archive.gerphos.bio\/\"},{\"@type\":\"ListItem\",\"position\":2,\"name\":\"Brandpr\u00fcfnorm\",\"item\":\"https:\/\/office.gulec-chem.com\/de\/brandschutznormen\/\"},{\"@type\":\"ListItem\",\"position\":3,\"name\":\"Brandpr\u00fcfnorm EN 45545-2\"}]},{\"@type\":\"WebSite\",\"@id\":\"https:\/\/gulec-chem.gulec.com\/de\/#website\",\"url\":\"https:\/\/gulec-chem.gulec.com\/de\/\",\"name\":\"Gulec Chemicals\",\"description\":\"Producer of next-generation flame retardants\",\"publisher\":{\"@id\":\"https:\/\/gulec-chem.gulec.com\/de\/#organization\"},\"potentialAction\":[{\"@type\":\"SearchAction\",\"target\":{\"@type\":\"EntryPoint\",\"urlTemplate\":\"https:\/\/gulec-chem.gulec.com\/de\/?s={search_term_string}\"},\"query-input\":{\"@type\":\"PropertyValueSpecification\",\"valueRequired\":true,\"valueName\":\"search_term_string\"}}],\"inLanguage\":\"de\"},{\"@type\":\"Organization\",\"@id\":\"https:\/\/gulec-chem.gulec.com\/de\/#organization\",\"name\":\"Gulec Chemicals\",\"url\":\"https:\/\/gulec-chem.gulec.com\/de\/\",\"logo\":{\"@type\":\"ImageObject\",\"inLanguage\":\"de\",\"@id\":\"https:\/\/gulec-chem.gulec.com\/de\/#\/schema\/logo\/image\/\",\"url\":\"https:\/\/gulec.com\/wp-content\/uploads\/2023\/10\/cropped-Gulec_Logo_White.png\",\"contentUrl\":\"https:\/\/gulec.com\/wp-content\/uploads\/2023\/10\/cropped-Gulec_Logo_White.png\",\"width\":1200,\"height\":372,\"caption\":\"Gulec Chemicals\"},\"image\":{\"@id\":\"https:\/\/gulec-chem.gulec.com\/de\/#\/schema\/logo\/image\/\"},\"sameAs\":[\"https:\/\/www.facebook.com\/gulecchemicals\/\",\"https:\/\/www.linkedin.com\/company\/gulecchem\/\",\"https:\/\/www.instagram.com\/gulecchemicals\"]}]}<\/script>\n<!-- \/ Yoast SEO Premium plugin. -->","yoast_head_json":{"title":"Brandpr\u00fcfnorm EN 45545-2 - Gulec Chemicals","description":"Die EN 45545-2 ist eine entscheidende europ\u00e4ische Brandpr\u00fcfnorm, welche die Anforderungen an den Brandschutz f\u00fcr Materialien und Komponenten in Z\u00fcgen festlegt.","robots":{"index":"index","follow":"follow","max-snippet":"max-snippet:-1","max-image-preview":"max-image-preview:large","max-video-preview":"max-video-preview:-1"},"canonical":"https:\/\/gulec.com\/de\/brandschutznormen\/brandschutznorm-en-45545-2\/","og_locale":"de_DE","og_type":"article","og_title":"Brandpr\u00fcfnorm EN 45545-2","og_description":"Die EN 45545-2 ist eine entscheidende europ\u00e4ische Brandpr\u00fcfnorm, welche die Anforderungen an den Brandschutz f\u00fcr Materialien und Komponenten in Z\u00fcgen festlegt.","og_url":"https:\/\/gulec.com\/de\/brandschutznormen\/brandschutznorm-en-45545-2\/","og_site_name":"Gulec Chemicals","article_publisher":"https:\/\/www.facebook.com\/gulecchemicals\/","article_modified_time":"2026-04-30T14:51:40+00:00","og_image":[{"url":"http:\/\/gulec.com\/wp-content\/uploads\/2023\/12\/Gulec_Chemicals_Flame_Retardants_for_fire_standard_EN45545-2_train.jpg","type":"","width":"","height":""}],"twitter_card":"summary_large_image","twitter_misc":{"Gesch\u00e4tzte Lesezeit":"2\u00a0Minuten"},"schema":{"@context":"https:\/\/schema.org","@graph":[{"@type":"WebPage","@id":"https:\/\/gulec.com\/de\/brandschutznormen\/brandschutznorm-en-45545-2\/","url":"https:\/\/gulec.com\/de\/brandschutznormen\/brandschutznorm-en-45545-2\/","name":"Brandpr\u00fcfnorm EN 45545-2 - Gulec Chemicals","isPartOf":{"@id":"https:\/\/gulec-chem.gulec.com\/de\/#website"},"primaryImageOfPage":{"@id":"https:\/\/gulec.com\/de\/brandschutznormen\/brandschutznorm-en-45545-2\/#primaryimage"},"image":{"@id":"https:\/\/gulec.com\/de\/brandschutznormen\/brandschutznorm-en-45545-2\/#primaryimage"},"thumbnailUrl":"http:\/\/gulec.com\/wp-content\/uploads\/2023\/12\/Gulec_Chemicals_Flame_Retardants_for_fire_standard_EN45545-2_train.jpg","datePublished":"2023-12-01T11:31:52+00:00","dateModified":"2026-04-30T14:51:40+00:00","description":"Die EN 45545-2 ist eine entscheidende europ\u00e4ische Brandpr\u00fcfnorm, welche die Anforderungen an den Brandschutz f\u00fcr Materialien und Komponenten in Z\u00fcgen festlegt.","breadcrumb":{"@id":"https:\/\/gulec.com\/de\/brandschutznormen\/brandschutznorm-en-45545-2\/#breadcrumb"},"inLanguage":"de","potentialAction":[{"@type":"ReadAction","target":["https:\/\/gulec.com\/de\/brandschutznormen\/brandschutznorm-en-45545-2\/"]}]},{"@type":"ImageObject","inLanguage":"de","@id":"https:\/\/gulec.com\/de\/brandschutznormen\/brandschutznorm-en-45545-2\/#primaryimage","url":"http:\/\/gulec.com\/wp-content\/uploads\/2023\/12\/Gulec_Chemicals_Flame_Retardants_for_fire_standard_EN45545-2_train.jpg","contentUrl":"http:\/\/gulec.com\/wp-content\/uploads\/2023\/12\/Gulec_Chemicals_Flame_Retardants_for_fire_standard_EN45545-2_train.jpg"},{"@type":"BreadcrumbList","@id":"https:\/\/gulec.com\/de\/brandschutznormen\/brandschutznorm-en-45545-2\/#breadcrumb","itemListElement":[{"@type":"ListItem","position":1,"name":"Home","item":"https:\/\/analytics1.archive.gerphos.bio\/"},{"@type":"ListItem","position":2,"name":"Brandpr\u00fcfnorm","item":"https:\/\/office.gulec-chem.com\/de\/brandschutznormen\/"},{"@type":"ListItem","position":3,"name":"Brandpr\u00fcfnorm EN 45545-2"}]},{"@type":"WebSite","@id":"https:\/\/gulec-chem.gulec.com\/de\/#website","url":"https:\/\/gulec-chem.gulec.com\/de\/","name":"Gulec Chemicals","description":"Producer of next-generation flame retardants","publisher":{"@id":"https:\/\/gulec-chem.gulec.com\/de\/#organization"},"potentialAction":[{"@type":"SearchAction","target":{"@type":"EntryPoint","urlTemplate":"https:\/\/gulec-chem.gulec.com\/de\/?s={search_term_string}"},"query-input":{"@type":"PropertyValueSpecification","valueRequired":true,"valueName":"search_term_string"}}],"inLanguage":"de"},{"@type":"Organization","@id":"https:\/\/gulec-chem.gulec.com\/de\/#organization","name":"Gulec Chemicals","url":"https:\/\/gulec-chem.gulec.com\/de\/","logo":{"@type":"ImageObject","inLanguage":"de","@id":"https:\/\/gulec-chem.gulec.com\/de\/#\/schema\/logo\/image\/","url":"https:\/\/gulec.com\/wp-content\/uploads\/2023\/10\/cropped-Gulec_Logo_White.png","contentUrl":"https:\/\/gulec.com\/wp-content\/uploads\/2023\/10\/cropped-Gulec_Logo_White.png","width":1200,"height":372,"caption":"Gulec Chemicals"},"image":{"@id":"https:\/\/gulec-chem.gulec.com\/de\/#\/schema\/logo\/image\/"},"sameAs":["https:\/\/www.facebook.com\/gulecchemicals\/","https:\/\/www.linkedin.com\/company\/gulecchem\/","https:\/\/www.instagram.com\/gulecchemicals"]}]}},"_links":{"self":[{"href":"https:\/\/gulec.com\/de\/wp-json\/wp\/v2\/pages\/3868","targetHints":{"allow":["GET"]}}],"collection":[{"href":"https:\/\/gulec.com\/de\/wp-json\/wp\/v2\/pages"}],"about":[{"href":"https:\/\/gulec.com\/de\/wp-json\/wp\/v2\/types\/page"}],"author":[{"embeddable":true,"href":"https:\/\/gulec.com\/de\/wp-json\/wp\/v2\/users\/1"}],"replies":[{"embeddable":true,"href":"https:\/\/gulec.com\/de\/wp-json\/wp\/v2\/comments?post=3868"}],"version-history":[{"count":9,"href":"https:\/\/gulec.com\/de\/wp-json\/wp\/v2\/pages\/3868\/revisions"}],"predecessor-version":[{"id":3932,"href":"https:\/\/gulec.com\/de\/wp-json\/wp\/v2\/pages\/3868\/revisions\/3932"}],"up":[{"embeddable":true,"href":"https:\/\/gulec.com\/de\/wp-json\/wp\/v2\/pages\/3873"}],"wp:attachment":[{"href":"https:\/\/gulec.com\/de\/wp-json\/wp\/v2\/media?parent=3868"}],"curies":[{"name":"wp","href":"https:\/\/api.w.org\/{rel}","templated":true}]}}