{"id":3883,"date":"2023-12-01T10:16:52","date_gmt":"2023-12-01T10:16:52","guid":{"rendered":"https:\/\/gulec.com\/brandschutznormen\/brandschutznorm-bs-5852-crib-5\/"},"modified":"2026-04-30T15:00:00","modified_gmt":"2026-04-30T15:00:00","slug":"brandschutznorm-bs-5852-crib-5","status":"publish","type":"page","link":"https:\/\/gulec.com\/de\/brandschutznormen\/brandschutznorm-bs-5852-crib-5\/","title":{"rendered":"Brandpr\u00fcfnorm BS 5852 Crib 5"},"content":{"rendered":"<div class=\"gb-container gb-container-0aaf3771\">\n<div class=\"gb-container gb-container-b914e7c6\">\n<div class=\"gb-container gb-container-1499a3f2 alignfull\">\n<div class=\"gb-container gb-container-fd148199\">\n<div class=\"gb-container gb-container-d9a23622\">\n\n<h3 class=\"gb-headline gb-headline-d5445703 gb-headline-text\">BRANDPR\u00dcFNORM<\/h3>\n\n<\/div>\n\n<div class=\"gb-container gb-container-75b3d4db\">\n\n<h1 class=\"gb-headline gb-headline-f50a165b gb-headline-text\">Brandpr\u00fcfnorm BS 5852 Crib 5 f\u00fcr Polsterungen<\/h1>\n\n<\/div>\n<\/div>\n<\/div>\n\n<div class=\"gb-container gb-container-77d991c2\">\n<div class=\"gb-container gb-container-48b23fd9\">\n<div class=\"gb-container gb-container-fbcda463\">\n\n<h2 class=\"gb-headline gb-headline-9bc41705 gb-headline-text\">Brandpr\u00fcfnorm BS 5852 Crib 5 f\u00fcr Polsterungen<\/h2>\n\n\n\n<p class=\"has-global-color-1-color has-text-color has-link-color wp-elements-774f3437ed397f6ceb7dc6a5a187c1f1\">BS 5852 Crib 5 ist eine wesentliche <a href=\"http:\/\/fr.polymerinsights.com\/testing\/flammability\/bs5852#:~:text=This%20British%20Standard%20describes%20methods,from%20that%20of%20a%20burning\" target=\"_blank\" rel=\"noreferrer noopener\">Brandpr\u00fcfnorm<\/a> f\u00fcr <a href=\"https:\/\/gulec.com\/markets-applications\/contract-furniture-flame-retardants\/\">Polsterm\u00f6bel<\/a>, insbesondere im gewerblichen Einsatz. Sie bewertet, wie gut verschiedene Materialien einer Entz\u00fcndung widerstehen, wenn sie einer definierten Z\u00fcndquelle ausgesetzt werden, der sogenannten \u201eCrib 5\u201c. Die Einhaltung dieser Norm stellt sicher, dass M\u00f6belhersteller ein hohes Sicherheitsniveau einhalten und das Risiko brandbedingter Vorf\u00e4lle reduzieren.  <\/p>\n\n<\/div>\n\n<div class=\"gb-container gb-container-d419f55d\">\n<div class=\"gb-container gb-container-53d79789\">\n\n<h5 class=\"gb-headline gb-headline-82dcff69 gb-headline-text\">Pr\u00fcfmuster<\/h5>\n\n\n\n<p class=\"has-global-color-1-color has-text-color has-link-color wp-elements-30a50a4af8213828077da2b7813eeca7\">Der Test umfasst das Anlegen einer standardisierten Holzkrippe bzw. Z\u00fcndquelle \u201eCrib 5\u201c an das Polstermaterial und die Beobachtung der Verbrennungseigenschaften des Materials. Gemessen wird, wie gut das Material einer Entz\u00fcndung widersteht und in welchem Umfang sich Flammen ausbreiten. <\/p>\n\n<\/div>\n\n<div class=\"gb-container gb-container-a4adf440\">\n\n<h5 class=\"gb-headline gb-headline-d2474078 gb-headline-text\">ANWENDUNG<\/h5>\n\n\n\n<p class=\"has-global-color-1-color has-text-color has-link-color wp-elements-2e540049c098511613db137ab22a6345\">Diese Norm ist entscheidend f\u00fcr M\u00f6bel, die in \u00f6ffentlichen Bereichen wie Hotels, B\u00fcros und anderen gewerblichen Umgebungen eingesetzt werden, in denen strenge Brandschutzanforderungen gelten. Die Einhaltung von Crib 5 gibt die Sicherheit, dass die M\u00f6bel ein h\u00f6heres Ma\u00df an Feuerbest\u00e4ndigkeit bieten. <\/p>\n\n<\/div>\n\n<div class=\"gb-container gb-container-c7e9f2e6\">\n\n<h5 class=\"gb-headline gb-headline-95892b13 gb-headline-text\">KLASSIFIZIERUNG<\/h5>\n\n\n\n<p class=\"has-global-color-1-color has-text-color has-link-color wp-elements-eb5c22063126f5d89ba32e651432fbca\">M\u00f6belmaterialien, die den Crib-5-Test bestehen, werden als Materialien mit einem h\u00f6heren Ma\u00df an Feuerbest\u00e4ndigkeit eingestuft. Diese Einstufung ist f\u00fcr Hersteller wichtig, um ihr Sicherheitsengagement nachzuweisen, und f\u00fcr Kunden, die M\u00f6bel ben\u00f6tigen, die strenge Brandschutzkriterien erf\u00fcllen. <\/p>\n\n<\/div>\n\n<div class=\"gb-container gb-container-3a75fabf\">\n\n<h5 class=\"gb-headline gb-headline-c7d4955b gb-headline-text\">KONFORMIT\u00c4T<\/h5>\n\n\n\n<p class=\"has-global-color-1-color has-text-color has-link-color wp-elements-65caae0071307de5df72757cd17d0029\">Hersteller, die Polsterm\u00f6bel f\u00fcr den gewerblichen Einsatz produzieren, m\u00fcssen die Norm BS 5852 Crib 5 einhalten, um sicherzustellen, dass ihre Produkte einer h\u00f6heren Brandbeanspruchung standhalten und Nutzern in gewerblichen Umgebungen zus\u00e4tzliche Sicherheit bieten.<\/p>\n\n<\/div>\n\n<div class=\"gb-container gb-container-a44a3e47\">\n\n<h5 class=\"gb-headline gb-headline-a1e039cc gb-headline-text\">GLOBALE ANERKENNUNG<\/h5>\n\n\n\n<p class=\"has-global-color-1-color has-text-color has-link-color wp-elements-6280923693c3201425cca187a7650db3\">Obwohl BS 5852 eine britische Norm ist, werden ihre Grunds\u00e4tze weltweit anerkannt, insbesondere in M\u00e4rkten, die den Brandschutz bei M\u00f6beln priorisieren. Die Einhaltung von Crib 5 erf\u00fcllt oder \u00fcbertrifft h\u00e4ufig internationale Brandschutz-Benchmarks. <\/p>\n\n<\/div>\n<\/div>\n\n<div class=\"gb-container gb-container-66e376a7\">\n<div class=\"gb-container gb-container-a5845aa2\">\n\n<h5 class=\"gb-headline gb-headline-42eb3dfa gb-headline-text\">VERWANDTE M\u00c4RKTE<\/h5>\n\n\n<div class=\"gb-container gb-container-7ebf470b\">\n<div class=\"gb-container gb-container-191a4d1c\"><a class=\"gb-container-link\" href=\"https:\/\/gulec.com\/markets-applications\/contract-furniture-flame-retardants\/\"><\/a>\n\n<h5 class=\"gb-headline gb-headline-61a82b75\"><span class=\"gb-icon\"><svg viewbox=\"0 0 244.19 244.19\" id=\"Layer_2\" xmlns=\"http:\/\/www.w3.org\/2000\/svg\"><defs><style>.cls-1{fill:none;stroke:#e63b27;stroke-miterlimit:10;stroke-width:7px}<\/style><\/defs><g id=\"Layer_1-2\"><rect ry=\"35\" rx=\"35\" class=\"cls-1\" y=\"3.5\" x=\"3.5\" height=\"237.19\" width=\"237.19\"\/><path class=\"cls-1\" d=\"m75.83 73.97-8.7 30.9c-1.09 3.87 1.38 7.85 5.34 8.57l112.54 20.66c3.61.66 7.11-1.65 7.9-5.24l10.24-46.1c.92-4.14-2.11-8.1-6.34-8.31L82.73 68.99a6.828 6.828 0 0 0-6.9 4.97Z\"><\/path><path class=\"cls-1\" d=\"m109.94 70.3-12.72 43.59c-.7 2.4-2.65 4.22-5.09 4.76l-39.06 8.6M96.09 117.78l-43.02 9.47M154.4 72.43l-14.16 48.54c-.7 2.4-2.65 4.22-5.09 4.76l-46.49 10.24M38.74 117.13V104.6c0-3.36 2.44-6.21 5.75-6.75l25.78-4.13M150.97 147.5v-22.84c0-3.36 2.44-6.21 5.75-6.75l40.05-6.42\"><\/path><path class=\"cls-1\" d=\"M29.81 120.03v8.3c0 3.36 2.01 6.3 4.9 7.14l100.94 29.36c4.13 1.2 8.15-2.32 8.15-7.14v-8.46\"><\/path><path class=\"cls-1\" d=\"M36.53 160.14v-3.37c0-1.9.79-3.71 2.18-5l12.51-11.64M157.65 195.89v-4.91c0-1.39.43-2.75 1.22-3.9l24.44-35.19c2.51-3.61 7.72-3.95 10.67-.69l18.63 20.54a6.83 6.83 0 0 1 1.77 4.59v4.76\"><\/path><path class=\"cls-1\" d=\"m140.07 164.34 50.42-16.51c.59-.2.99-.75.99-1.37v-9.24c0-.96-.93-1.66-1.85-1.39l-46.01 13.4c-.24.07-.5.08-.75.02L30.91 121.62c-1.51-.37-1.45-2.54.07-2.83l37.84-7.29\"><\/path><\/g><\/svg><\/span><span class=\"gb-headline-text\">Objekt-<br>M\u00f6bel<\/span><\/h5>\n\n<\/div>\n<\/div>\n<\/div>\n<\/div>\n<\/div>\n\n<div class=\"gb-container gb-container-89d5abdc\">\n<div class=\"gb-container gb-container-b1e6ba28\">\n\n<figure class=\"gb-block-image gb-block-image-1e77b532\"><img decoding=\"async\" width=\"1735\" height=\"2560\" class=\"gb-image gb-image-1e77b532\" src=\"http:\/\/gulec.com\/wp-content\/uploads\/2023\/12\/Gulec_Chemicals_Flame_Retardants_for_fire_standard_BS5852_Crib5_Leather_Sofa-scaled.jpg\" alt=\"Gulec Gerphos Flammschutzmittel \u2013 Brandpr\u00fcfnorm BS 5852 Crib 5 Ledersofa\" title=\"Gulec_Chemicals_Flame_Retardants_for_fire_standard_BS5852_Crib5_Leather_Sofa\" srcset=\"https:\/\/gulec.com\/wp-content\/uploads\/2023\/12\/Gulec_Chemicals_Flame_Retardants_for_fire_standard_BS5852_Crib5_Leather_Sofa-scaled.jpg 1735w, https:\/\/gulec.com\/wp-content\/uploads\/2023\/12\/Gulec_Chemicals_Flame_Retardants_for_fire_standard_BS5852_Crib5_Leather_Sofa-203x300.jpg 203w, https:\/\/gulec.com\/wp-content\/uploads\/2023\/12\/Gulec_Chemicals_Flame_Retardants_for_fire_standard_BS5852_Crib5_Leather_Sofa-694x1024.jpg 694w, https:\/\/gulec.com\/wp-content\/uploads\/2023\/12\/Gulec_Chemicals_Flame_Retardants_for_fire_standard_BS5852_Crib5_Leather_Sofa-768x1133.jpg 768w, https:\/\/gulec.com\/wp-content\/uploads\/2023\/12\/Gulec_Chemicals_Flame_Retardants_for_fire_standard_BS5852_Crib5_Leather_Sofa-1041x1536.jpg 1041w, https:\/\/gulec.com\/wp-content\/uploads\/2023\/12\/Gulec_Chemicals_Flame_Retardants_for_fire_standard_BS5852_Crib5_Leather_Sofa-1388x2048.jpg 1388w\" sizes=\"(max-width: 1735px) 100vw, 1735px\" \/><\/figure>\n\n<\/div>\n<\/div>\n<\/div>\n\n<div class=\"gb-container gb-container-3b3c508f\">\n<div class=\"gb-container gb-container-90349f9a\">\n<div class=\"gb-container gb-container-778dbf33\">\n<div class=\"gb-container gb-container-b97d04ed\">\n\n<h4 class=\"gb-headline gb-headline-8ea92d30 gb-headline-text\">flammschutzbehandelte Materialien liefern, die die Brandpr\u00fcfnorm BS 5852 Crib 5 BESTEHEN<\/h4>\n\n\n\n<h2 class=\"gb-headline gb-headline-0a522bd1 gb-headline-text\">Testen Sie und profitieren Sie von GERPHOS Flammschutzmitteln, die pr\u00e4zise auf die Brandpr\u00fcfnorm BS 5852 Crib 5 abgestimmt sind<\/h2>\n\n\n\n<a class=\"gb-button gb-button-6eefd8ad gb-button-text\" href=\"https:\/\/gulec.com\/contact\/\">Kostenlose Beratung buchen<\/a>\n\n<\/div>\n\n<div class=\"gb-container gb-container-616ffa0c\">\n\n<h4 class=\"gb-headline gb-headline-aec8225e gb-headline-text\">Bleiben Sie auf dem Laufenden \u00fcber Innovationen in der N\u00c4CHSTEN GENERATION von Flammschutzmitteln <\/h4>\n\n\n\n<h2 class=\"gb-headline gb-headline-ef724048 gb-headline-text\">Abonnieren Sie unseren Newsletter<\/h2>\n\n\n\n<\/div>\n<\/div>\n<\/div>\n<\/div>\n<\/div>\n<\/div>","protected":false},"excerpt":{"rendered":"<p>BRANDPR\u00dcFNORM Brandpr\u00fcfnorm BS 5852 Crib 5 f\u00fcr Polsterungen Brandpr\u00fcfnorm BS 5852 Crib 5 f\u00fcr Polsterungen BS 5852 Crib 5 ist eine wesentliche Brandpr\u00fcfnorm f\u00fcr Polsterm\u00f6bel, insbesondere im gewerblichen Einsatz. Sie bewertet, wie gut verschiedene Materialien einer Entz\u00fcndung widerstehen, wenn sie einer definierten Z\u00fcndquelle ausgesetzt werden, der sogenannten \u201eCrib 5\u201c. Die Einhaltung dieser Norm stellt sicher, &#8230; <\/p>\n<p class=\"read-more-container\"><a title=\"Brandpr\u00fcfnorm BS 5852 Crib 5\" class=\"read-more button\" href=\"https:\/\/gulec.com\/de\/brandschutznormen\/brandschutznorm-bs-5852-crib-5\/#more-3883\" aria-label=\"Mehr Informationen \u00fcber Brandpr\u00fcfnorm BS 5852 Crib 5\">Weiterlesen &#8230;<\/a><\/p>\n","protected":false},"author":1,"featured_media":0,"parent":3873,"menu_order":0,"comment_status":"closed","ping_status":"closed","template":"","meta":{"_acf_changed":false,"footnotes":""},"class_list":["post-3883","page","type-page","status-publish"],"acf":[],"yoast_head":"<!-- This site is optimized with the Yoast SEO Premium plugin v27.1 (Yoast SEO v27.2) - https:\/\/yoast.com\/product\/yoast-seo-premium-wordpress\/ -->\n<title>Brandpr\u00fcfnorm BS 5852 Crib 5 - Gulec Chemicals<\/title>\n<meta name=\"description\" content=\"BS 5852 Crib 5 ist eine wesentliche Brandpr\u00fcfnorm f\u00fcr Polsterm\u00f6bel, insbesondere im gewerblichen Einsatz.\" \/>\n<meta name=\"robots\" content=\"index, follow, max-snippet:-1, max-image-preview:large, max-video-preview:-1\" \/>\n<link rel=\"canonical\" href=\"https:\/\/gulec.com\/de\/brandschutznormen\/brandschutznorm-bs-5852-crib-5\/\" \/>\n<meta property=\"og:locale\" content=\"de_DE\" \/>\n<meta property=\"og:type\" content=\"article\" \/>\n<meta property=\"og:title\" content=\"Brandpr\u00fcfnorm BS 5852 Crib 5\" \/>\n<meta property=\"og:description\" content=\"BS 5852 Crib 5 ist eine wesentliche Brandpr\u00fcfnorm f\u00fcr Polsterm\u00f6bel, insbesondere im gewerblichen Einsatz.\" \/>\n<meta property=\"og:url\" content=\"https:\/\/gulec.com\/de\/brandschutznormen\/brandschutznorm-bs-5852-crib-5\/\" \/>\n<meta property=\"og:site_name\" content=\"Gulec Chemicals\" \/>\n<meta property=\"article:publisher\" content=\"https:\/\/www.facebook.com\/gulecchemicals\/\" \/>\n<meta property=\"article:modified_time\" content=\"2026-04-30T15:00:00+00:00\" \/>\n<meta property=\"og:image\" content=\"http:\/\/gulec.com\/wp-content\/uploads\/2023\/12\/Gulec_Chemicals_Flame_Retardants_for_fire_standard_BS5852_Crib5_Leather_Sofa-scaled.jpg\" \/>\n<meta name=\"twitter:card\" content=\"summary_large_image\" \/>\n<meta name=\"twitter:label1\" content=\"Gesch\u00e4tzte Lesezeit\" \/>\n\t<meta name=\"twitter:data1\" content=\"2\u00a0Minuten\" \/>\n<script type=\"application\/ld+json\" class=\"yoast-schema-graph\">{\"@context\":\"https:\/\/schema.org\",\"@graph\":[{\"@type\":\"WebPage\",\"@id\":\"https:\/\/gulec.com\/de\/brandschutznormen\/brandschutznorm-bs-5852-crib-5\/\",\"url\":\"https:\/\/gulec.com\/de\/brandschutznormen\/brandschutznorm-bs-5852-crib-5\/\",\"name\":\"Brandpr\u00fcfnorm BS 5852 Crib 5 - Gulec Chemicals\",\"isPartOf\":{\"@id\":\"https:\/\/imap.gulec.fr\/#website\"},\"primaryImageOfPage\":{\"@id\":\"https:\/\/gulec.com\/de\/brandschutznormen\/brandschutznorm-bs-5852-crib-5\/#primaryimage\"},\"image\":{\"@id\":\"https:\/\/gulec.com\/de\/brandschutznormen\/brandschutznorm-bs-5852-crib-5\/#primaryimage\"},\"thumbnailUrl\":\"http:\/\/gulec.com\/wp-content\/uploads\/2023\/12\/Gulec_Chemicals_Flame_Retardants_for_fire_standard_BS5852_Crib5_Leather_Sofa-scaled.jpg\",\"datePublished\":\"2023-12-01T10:16:52+00:00\",\"dateModified\":\"2026-04-30T15:00:00+00:00\",\"description\":\"BS 5852 Crib 5 ist eine wesentliche Brandpr\u00fcfnorm f\u00fcr Polsterm\u00f6bel, insbesondere im gewerblichen Einsatz.\",\"breadcrumb\":{\"@id\":\"https:\/\/gulec.com\/de\/brandschutznormen\/brandschutznorm-bs-5852-crib-5\/#breadcrumb\"},\"inLanguage\":\"de\",\"potentialAction\":[{\"@type\":\"ReadAction\",\"target\":[\"https:\/\/gulec.com\/de\/brandschutznormen\/brandschutznorm-bs-5852-crib-5\/\"]}]},{\"@type\":\"ImageObject\",\"inLanguage\":\"de\",\"@id\":\"https:\/\/gulec.com\/de\/brandschutznormen\/brandschutznorm-bs-5852-crib-5\/#primaryimage\",\"url\":\"http:\/\/gulec.com\/wp-content\/uploads\/2023\/12\/Gulec_Chemicals_Flame_Retardants_for_fire_standard_BS5852_Crib5_Leather_Sofa-scaled.jpg\",\"contentUrl\":\"http:\/\/gulec.com\/wp-content\/uploads\/2023\/12\/Gulec_Chemicals_Flame_Retardants_for_fire_standard_BS5852_Crib5_Leather_Sofa-scaled.jpg\"},{\"@type\":\"BreadcrumbList\",\"@id\":\"https:\/\/gulec.com\/de\/brandschutznormen\/brandschutznorm-bs-5852-crib-5\/#breadcrumb\",\"itemListElement\":[{\"@type\":\"ListItem\",\"position\":1,\"name\":\"Home\",\"item\":\"https:\/\/imap.gulec.fr\/\"},{\"@type\":\"ListItem\",\"position\":2,\"name\":\"Brandpr\u00fcfnorm\",\"item\":\"https:\/\/analytic.gulecarge.com\/de\/brandschutznormen\/\"},{\"@type\":\"ListItem\",\"position\":3,\"name\":\"Brandpr\u00fcfnorm BS 5852 Crib 5\"}]},{\"@type\":\"WebSite\",\"@id\":\"https:\/\/imap.gulec.fr\/#website\",\"url\":\"https:\/\/imap.gulec.fr\/\",\"name\":\"Gulec Chemicals\",\"description\":\"Producer of next-generation flame retardants\",\"publisher\":{\"@id\":\"https:\/\/imap.gulec.fr\/#organization\"},\"potentialAction\":[{\"@type\":\"SearchAction\",\"target\":{\"@type\":\"EntryPoint\",\"urlTemplate\":\"https:\/\/imap.gulec.fr\/?s={search_term_string}\"},\"query-input\":{\"@type\":\"PropertyValueSpecification\",\"valueRequired\":true,\"valueName\":\"search_term_string\"}}],\"inLanguage\":\"de\"},{\"@type\":\"Organization\",\"@id\":\"https:\/\/imap.gulec.fr\/#organization\",\"name\":\"Gulec Chemicals\",\"url\":\"https:\/\/imap.gulec.fr\/\",\"logo\":{\"@type\":\"ImageObject\",\"inLanguage\":\"de\",\"@id\":\"https:\/\/imap.gulec.fr\/#\/schema\/logo\/image\/\",\"url\":\"https:\/\/gulec.com\/wp-content\/uploads\/2023\/10\/cropped-Gulec_Logo_White.png\",\"contentUrl\":\"https:\/\/gulec.com\/wp-content\/uploads\/2023\/10\/cropped-Gulec_Logo_White.png\",\"width\":1200,\"height\":372,\"caption\":\"Gulec Chemicals\"},\"image\":{\"@id\":\"https:\/\/imap.gulec.fr\/#\/schema\/logo\/image\/\"},\"sameAs\":[\"https:\/\/www.facebook.com\/gulecchemicals\/\",\"https:\/\/www.linkedin.com\/company\/gulecchem\/\",\"https:\/\/www.instagram.com\/gulecchemicals\"]}]}<\/script>\n<!-- \/ Yoast SEO Premium plugin. -->","yoast_head_json":{"title":"Brandpr\u00fcfnorm BS 5852 Crib 5 - Gulec Chemicals","description":"BS 5852 Crib 5 ist eine wesentliche Brandpr\u00fcfnorm f\u00fcr Polsterm\u00f6bel, insbesondere im gewerblichen Einsatz.","robots":{"index":"index","follow":"follow","max-snippet":"max-snippet:-1","max-image-preview":"max-image-preview:large","max-video-preview":"max-video-preview:-1"},"canonical":"https:\/\/gulec.com\/de\/brandschutznormen\/brandschutznorm-bs-5852-crib-5\/","og_locale":"de_DE","og_type":"article","og_title":"Brandpr\u00fcfnorm BS 5852 Crib 5","og_description":"BS 5852 Crib 5 ist eine wesentliche Brandpr\u00fcfnorm f\u00fcr Polsterm\u00f6bel, insbesondere im gewerblichen Einsatz.","og_url":"https:\/\/gulec.com\/de\/brandschutznormen\/brandschutznorm-bs-5852-crib-5\/","og_site_name":"Gulec Chemicals","article_publisher":"https:\/\/www.facebook.com\/gulecchemicals\/","article_modified_time":"2026-04-30T15:00:00+00:00","og_image":[{"url":"http:\/\/gulec.com\/wp-content\/uploads\/2023\/12\/Gulec_Chemicals_Flame_Retardants_for_fire_standard_BS5852_Crib5_Leather_Sofa-scaled.jpg","type":"","width":"","height":""}],"twitter_card":"summary_large_image","twitter_misc":{"Gesch\u00e4tzte Lesezeit":"2\u00a0Minuten"},"schema":{"@context":"https:\/\/schema.org","@graph":[{"@type":"WebPage","@id":"https:\/\/gulec.com\/de\/brandschutznormen\/brandschutznorm-bs-5852-crib-5\/","url":"https:\/\/gulec.com\/de\/brandschutznormen\/brandschutznorm-bs-5852-crib-5\/","name":"Brandpr\u00fcfnorm BS 5852 Crib 5 - Gulec Chemicals","isPartOf":{"@id":"https:\/\/imap.gulec.fr\/#website"},"primaryImageOfPage":{"@id":"https:\/\/gulec.com\/de\/brandschutznormen\/brandschutznorm-bs-5852-crib-5\/#primaryimage"},"image":{"@id":"https:\/\/gulec.com\/de\/brandschutznormen\/brandschutznorm-bs-5852-crib-5\/#primaryimage"},"thumbnailUrl":"http:\/\/gulec.com\/wp-content\/uploads\/2023\/12\/Gulec_Chemicals_Flame_Retardants_for_fire_standard_BS5852_Crib5_Leather_Sofa-scaled.jpg","datePublished":"2023-12-01T10:16:52+00:00","dateModified":"2026-04-30T15:00:00+00:00","description":"BS 5852 Crib 5 ist eine wesentliche Brandpr\u00fcfnorm f\u00fcr Polsterm\u00f6bel, insbesondere im gewerblichen Einsatz.","breadcrumb":{"@id":"https:\/\/gulec.com\/de\/brandschutznormen\/brandschutznorm-bs-5852-crib-5\/#breadcrumb"},"inLanguage":"de","potentialAction":[{"@type":"ReadAction","target":["https:\/\/gulec.com\/de\/brandschutznormen\/brandschutznorm-bs-5852-crib-5\/"]}]},{"@type":"ImageObject","inLanguage":"de","@id":"https:\/\/gulec.com\/de\/brandschutznormen\/brandschutznorm-bs-5852-crib-5\/#primaryimage","url":"http:\/\/gulec.com\/wp-content\/uploads\/2023\/12\/Gulec_Chemicals_Flame_Retardants_for_fire_standard_BS5852_Crib5_Leather_Sofa-scaled.jpg","contentUrl":"http:\/\/gulec.com\/wp-content\/uploads\/2023\/12\/Gulec_Chemicals_Flame_Retardants_for_fire_standard_BS5852_Crib5_Leather_Sofa-scaled.jpg"},{"@type":"BreadcrumbList","@id":"https:\/\/gulec.com\/de\/brandschutznormen\/brandschutznorm-bs-5852-crib-5\/#breadcrumb","itemListElement":[{"@type":"ListItem","position":1,"name":"Home","item":"https:\/\/imap.gulec.fr\/"},{"@type":"ListItem","position":2,"name":"Brandpr\u00fcfnorm","item":"https:\/\/analytic.gulecarge.com\/de\/brandschutznormen\/"},{"@type":"ListItem","position":3,"name":"Brandpr\u00fcfnorm BS 5852 Crib 5"}]},{"@type":"WebSite","@id":"https:\/\/imap.gulec.fr\/#website","url":"https:\/\/imap.gulec.fr\/","name":"Gulec Chemicals","description":"Producer of next-generation flame retardants","publisher":{"@id":"https:\/\/imap.gulec.fr\/#organization"},"potentialAction":[{"@type":"SearchAction","target":{"@type":"EntryPoint","urlTemplate":"https:\/\/imap.gulec.fr\/?s={search_term_string}"},"query-input":{"@type":"PropertyValueSpecification","valueRequired":true,"valueName":"search_term_string"}}],"inLanguage":"de"},{"@type":"Organization","@id":"https:\/\/imap.gulec.fr\/#organization","name":"Gulec Chemicals","url":"https:\/\/imap.gulec.fr\/","logo":{"@type":"ImageObject","inLanguage":"de","@id":"https:\/\/imap.gulec.fr\/#\/schema\/logo\/image\/","url":"https:\/\/gulec.com\/wp-content\/uploads\/2023\/10\/cropped-Gulec_Logo_White.png","contentUrl":"https:\/\/gulec.com\/wp-content\/uploads\/2023\/10\/cropped-Gulec_Logo_White.png","width":1200,"height":372,"caption":"Gulec Chemicals"},"image":{"@id":"https:\/\/imap.gulec.fr\/#\/schema\/logo\/image\/"},"sameAs":["https:\/\/www.facebook.com\/gulecchemicals\/","https:\/\/www.linkedin.com\/company\/gulecchem\/","https:\/\/www.instagram.com\/gulecchemicals"]}]}},"_links":{"self":[{"href":"https:\/\/gulec.com\/de\/wp-json\/wp\/v2\/pages\/3883","targetHints":{"allow":["GET"]}}],"collection":[{"href":"https:\/\/gulec.com\/de\/wp-json\/wp\/v2\/pages"}],"about":[{"href":"https:\/\/gulec.com\/de\/wp-json\/wp\/v2\/types\/page"}],"author":[{"embeddable":true,"href":"https:\/\/gulec.com\/de\/wp-json\/wp\/v2\/users\/1"}],"replies":[{"embeddable":true,"href":"https:\/\/gulec.com\/de\/wp-json\/wp\/v2\/comments?post=3883"}],"version-history":[{"count":6,"href":"https:\/\/gulec.com\/de\/wp-json\/wp\/v2\/pages\/3883\/revisions"}],"predecessor-version":[{"id":3947,"href":"https:\/\/gulec.com\/de\/wp-json\/wp\/v2\/pages\/3883\/revisions\/3947"}],"up":[{"embeddable":true,"href":"https:\/\/gulec.com\/de\/wp-json\/wp\/v2\/pages\/3873"}],"wp:attachment":[{"href":"https:\/\/gulec.com\/de\/wp-json\/wp\/v2\/media?parent=3883"}],"curies":[{"name":"wp","href":"https:\/\/api.w.org\/{rel}","templated":true}]}}