{"id":3895,"date":"2023-12-01T08:47:57","date_gmt":"2023-12-01T08:47:57","guid":{"rendered":"https:\/\/gulec.com\/brandschutznormen\/iso-6941-brandschutznorm\/"},"modified":"2026-04-30T14:07:22","modified_gmt":"2026-04-30T14:07:22","slug":"iso-6941-brandschutznorm","status":"publish","type":"page","link":"https:\/\/gulec.com\/de\/brandschutznormen\/iso-6941-brandschutznorm\/","title":{"rendered":"ISO 6941 Brandpr\u00fcfnorm"},"content":{"rendered":"<div class=\"gb-container gb-container-0aaf3771\">\n<div class=\"gb-container gb-container-b914e7c6\">\n<div class=\"gb-container gb-container-1499a3f2 alignfull\">\n<div class=\"gb-container gb-container-fd148199\">\n<div class=\"gb-container gb-container-d9a23622\">\n\n<h3 class=\"gb-headline gb-headline-d5445703 gb-headline-text\">BRANDPR\u00dcFNORM<\/h3>\n\n<\/div>\n\n<div class=\"gb-container gb-container-75b3d4db\">\n\n<h1 class=\"gb-headline gb-headline-f50a165b gb-headline-text\">ISO 6941 Brandpr\u00fcfnorm f\u00fcr Flammenausbreitung bei Geweben <\/h1>\n\n<\/div>\n<\/div>\n<\/div>\n\n<div class=\"gb-container gb-container-432c1bcb\">\n<div class=\"gb-container gb-container-7b83615b\">\n<div class=\"yoast-breadcrumbs\"><span><span><a href=\"https:\/\/analytics1.archive.gerphos.bio\/\">Home<\/a><\/span> \u00bb <span><a href=\"https:\/\/office.gulec-chem.com\/de\/brandschutznormen\/\">Brandpr\u00fcfnorm<\/a><\/span> \u00bb <span class=\"breadcrumb_last\" aria-current=\"page\">ISO 6941 Brandpr\u00fcfnorm<\/span><\/span><\/div>\n<\/div>\n<\/div>\n\n<div class=\"gb-container gb-container-77d991c2\">\n<div class=\"gb-container gb-container-48b23fd9\">\n<div class=\"gb-container gb-container-fbcda463\">\n\n<h2 class=\"gb-headline gb-headline-9bc41705 gb-headline-text\">ISO 6941 Brandpr\u00fcfnorm f\u00fcr Flammenausbreitung bei Geweben <\/h2>\n\n\n\n<p>ISO 6941 ist eine <a href=\"https:\/\/www.iso.org\/standard\/35667.html\">wichtige Norm<\/a>, die ein Verfahren zur Bewertung der Flammenausbreitung entlang vertikal ausgerichteter Textilgewebe und -baugruppen festlegt. Sie ist von zentraler Bedeutung f\u00fcr das Verst\u00e4ndnis und die Minderung der Risiken im Zusammenhang mit der Entflammbarkeit von Geweben in verschiedenen Anwendungen. <\/p>\n\n<\/div>\n\n<div class=\"gb-container gb-container-d419f55d\">\n<div class=\"gb-container gb-container-53d79789\">\n\n<h5 class=\"gb-headline gb-headline-82dcff69 gb-headline-text\">PR\u00dcFVERFAHREN<\/h5>\n\n\n\n<p class=\"has-global-color-1-color has-text-color has-link-color wp-elements-603e54e065196fd1c80357af67af452e\">Gem\u00e4\u00df ISO 6941 wird eine vertikale Gewebeprobe einer kleinen Flamme ausgesetzt und die Geschwindigkeit gemessen, mit der sich die Flamme entlang des Gewebes ausbreitet. Dieser Test ist von entscheidender Bedeutung f\u00fcr die Bewertung des Verhaltens des Gewebes hinsichtlich der Flammenausbreitung und des Ausma\u00dfes potenzieller Brandsch\u00e4den. <\/p>\n\n<\/div>\n\n<div class=\"gb-container gb-container-a4adf440\">\n\n<h5 class=\"gb-headline gb-headline-d2474078 gb-headline-text\">ANWENDUNG<\/h5>\n\n\n\n<p class=\"has-global-color-1-color has-text-color has-link-color wp-elements-4f79ccbd2f12c091c03fff066a2fc955\">Branchen wie Bekleidung, Automobil, Luft- und Raumfahrt sowie Heimtextilien verlassen sich auf ISO 6941, um die Sicherheit der in ihren Produkten verwendeten Gewebe zu gew\u00e4hrleisten. Die Norm ist unerl\u00e4sslich f\u00fcr die \u00dcberpr\u00fcfung, dass Gewebe weniger wahrscheinlich zur schnellen Ausbreitung von Feuer beitragen. <\/p>\n\n<\/div>\n\n<div class=\"gb-container gb-container-c7e9f2e6\">\n\n<h5 class=\"gb-headline gb-headline-95892b13 gb-headline-text\">KLASSIFIZIERUNG<\/h5>\n\n\n\n<p class=\"has-global-color-1-color has-text-color has-link-color wp-elements-3acd30a9679962c4b53dbb5b0634f58b\">Gewebe, die die Anforderungen der ISO 6941 erf\u00fcllen, werden anhand ihrer Flammenausbreitungseigenschaften klassifiziert. Dieses Klassifizierungssystem ist wichtig f\u00fcr die Bestimmung der Eignung von Geweben f\u00fcr spezifische Verwendungszwecke, insbesondere in Umgebungen, in denen Brandschutz von entscheidender Bedeutung ist. <\/p>\n\n<\/div>\n\n<div class=\"gb-container gb-container-3a75fabf\">\n\n<h5 class=\"gb-headline gb-headline-c7d4955b gb-headline-text\">KONFORMIT\u00c4T<\/h5>\n\n\n\n<p class=\"has-global-color-1-color has-text-color has-link-color wp-elements-aca7d6c3b30bdec2c206c9dedabcb9b3\">Die Einhaltung der ISO 6941 ist f\u00fcr Hersteller und Lieferanten bei der Produktion sicherer Textilprodukte von zentraler Bedeutung. Die Einhaltung dieser Norm zeigt ein Engagement f\u00fcr Brandschutz, was besonders in Hochrisikoumgebungen wichtig ist. <\/p>\n\n<\/div>\n\n<div class=\"gb-container gb-container-a44a3e47\">\n\n<h5 class=\"gb-headline gb-headline-a1e039cc gb-headline-text\">GLOBALE ANERKENNUNG<\/h5>\n\n\n\n<p class=\"has-global-color-1-color has-text-color has-link-color wp-elements-7c69848367b3e79598fc9dabd1bcc02a\">Als ISO-Norm wird ISO 6941 international anerkannt und setzt einen Ma\u00dfstab f\u00fcr die Brandsicherheit von Textilprodukten auf dem Weltmarkt. Sie bietet einen harmonisierten Ansatz zur Bewertung der Flammenausbreitung bei Geweben. <\/p>\n\n<\/div>\n<\/div>\n\n<div class=\"gb-container gb-container-66e376a7\">\n<div class=\"gb-container gb-container-a5845aa2\">\n\n<h5 class=\"gb-headline gb-headline-42eb3dfa gb-headline-text\">VERWANDTE M\u00c4RKTE<\/h5>\n\n\n<div class=\"gb-container gb-container-7ebf470b\">\n<div class=\"gb-container gb-container-c48b52c5\"><a class=\"gb-container-link\" href=\"https:\/\/gulec.com\/markets-applications\/architecture-construction-flame-retardants\/\"><\/a>\n\n<h5 class=\"gb-headline gb-headline-912a48f4\"><span class=\"gb-icon\"><svg viewbox=\"0 0 244.19 244.19\" id=\"Layer_2\" xmlns=\"http:\/\/www.w3.org\/2000\/svg\"><defs><style>.cls-1{fill:none;stroke:#e63b27;stroke-miterlimit:10;stroke-width:7px}<\/style><\/defs><g id=\"Layer_1-2\"><rect ry=\"35\" rx=\"35\" class=\"cls-1\" y=\"3.5\" x=\"3.5\" height=\"237.19\" width=\"237.19\"\/><path class=\"cls-1\" d=\"M27.87 147.84c7.5-4.04 14.68-8.61 21.48-13.66a175.438 175.438 0 0 0 41.59-43.87c5.95 6.88 13.05 11.62 20.81 13.45 2.34.55 4.75.84 7.19.84 3.73 0 7.35-.66 10.82-1.92 10.8-3.92 20.11-13.55 26.4-26.64 10.29 22.28 25.12 42.02 43.31 58.04.7.62 1.41 1.23 2.12 1.84 4.7 4 9.62 7.77 14.72 11.27\"><\/path><path class=\"cls-1\" d=\"M199.47 134.09c-16.7.4-32.28 5.27-45.61 13.45-8.47-2.59-17.46-3.98-26.77-3.98s-17.53 1.27-25.67 3.65c-13.83-8.34-30.02-13.15-47.34-13.15-1.58 0-3.16.04-4.73.12\"><\/path><path class=\"cls-1\" d=\"m163.59 165.72-9.76-18.19-24.07-44.85M111.75 103.76l-10.43 43.38-5.06 21.01\"><\/path><\/g><\/svg><\/span><span class=\"gb-headline-text\">Architektur <br>&amp; Bauwesen<\/span><\/h5>\n\n<\/div>\n\n<div class=\"gb-container gb-container-191a4d1c\"><a class=\"gb-container-link\" href=\"https:\/\/gulec.com\/markets-applications\/contract-furniture-flame-retardants\/\"><\/a>\n\n<h5 class=\"gb-headline gb-headline-61a82b75\"><span class=\"gb-icon\"><svg viewbox=\"0 0 244.19 244.19\" id=\"Layer_2\" xmlns=\"http:\/\/www.w3.org\/2000\/svg\"><defs><style>.cls-1{fill:none;stroke:#e63b27;stroke-miterlimit:10;stroke-width:7px}<\/style><\/defs><g id=\"Layer_1-2\"><rect ry=\"35\" rx=\"35\" class=\"cls-1\" y=\"3.5\" x=\"3.5\" height=\"237.19\" width=\"237.19\"\/><path class=\"cls-1\" d=\"m75.83 73.97-8.7 30.9c-1.09 3.87 1.38 7.85 5.34 8.57l112.54 20.66c3.61.66 7.11-1.65 7.9-5.24l10.24-46.1c.92-4.14-2.11-8.1-6.34-8.31L82.73 68.99a6.828 6.828 0 0 0-6.9 4.97Z\"><\/path><path class=\"cls-1\" d=\"m109.94 70.3-12.72 43.59c-.7 2.4-2.65 4.22-5.09 4.76l-39.06 8.6M96.09 117.78l-43.02 9.47M154.4 72.43l-14.16 48.54c-.7 2.4-2.65 4.22-5.09 4.76l-46.49 10.24M38.74 117.13V104.6c0-3.36 2.44-6.21 5.75-6.75l25.78-4.13M150.97 147.5v-22.84c0-3.36 2.44-6.21 5.75-6.75l40.05-6.42\"><\/path><path class=\"cls-1\" d=\"M29.81 120.03v8.3c0 3.36 2.01 6.3 4.9 7.14l100.94 29.36c4.13 1.2 8.15-2.32 8.15-7.14v-8.46\"><\/path><path class=\"cls-1\" d=\"M36.53 160.14v-3.37c0-1.9.79-3.71 2.18-5l12.51-11.64M157.65 195.89v-4.91c0-1.39.43-2.75 1.22-3.9l24.44-35.19c2.51-3.61 7.72-3.95 10.67-.69l18.63 20.54a6.83 6.83 0 0 1 1.77 4.59v4.76\"><\/path><path class=\"cls-1\" d=\"m140.07 164.34 50.42-16.51c.59-.2.99-.75.99-1.37v-9.24c0-.96-.93-1.66-1.85-1.39l-46.01 13.4c-.24.07-.5.08-.75.02L30.91 121.62c-1.51-.37-1.45-2.54.07-2.83l37.84-7.29\"><\/path><\/g><\/svg><\/span><span class=\"gb-headline-text\">Objekt-<br>M\u00f6bel<\/span><\/h5>\n\n<\/div>\n\n<div class=\"gb-container gb-container-2874631f\"><a class=\"gb-container-link\" href=\"https:\/\/gulec.com\/markets-applications\/healthcare-flame-retardants\/\"><\/a>\n\n<h5 class=\"gb-headline gb-headline-688a5178\"><span class=\"gb-icon\"><svg xmlns=\"http:\/\/www.w3.org\/2000\/svg\" viewbox=\"0 0 244.19 244.19\" id=\"Layer_2\"><defs><style>.cls-1{fill:none;stroke:#e63b27;stroke-miterlimit:10;stroke-width:7px}<\/style><\/defs><g id=\"Layer_1-2\"><rect ry=\"35\" rx=\"35\" class=\"cls-1\" y=\"3.5\" x=\"3.5\" height=\"237.19\" width=\"237.19\"><\/rect><ellipse ry=\"7.8\" rx=\"6.63\" class=\"cls-1\" cy=\"146.86\" cx=\"32.61\"><\/ellipse><path class=\"cls-1\" d=\"M176.27 132.76c-.89.84-1.99 1.41-3.19 1.65L81.64 153c-1.13.23-2.3.16-3.4-.21l-46.79-15.72c-2.67-.9-4.47-3.4-4.47-6.22v-28.44c0-4.18 3.86-7.3 7.95-6.41l39.81 8.63a6.55 6.55 0 0 1 5.17 6.41V131c0 4.15 3.8 7.25 7.86 6.43l81.38-16.41c1.18-.24 2.27-.8 3.16-1.61l33.47-30.93c4.12-3.81 1.87-10.69-3.7-11.34l-37.6-4.35c-1.73-.2-3.46.29-4.83 1.37l-37.78 29.91c-.91.72-1.99 1.18-3.13 1.35l-38.82 5.61\"><\/path><path class=\"cls-1\" d=\"M207.92 85.55v16.07l-31.65 31.14\"><\/path><ellipse ry=\"7.8\" rx=\"6.63\" class=\"cls-1\" cy=\"167.58\" cx=\"96.28\"><\/ellipse><path class=\"cls-1\" d=\"M96.28 158.78v-7.68\"><\/path><ellipse ry=\"7.8\" rx=\"6.63\" class=\"cls-1\" cy=\"149.23\" cx=\"175.04\"><\/ellipse><path class=\"cls-1\" d=\"M175.04 140.44v-7.68\"><\/path><\/g><\/svg><\/span><span class=\"gb-headline-text\">Gesundheitswesen<\/span><\/h5>\n\n<\/div>\n\n<div class=\"gb-container gb-container-edb47f2b\"><a class=\"gb-container-link\" href=\"https:\/\/gulec.com\/markets-applications\/technical-textile-flame-retardants\/\"><\/a>\n\n<h5 class=\"gb-headline gb-headline-acc77be4\"><span class=\"gb-icon\"><svg viewbox=\"0 0 244.19 244.19\" id=\"Layer_2\" xmlns=\"http:\/\/www.w3.org\/2000\/svg\"><defs><style>.cls-1{fill:none;stroke:#e63b27;stroke-miterlimit:10;stroke-width:7px}<\/style><\/defs><g id=\"Layer_1-2\"><rect ry=\"35\" rx=\"35\" class=\"cls-1\" y=\"3.5\" x=\"3.5\" height=\"237.19\" width=\"237.19\"\/><path class=\"cls-1\" d=\"M211.64 212.06H29.25V38.78h182.39v173.28zM29.25 212.06 139.71 38.78M70.38 212.06l88.39-173.28M131.91 212.06l45.91-173.28M29.25 69.28l182.39 83.87M29.25 106.4l182.39 58.92M29.25 144.7l182.39 37.27M171.14 211.97 29.25 86.51M211.64 112.1 29.25 60.29M211.64 99.14 29.25 43.39\"><\/path><\/g><\/svg><\/span><span class=\"gb-headline-text\">Technische<br>Textilien<\/span><\/h5>\n\n<\/div>\n<\/div>\n<\/div>\n<\/div>\n<\/div>\n\n<div class=\"gb-container gb-container-89d5abdc\">\n<div class=\"gb-container gb-container-b1e6ba28\">\n\n<figure class=\"gb-block-image gb-block-image-1e77b532\"><img decoding=\"async\" width=\"1650\" height=\"2200\" class=\"gb-image gb-image-1e77b532\" src=\"http:\/\/gulec.com\/wp-content\/uploads\/2023\/12\/Gulec_Chemicals_Flame_Retardants_for_fire_standard_ISO6941_curtain.jpg\" alt=\"Gulec Gerphos Flammschutzmittel Brandpr\u00fcfnorm ISO6941 Vorhang\" title=\"Gulec_Chemicals_Flammschutzmittel_f\u00fcr_Brandpr\u00fcfnorm_ISO6941_Vorhang\" srcset=\"https:\/\/gulec.com\/wp-content\/uploads\/2023\/12\/Gulec_Chemicals_Flame_Retardants_for_fire_standard_ISO6941_curtain.jpg 1650w, https:\/\/gulec.com\/wp-content\/uploads\/2023\/12\/Gulec_Chemicals_Flame_Retardants_for_fire_standard_ISO6941_curtain-225x300.jpg 225w, https:\/\/gulec.com\/wp-content\/uploads\/2023\/12\/Gulec_Chemicals_Flame_Retardants_for_fire_standard_ISO6941_curtain-768x1024.jpg 768w, https:\/\/gulec.com\/wp-content\/uploads\/2023\/12\/Gulec_Chemicals_Flame_Retardants_for_fire_standard_ISO6941_curtain-1152x1536.jpg 1152w, https:\/\/gulec.com\/wp-content\/uploads\/2023\/12\/Gulec_Chemicals_Flame_Retardants_for_fire_standard_ISO6941_curtain-1536x2048.jpg 1536w\" sizes=\"(max-width: 1650px) 100vw, 1650px\" \/><\/figure>\n\n<\/div>\n<\/div>\n<\/div>\n\n<div class=\"gb-container gb-container-3b3c508f\">\n<div class=\"gb-container gb-container-90349f9a\">\n<div class=\"gb-container gb-container-778dbf33\">\n<div class=\"gb-container gb-container-b97d04ed\">\n\n<h4 class=\"gb-headline gb-headline-8ea92d30 gb-headline-text\">Liefern Sie flammgesch\u00fctzte Materialien, DIE DIE ISO 6941 BRANDPR\u00dcFNORM ERF\u00dcLLEN<\/h4>\n\n\n\n<h2 class=\"gb-headline gb-headline-0a522bd1 gb-headline-text\">Testen Sie GERPHOS Flammschutzmittel, die speziell auf die ISO 6941 Brandpr\u00fcfnorm abgestimmt sind, und profitieren Sie davon<\/h2>\n\n\n\n<span class=\"gb-button gb-button-6eefd8ad gb-button-text\">Kostenlose Beratung buchen<\/span>\n\n<\/div>\n\n<div class=\"gb-container gb-container-616ffa0c\">\n\n<h4 class=\"gb-headline gb-headline-aec8225e gb-headline-text\">Bleiben Sie auf dem Laufenden \u00fcber Innovationen in der N\u00c4CHSTEN GENERATION von Flammschutzmitteln <\/h4>\n\n\n\n<h2 class=\"gb-headline gb-headline-ef724048 gb-headline-text\">Abonnieren Sie unseren Newsletter<\/h2>\n\n\n\n<\/div>\n<\/div>\n<\/div>\n<\/div>\n<\/div>\n<\/div>","protected":false},"excerpt":{"rendered":"<p>BRANDPR\u00dcFNORM ISO 6941 Brandpr\u00fcfnorm f\u00fcr Flammenausbreitung bei Geweben ISO 6941 Brandpr\u00fcfnorm f\u00fcr Flammenausbreitung bei Geweben ISO 6941 ist eine wichtige Norm, die ein Verfahren zur Bewertung der Flammenausbreitung entlang vertikal ausgerichteter Textilgewebe und -baugruppen festlegt. Sie ist von zentraler Bedeutung f\u00fcr das Verst\u00e4ndnis und die Minderung der Risiken im Zusammenhang mit der Entflammbarkeit von Geweben &#8230; <\/p>\n<p class=\"read-more-container\"><a title=\"ISO 6941 Brandpr\u00fcfnorm\" class=\"read-more button\" href=\"https:\/\/gulec.com\/de\/brandschutznormen\/iso-6941-brandschutznorm\/#more-3895\" aria-label=\"Mehr Informationen \u00fcber ISO 6941 Brandpr\u00fcfnorm\">Weiterlesen &#8230;<\/a><\/p>\n","protected":false},"author":1,"featured_media":0,"parent":3873,"menu_order":0,"comment_status":"closed","ping_status":"closed","template":"","meta":{"_acf_changed":false,"footnotes":""},"class_list":["post-3895","page","type-page","status-publish"],"acf":[],"yoast_head":"<!-- This site is optimized with the Yoast SEO Premium plugin v27.1 (Yoast SEO v27.2) - https:\/\/yoast.com\/product\/yoast-seo-premium-wordpress\/ -->\n<title>ISO 6941 Brandpr\u00fcfnorm - Gulec Chemicals<\/title>\n<meta name=\"description\" content=\"Die ISO 6941 Brandschutznorm ist eine wichtige Norm, die ein Verfahren zur Bewertung der Flammenausbreitung entlang vertikal ausgerichteter Textilgewebe und -baugruppen festlegt.\" \/>\n<meta name=\"robots\" content=\"index, follow, max-snippet:-1, max-image-preview:large, max-video-preview:-1\" \/>\n<link rel=\"canonical\" href=\"https:\/\/gulec.com\/de\/brandschutznormen\/iso-6941-brandschutznorm\/\" \/>\n<meta property=\"og:locale\" content=\"de_DE\" \/>\n<meta property=\"og:type\" content=\"article\" \/>\n<meta property=\"og:title\" content=\"ISO 6941 Brandpr\u00fcfnorm\" \/>\n<meta property=\"og:description\" content=\"Die ISO 6941 Brandschutznorm ist eine wichtige Norm, die ein Verfahren zur Bewertung der Flammenausbreitung entlang vertikal ausgerichteter Textilgewebe und -baugruppen festlegt.\" \/>\n<meta property=\"og:url\" content=\"https:\/\/gulec.com\/de\/brandschutznormen\/iso-6941-brandschutznorm\/\" \/>\n<meta property=\"og:site_name\" content=\"Gulec Chemicals\" \/>\n<meta property=\"article:publisher\" content=\"https:\/\/www.facebook.com\/gulecchemicals\/\" \/>\n<meta property=\"article:modified_time\" content=\"2026-04-30T14:07:22+00:00\" \/>\n<meta property=\"og:image\" content=\"http:\/\/gulec.com\/wp-content\/uploads\/2023\/12\/Gulec_Chemicals_Flame_Retardants_for_fire_standard_ISO6941_curtain.jpg\" \/>\n<meta name=\"twitter:card\" content=\"summary_large_image\" \/>\n<meta name=\"twitter:label1\" content=\"Gesch\u00e4tzte Lesezeit\" \/>\n\t<meta name=\"twitter:data1\" content=\"2\u00a0Minuten\" \/>\n<script type=\"application\/ld+json\" class=\"yoast-schema-graph\">{\"@context\":\"https:\/\/schema.org\",\"@graph\":[{\"@type\":\"WebPage\",\"@id\":\"https:\/\/gulec.com\/de\/brandschutznormen\/iso-6941-brandschutznorm\/\",\"url\":\"https:\/\/gulec.com\/de\/brandschutznormen\/iso-6941-brandschutznorm\/\",\"name\":\"ISO 6941 Brandpr\u00fcfnorm - Gulec Chemicals\",\"isPartOf\":{\"@id\":\"https:\/\/gulec-chem.gulec.com\/de\/#website\"},\"primaryImageOfPage\":{\"@id\":\"https:\/\/gulec.com\/de\/brandschutznormen\/iso-6941-brandschutznorm\/#primaryimage\"},\"image\":{\"@id\":\"https:\/\/gulec.com\/de\/brandschutznormen\/iso-6941-brandschutznorm\/#primaryimage\"},\"thumbnailUrl\":\"http:\/\/gulec.com\/wp-content\/uploads\/2023\/12\/Gulec_Chemicals_Flame_Retardants_for_fire_standard_ISO6941_curtain.jpg\",\"datePublished\":\"2023-12-01T08:47:57+00:00\",\"dateModified\":\"2026-04-30T14:07:22+00:00\",\"description\":\"Die ISO 6941 Brandschutznorm ist eine wichtige Norm, die ein Verfahren zur Bewertung der Flammenausbreitung entlang vertikal ausgerichteter Textilgewebe und -baugruppen festlegt.\",\"breadcrumb\":{\"@id\":\"https:\/\/gulec.com\/de\/brandschutznormen\/iso-6941-brandschutznorm\/#breadcrumb\"},\"inLanguage\":\"de\",\"potentialAction\":[{\"@type\":\"ReadAction\",\"target\":[\"https:\/\/gulec.com\/de\/brandschutznormen\/iso-6941-brandschutznorm\/\"]}]},{\"@type\":\"ImageObject\",\"inLanguage\":\"de\",\"@id\":\"https:\/\/gulec.com\/de\/brandschutznormen\/iso-6941-brandschutznorm\/#primaryimage\",\"url\":\"http:\/\/gulec.com\/wp-content\/uploads\/2023\/12\/Gulec_Chemicals_Flame_Retardants_for_fire_standard_ISO6941_curtain.jpg\",\"contentUrl\":\"http:\/\/gulec.com\/wp-content\/uploads\/2023\/12\/Gulec_Chemicals_Flame_Retardants_for_fire_standard_ISO6941_curtain.jpg\"},{\"@type\":\"BreadcrumbList\",\"@id\":\"https:\/\/gulec.com\/de\/brandschutznormen\/iso-6941-brandschutznorm\/#breadcrumb\",\"itemListElement\":[{\"@type\":\"ListItem\",\"position\":1,\"name\":\"Home\",\"item\":\"https:\/\/analytics1.archive.gerphos.bio\/\"},{\"@type\":\"ListItem\",\"position\":2,\"name\":\"Brandpr\u00fcfnorm\",\"item\":\"https:\/\/office.gulec-chem.com\/de\/brandschutznormen\/\"},{\"@type\":\"ListItem\",\"position\":3,\"name\":\"ISO 6941 Brandpr\u00fcfnorm\"}]},{\"@type\":\"WebSite\",\"@id\":\"https:\/\/gulec-chem.gulec.com\/de\/#website\",\"url\":\"https:\/\/gulec-chem.gulec.com\/de\/\",\"name\":\"Gulec Chemicals\",\"description\":\"Producer of next-generation flame retardants\",\"publisher\":{\"@id\":\"https:\/\/gulec-chem.gulec.com\/de\/#organization\"},\"potentialAction\":[{\"@type\":\"SearchAction\",\"target\":{\"@type\":\"EntryPoint\",\"urlTemplate\":\"https:\/\/gulec-chem.gulec.com\/de\/?s={search_term_string}\"},\"query-input\":{\"@type\":\"PropertyValueSpecification\",\"valueRequired\":true,\"valueName\":\"search_term_string\"}}],\"inLanguage\":\"de\"},{\"@type\":\"Organization\",\"@id\":\"https:\/\/gulec-chem.gulec.com\/de\/#organization\",\"name\":\"Gulec Chemicals\",\"url\":\"https:\/\/gulec-chem.gulec.com\/de\/\",\"logo\":{\"@type\":\"ImageObject\",\"inLanguage\":\"de\",\"@id\":\"https:\/\/gulec-chem.gulec.com\/de\/#\/schema\/logo\/image\/\",\"url\":\"https:\/\/gulec.com\/wp-content\/uploads\/2023\/10\/cropped-Gulec_Logo_White.png\",\"contentUrl\":\"https:\/\/gulec.com\/wp-content\/uploads\/2023\/10\/cropped-Gulec_Logo_White.png\",\"width\":1200,\"height\":372,\"caption\":\"Gulec Chemicals\"},\"image\":{\"@id\":\"https:\/\/gulec-chem.gulec.com\/de\/#\/schema\/logo\/image\/\"},\"sameAs\":[\"https:\/\/www.facebook.com\/gulecchemicals\/\",\"https:\/\/www.linkedin.com\/company\/gulecchem\/\",\"https:\/\/www.instagram.com\/gulecchemicals\"]}]}<\/script>\n<!-- \/ Yoast SEO Premium plugin. -->","yoast_head_json":{"title":"ISO 6941 Brandpr\u00fcfnorm - Gulec Chemicals","description":"Die ISO 6941 Brandschutznorm ist eine wichtige Norm, die ein Verfahren zur Bewertung der Flammenausbreitung entlang vertikal ausgerichteter Textilgewebe und -baugruppen festlegt.","robots":{"index":"index","follow":"follow","max-snippet":"max-snippet:-1","max-image-preview":"max-image-preview:large","max-video-preview":"max-video-preview:-1"},"canonical":"https:\/\/gulec.com\/de\/brandschutznormen\/iso-6941-brandschutznorm\/","og_locale":"de_DE","og_type":"article","og_title":"ISO 6941 Brandpr\u00fcfnorm","og_description":"Die ISO 6941 Brandschutznorm ist eine wichtige Norm, die ein Verfahren zur Bewertung der Flammenausbreitung entlang vertikal ausgerichteter Textilgewebe und -baugruppen festlegt.","og_url":"https:\/\/gulec.com\/de\/brandschutznormen\/iso-6941-brandschutznorm\/","og_site_name":"Gulec Chemicals","article_publisher":"https:\/\/www.facebook.com\/gulecchemicals\/","article_modified_time":"2026-04-30T14:07:22+00:00","og_image":[{"url":"http:\/\/gulec.com\/wp-content\/uploads\/2023\/12\/Gulec_Chemicals_Flame_Retardants_for_fire_standard_ISO6941_curtain.jpg","type":"","width":"","height":""}],"twitter_card":"summary_large_image","twitter_misc":{"Gesch\u00e4tzte Lesezeit":"2\u00a0Minuten"},"schema":{"@context":"https:\/\/schema.org","@graph":[{"@type":"WebPage","@id":"https:\/\/gulec.com\/de\/brandschutznormen\/iso-6941-brandschutznorm\/","url":"https:\/\/gulec.com\/de\/brandschutznormen\/iso-6941-brandschutznorm\/","name":"ISO 6941 Brandpr\u00fcfnorm - Gulec Chemicals","isPartOf":{"@id":"https:\/\/gulec-chem.gulec.com\/de\/#website"},"primaryImageOfPage":{"@id":"https:\/\/gulec.com\/de\/brandschutznormen\/iso-6941-brandschutznorm\/#primaryimage"},"image":{"@id":"https:\/\/gulec.com\/de\/brandschutznormen\/iso-6941-brandschutznorm\/#primaryimage"},"thumbnailUrl":"http:\/\/gulec.com\/wp-content\/uploads\/2023\/12\/Gulec_Chemicals_Flame_Retardants_for_fire_standard_ISO6941_curtain.jpg","datePublished":"2023-12-01T08:47:57+00:00","dateModified":"2026-04-30T14:07:22+00:00","description":"Die ISO 6941 Brandschutznorm ist eine wichtige Norm, die ein Verfahren zur Bewertung der Flammenausbreitung entlang vertikal ausgerichteter Textilgewebe und -baugruppen festlegt.","breadcrumb":{"@id":"https:\/\/gulec.com\/de\/brandschutznormen\/iso-6941-brandschutznorm\/#breadcrumb"},"inLanguage":"de","potentialAction":[{"@type":"ReadAction","target":["https:\/\/gulec.com\/de\/brandschutznormen\/iso-6941-brandschutznorm\/"]}]},{"@type":"ImageObject","inLanguage":"de","@id":"https:\/\/gulec.com\/de\/brandschutznormen\/iso-6941-brandschutznorm\/#primaryimage","url":"http:\/\/gulec.com\/wp-content\/uploads\/2023\/12\/Gulec_Chemicals_Flame_Retardants_for_fire_standard_ISO6941_curtain.jpg","contentUrl":"http:\/\/gulec.com\/wp-content\/uploads\/2023\/12\/Gulec_Chemicals_Flame_Retardants_for_fire_standard_ISO6941_curtain.jpg"},{"@type":"BreadcrumbList","@id":"https:\/\/gulec.com\/de\/brandschutznormen\/iso-6941-brandschutznorm\/#breadcrumb","itemListElement":[{"@type":"ListItem","position":1,"name":"Home","item":"https:\/\/analytics1.archive.gerphos.bio\/"},{"@type":"ListItem","position":2,"name":"Brandpr\u00fcfnorm","item":"https:\/\/office.gulec-chem.com\/de\/brandschutznormen\/"},{"@type":"ListItem","position":3,"name":"ISO 6941 Brandpr\u00fcfnorm"}]},{"@type":"WebSite","@id":"https:\/\/gulec-chem.gulec.com\/de\/#website","url":"https:\/\/gulec-chem.gulec.com\/de\/","name":"Gulec Chemicals","description":"Producer of next-generation flame retardants","publisher":{"@id":"https:\/\/gulec-chem.gulec.com\/de\/#organization"},"potentialAction":[{"@type":"SearchAction","target":{"@type":"EntryPoint","urlTemplate":"https:\/\/gulec-chem.gulec.com\/de\/?s={search_term_string}"},"query-input":{"@type":"PropertyValueSpecification","valueRequired":true,"valueName":"search_term_string"}}],"inLanguage":"de"},{"@type":"Organization","@id":"https:\/\/gulec-chem.gulec.com\/de\/#organization","name":"Gulec Chemicals","url":"https:\/\/gulec-chem.gulec.com\/de\/","logo":{"@type":"ImageObject","inLanguage":"de","@id":"https:\/\/gulec-chem.gulec.com\/de\/#\/schema\/logo\/image\/","url":"https:\/\/gulec.com\/wp-content\/uploads\/2023\/10\/cropped-Gulec_Logo_White.png","contentUrl":"https:\/\/gulec.com\/wp-content\/uploads\/2023\/10\/cropped-Gulec_Logo_White.png","width":1200,"height":372,"caption":"Gulec Chemicals"},"image":{"@id":"https:\/\/gulec-chem.gulec.com\/de\/#\/schema\/logo\/image\/"},"sameAs":["https:\/\/www.facebook.com\/gulecchemicals\/","https:\/\/www.linkedin.com\/company\/gulecchem\/","https:\/\/www.instagram.com\/gulecchemicals"]}]}},"_links":{"self":[{"href":"https:\/\/gulec.com\/de\/wp-json\/wp\/v2\/pages\/3895","targetHints":{"allow":["GET"]}}],"collection":[{"href":"https:\/\/gulec.com\/de\/wp-json\/wp\/v2\/pages"}],"about":[{"href":"https:\/\/gulec.com\/de\/wp-json\/wp\/v2\/types\/page"}],"author":[{"embeddable":true,"href":"https:\/\/gulec.com\/de\/wp-json\/wp\/v2\/users\/1"}],"replies":[{"embeddable":true,"href":"https:\/\/gulec.com\/de\/wp-json\/wp\/v2\/comments?post=3895"}],"version-history":[{"count":6,"href":"https:\/\/gulec.com\/de\/wp-json\/wp\/v2\/pages\/3895\/revisions"}],"predecessor-version":[{"id":3917,"href":"https:\/\/gulec.com\/de\/wp-json\/wp\/v2\/pages\/3895\/revisions\/3917"}],"up":[{"embeddable":true,"href":"https:\/\/gulec.com\/de\/wp-json\/wp\/v2\/pages\/3873"}],"wp:attachment":[{"href":"https:\/\/gulec.com\/de\/wp-json\/wp\/v2\/media?parent=3895"}],"curies":[{"name":"wp","href":"https:\/\/api.w.org\/{rel}","templated":true}]}}